{"id":14565,"date":"2019-09-26T16:47:48","date_gmt":"2019-09-26T14:47:48","guid":{"rendered":"https:\/\/www.audioibiza.com\/?post_type=product&#038;p=14565"},"modified":"2025-10-29T15:42:14","modified_gmt":"2025-10-29T14:42:14","slug":"sennheiser-hd25-light","status":"publish","type":"product","link":"https:\/\/www.audioibiza.com\/index.php\/sennheiser-hd25-light\/","title":{"rendered":"Auriculares DJ SENNHEISER HD25 Light"},"content":{"rendered":"<p><iframe title=\"Sennheiser HD 25 Light Headphones | Gear4music\" width=\"840\" height=\"473\" src=\"https:\/\/www.youtube.com\/embed\/5pi18elMgfg?feature=oembed\" frameborder=\"0\" allow=\"accelerometer; autoplay; clipboard-write; encrypted-media; gyroscope; picture-in-picture; web-share\" referrerpolicy=\"strict-origin-when-cross-origin\" allowfullscreen><\/iframe><\/p>\n<p>\u00a0<\/p>\n<h1>Auriculares DJ Sennheiser HD25 Light<\/h1>\n<p>Los auriculares dj <a href=\"https:\/\/www.audioibiza.com\/index.php\/sennheiser-hd25-light\/\">Sennheiser HD25 Light<\/a> est\u00e1n dise\u00f1ados especialmente para aplicaciones de monitoreo profesional, estos aud\u00edfonos proporcionan una excelente atenuaci\u00f3n del ruido ambiente.<\/p>\n<p>Son capaces de manejar altos niveles de presi\u00f3n de sonido y tienen un excepcional desempe\u00f1o en ambientes sumamente ruidosos, como por ejemplo en los servicios de noticias y presentaciones en vivo, los ambientes de estudio y las pruebas de equipo de audio.<\/p>\n<p>Su c\u00e1psula giratoria permite escuchar de un solo lado, lo que hace de los HD 25 Light los aud\u00edfonos de monitoreo ideales para DJs<\/p>\n<h2 class=\"section__headline\">Caracter\u00edsticas clave<\/h2>\n<ul class=\"feature_list\">\n<li>Aud\u00edfonos para cerrados y supraaurales para DJ, aptos para usarse en ambientes con ruido elevado.<\/li>\n<li>Excelente reproducci\u00f3n de sonido: bajos enfatizados y agudos aumentados<\/li>\n<li>Ligeros y c\u00f3modos, incluso si se usan durante periodos largos<\/li>\n<li>Extremadamente resistentes, hechos para usarse todos los d\u00edas<\/li>\n<li>Capaz de manejar niveles de presi\u00f3n sonora muy altos<\/li>\n<li>Cable de dos lados, desmontable, de 3 m<\/li>\n<\/ul>\n<h2 class=\"section__headline\">Especificaciones<\/h2>\n<ul class=\"definitions__list__root\">\n<li class=\"definitions__list__row\">\n<dl class=\"layout\">\n<dt class=\"definitions__list__term layout__item is-1-of-1-palm is-1-of-1-lap-up\"><span style=\"color: #999999;\">Color <\/span><span style=\"color: #999999;\">negro<\/span><\/dt>\n<\/dl>\n<\/li>\n<li class=\"definitions__list__row\">\n<dl class=\"layout\">\n<dt class=\"definitions__list__term layout__item is-1-of-1-palm is-1-of-1-lap-up\"><span style=\"color: #999999;\">Respuesta de\u00a0 frecuencia\u00a0 <\/span><span style=\"color: #999999;\">30 \u2013 16000 Hz<\/span><\/dt>\n<\/dl>\n<\/li>\n<li class=\"definitions__list__row\">\n<dl class=\"layout\">\n<dt class=\"definitions__list__term layout__item is-1-of-1-palm is-1-of-1-lap-up\"><span style=\"color: #999999;\">THD, distorsi\u00f3n arm\u00f3nica total <\/span><span style=\"color: #999999;\"><0,4 %<\/span><\/dt>\n<\/dl>\n<\/li>\n<li class=\"definitions__list__row\">\n<dl class=\"layout\">\n<dt class=\"definitions__list__term layout__item is-1-of-1-palm is-1-of-1-lap-up\"><span style=\"color: #999999;\">Presi\u00f3n de contacto <\/span><span style=\"color: #999999;\">~ 3 N<\/span><\/dt>\n<\/dl>\n<\/li>\n<li class=\"definitions__list__row\">\n<dl class=\"layout\">\n<dt class=\"definitions__list__term layout__item is-1-of-1-palm is-1-of-1-lap-up\"><span style=\"color: #999999;\">Acoplamiento al oido<\/span><span style=\"color: #999999;\">\u00a0supraaural<\/span><\/dt>\n<\/dl>\n<\/li>\n<li class=\"definitions__list__row\">\n<dl class=\"layout\">\n<dt class=\"definitions__list__term layout__item is-1-of-1-palm is-1-of-1-lap-up\"><span style=\"color: #999999;\">Clavija hembra\/rec\u00e9pt\u00e1culo hembra <\/span><span style=\"color: #999999;\">jack 3.5 mm \/ 6.5 mm est\u00e9reo<\/span><\/dt>\n<\/dl>\n<\/li>\n<li class=\"definitions__list__row\">\n<dl class=\"layout\">\n<dt class=\"definitions__list__term layout__item is-1-of-1-palm is-1-of-1-lap-up\"><span style=\"color: #999999;\">Longitud del cable <\/span><span style=\"color: #999999;\">3 m, cable recto<\/span><\/dt>\n<\/dl>\n<\/li>\n<li class=\"definitions__list__row\">\n<dl class=\"layout\">\n<dt class=\"definitions__list__term layout__item is-1-of-1-palm is-1-of-1-lap-up\"><span style=\"color: #999999;\">Principio del transductor <\/span><span style=\"color: #999999;\">din\u00e1mico, cerrado<\/span><\/dt>\n<\/dl>\n<\/li>\n<li class=\"definitions__list__row\">\n<dl class=\"layout\">\n<dt class=\"definitions__list__term layout__item is-1-of-1-palm is-1-of-1-lap-up\"><span style=\"color: #999999;\">Peso <\/span><span style=\"color: #999999;\">115 g<\/span><\/dt>\n<\/dl>\n<\/li>\n<li class=\"definitions__list__row\">\n<dl class=\"layout\">\n<dt class=\"definitions__list__term layout__item is-1-of-1-palm is-1-of-1-lap-up\"><span style=\"color: #999999;\">Impedancia nominal <\/span><span style=\"color: #999999;\">60 \u03a9<\/span><\/dt>\n<\/dl>\n<\/li>\n<li class=\"definitions__list__row\">\n<dl class=\"layout\">\n<dt class=\"definitions__list__term layout__item is-1-of-1-palm is-1-of-1-lap-up\"><span style=\"color: #999999;\">Valor nominal de carga <\/span><span style=\"color: #999999;\">200 mW est\u00e9reo<\/span><\/dt>\n<\/dl>\n<\/li>\n<li class=\"definitions__list__row\">\n<dl class=\"layout\">\n<dt class=\"definitions__list__term layout__item is-1-of-1-palm is-1-of-1-lap-up\"><span style=\"color: #999999;\">Max. nivel de presi\u00f3n de sonido <\/span><span style=\"color: #999999;\">114 dB (1 kHz, 1 Vrms)<\/span><\/dt>\n<\/dl>\n<\/li>\n<\/ul>\n<h3 class=\"section__headline\">Qu\u00e9 hay en la caja<\/h3>\n<ul class=\"supply_scope\">\n<li>1 HD 25 LIGHT<\/li>\n<li>Adaptador jack de 3.5 a 6.3 mm<\/li>\n<\/ul>\n<p>\u00a0<\/p>\n<p>Para m\u00e1s informaci\u00f3n sobre el producto:<\/p>\n<p><a href=\"https:\/\/www.sennheiser.com\/es-mx\/catalog\/products\/auriculares\/hd-25-light\/hd-25-light-508664\" target=\"_blank\" rel=\"noopener\">https:\/\/www.sennheiser.com\/es-mx\/catalog\/products\/auriculares\/hd-25-light\/hd-25-light-508664<\/a><\/p>\n","protected":false},"excerpt":{"rendered":"<h4>Auriculares DJ Sennheiser HD25 Light<\/h4>\n","protected":false},"featured_media":14566,"template":"","meta":[],"product_cat":[665,737,738],"product_tag":[],"class_list":{"0":"post-14565","1":"product","2":"type-product","3":"status-publish","4":"has-post-thumbnail","6":"product_brand-sennheiser","7":"product_cat-dj","8":"product_cat-auriculares","9":"product_cat-auriculares-dj","10":"product_shipping_class-pequeno-y-barato-10","12":"first","13":"instock","14":"taxable","15":"shipping-taxable","16":"purchasable","17":"product-type-simple","18":"col-xs-6 col-sm-4","19":"col-md-3 col-lg-3","20":"un-4-cols"},"_links":{"self":[{"href":"https:\/\/www.audioibiza.com\/index.php\/wp-json\/wp\/v2\/product\/14565","targetHints":{"allow":["GET"]}}],"collection":[{"href":"https:\/\/www.audioibiza.com\/index.php\/wp-json\/wp\/v2\/product"}],"about":[{"href":"https:\/\/www.audioibiza.com\/index.php\/wp-json\/wp\/v2\/types\/product"}],"wp:featuredmedia":[{"embeddable":true,"href":"https:\/\/www.audioibiza.com\/index.php\/wp-json\/wp\/v2\/media\/14566"}],"wp:attachment":[{"href":"https:\/\/www.audioibiza.com\/index.php\/wp-json\/wp\/v2\/media?parent=14565"}],"wp:term":[{"taxonomy":"product_cat","embeddable":true,"href":"https:\/\/www.audioibiza.com\/index.php\/wp-json\/wp\/v2\/product_cat?post=14565"},{"taxonomy":"product_tag","embeddable":true,"href":"https:\/\/www.audioibiza.com\/index.php\/wp-json\/wp\/v2\/product_tag?post=14565"}],"curies":[{"name":"wp","href":"https:\/\/api.w.org\/{rel}","templated":true}]}}