{"id":14463,"date":"2019-09-25T18:23:01","date_gmt":"2019-09-25T16:23:01","guid":{"rendered":"https:\/\/www.audioibiza.com\/?post_type=product&#038;p=14463"},"modified":"2025-01-30T13:26:41","modified_gmt":"2025-01-30T12:26:41","slug":"mesa-de-mezclas-yamaha-mg10xu","status":"publish","type":"product","link":"https:\/\/www.audioibiza.com\/index.php\/mesa-de-mezclas-yamaha-mg10xu\/","title":{"rendered":"Mesa de mezclas YAMAHA MG10XU"},"content":{"rendered":"<p><iframe title=\"Yamaha New MG Series Mixing Consoles: MG20XU\/16XU\/12XU\/10XU\/06X MG20\/16\/12\/10\/06\" width=\"840\" height=\"473\" src=\"https:\/\/www.youtube.com\/embed\/-4HYwlp8jEw?feature=oembed\" frameborder=\"0\" allow=\"accelerometer; autoplay; clipboard-write; encrypted-media; gyroscope; picture-in-picture; web-share\" referrerpolicy=\"strict-origin-when-cross-origin\" allowfullscreen><\/iframe><\/p>\n<h1>Mesa de mezclas YAMAHA MG10XU<\/h1>\n<p>Durante m\u00e1s de un siglo, Yamaha ha construido un excepcional legado de artesan\u00eda e innovaci\u00f3n que tiene su reflejo en todos nuestros productos, desde un incomparable cat\u00e1logo de instrumentos musicales de primer nivel hasta el audio profesional utilizado en grandes giras.<\/p>\n<p>La serie MG encarna esta b\u00fasqueda de la excelencia en el dise\u00f1o e incorpora algunas de las tecnolog\u00edas desarrolladas para las mesas profesionales de alta gama, incluyendo pre-amplificadores con calidad de estudio, potentes procesadores de efectos digitales y una construcci\u00f3n resistente y fiable.<\/p>\n<p>Con una interfaz intuitiva y f\u00e1cil de utilizar, la serie <a href=\"https:\/\/www.audioibiza.com\/index.php\/mesa-de-mezclas-yamaha-mg10xu\/\">MG<\/a> cuenta con una amplia gama de mesas de mezclas compactas, modelos que van desde seis a veinte canales, indicadas para muy diversas aplicaciones y usuarios.<\/p>\n<p>La construcci\u00f3n s\u00f3lida y la flexibilidad de prestaciones de estas mesas permiten dar forma al sonido con plenas garant\u00edas, siempre con el mejor rendimiento y una calidad de sonido y una fiabilidad inigualables en mesas de su clase<\/p>\n<h2>Caracteristicas Principales<\/h2>\n<div id=\"d282897\" class=\"product-lineup-full-width\">\n<div class=\"container-fluid\">\n<div class=\"row\">\n<div class=\"col-xs-12 col-sm-8\">\n<p>Mesa de mezclas de 10 canales: m\u00e1ximo 4 entradas de micro\/10 de l\u00ednea (4 mono + 3 est\u00e9reo); 1 bus est\u00e9reo; 1 env\u00edo AUX (incluyendo env\u00edo para efectos).<\/p>\n<ul>\n<li>Mesa de mezclas de 10 canales<\/li>\n<li>Hasta un m\u00e1ximo de 4 entradas de micro\/10 de l\u00ednea (4 mono + 3 est\u00e9reo)<\/li>\n<li>1 bus est\u00e9reo<\/li>\n<li>1 env\u00edo AUX (incluyendo env\u00edo para efectos)<\/li>\n<li>Preamplificadores de micro \u201cD-PRE\u201d con circuito Darlington invertido<\/li>\n<li>Compresores de mando \u00fanico<\/li>\n<li>Efectos de alta calidad: procesador SPX con 24 programas<\/li>\n<li>Funciones de audio USB: 2 entradas\/2 salidas a 24 bits\/192 kHz<\/li>\n<li>Funciona con iPad (2 o posterior) mediante el kit \u201cCamera Connection\u201d o el adaptador Lightning a USB para c\u00e1maras de Apple.<\/li>\n<li>Incluye la versi\u00f3n de descarga del software Cubase AI DAW<\/li>\n<li>Interruptor de atenuaci\u00f3n (PAD) en las entradas mono<\/li>\n<li>Alimentaci\u00f3n phantom +48 V<\/li>\n<li>Salidas XLR balanceadas<\/li>\n<li>Chasis met\u00e1lico<\/li>\n<li>Dimensiones (ancho x alto x profundo): 244 mm x 71 mm x 294 mm<\/li>\n<li>Peso neto: 2,1 kg<\/li>\n<\/ul>\n<\/div>\n<\/div>\n<\/div>\n<\/div>\n<p>\u00a0<\/p>\n<p>Para m\u00e1s informaci\u00f3n del producto:<\/p>\n<p><a href=\"https:\/\/es.yamaha.com\/es\/products\/proaudio\/mixers\/mg_series_xu_model\/index.html\" target=\"_blank\" rel=\"noopener\">https:\/\/es.yamaha.com\/es\/products\/proaudio\/mixers\/mg_series_xu_model\/index.html<\/a><\/p>\n<div id=\"d1159262\" class=\"product-lineup-full-width\">\n<div class=\"container-fluid\">\n<div class=\"row\">\n<div class=\"col-xs-12 col-sm-4\"><\/div>\n<\/div>\n<\/div>\n<\/div>\n","protected":false},"excerpt":{"rendered":"<h4>MESA DE MEZCLAS YAMAHA MG10XU. Mesa de mezcla anal\u00f3gica de 10 canales (4 mono + 3 ST\/4 mic), Nuevos previos D-PRE, 1 env\u00edo aux, salida master. Efecto Digital SPX con 24 prog. Puerto USB 24bit-192kHz, Cubase AI.<\/h4>\n","protected":false},"featured_media":15930,"template":"","meta":[],"product_cat":[661,688,687],"product_tag":[],"class_list":{"0":"post-14463","1":"product","2":"type-product","3":"status-publish","4":"has-post-thumbnail","6":"product_brand-yamaha","7":"product_cat-audio-profesional","8":"product_cat-live-directo","9":"product_cat-mesa-de-mezclas","10":"product_shipping_class-mediano-y-barato-16","12":"first","13":"instock","14":"taxable","15":"shipping-taxable","16":"purchasable","17":"product-type-simple","18":"col-xs-6 col-sm-4","19":"col-md-3 col-lg-3","20":"un-4-cols"},"_links":{"self":[{"href":"https:\/\/www.audioibiza.com\/index.php\/wp-json\/wp\/v2\/product\/14463","targetHints":{"allow":["GET"]}}],"collection":[{"href":"https:\/\/www.audioibiza.com\/index.php\/wp-json\/wp\/v2\/product"}],"about":[{"href":"https:\/\/www.audioibiza.com\/index.php\/wp-json\/wp\/v2\/types\/product"}],"wp:featuredmedia":[{"embeddable":true,"href":"https:\/\/www.audioibiza.com\/index.php\/wp-json\/wp\/v2\/media\/15930"}],"wp:attachment":[{"href":"https:\/\/www.audioibiza.com\/index.php\/wp-json\/wp\/v2\/media?parent=14463"}],"wp:term":[{"taxonomy":"product_cat","embeddable":true,"href":"https:\/\/www.audioibiza.com\/index.php\/wp-json\/wp\/v2\/product_cat?post=14463"},{"taxonomy":"product_tag","embeddable":true,"href":"https:\/\/www.audioibiza.com\/index.php\/wp-json\/wp\/v2\/product_tag?post=14463"}],"curies":[{"name":"wp","href":"https:\/\/api.w.org\/{rel}","templated":true}]}}