{"id":14380,"date":"2019-09-25T13:15:33","date_gmt":"2019-09-25T11:15:33","guid":{"rendered":"https:\/\/www.audioibiza.com\/?post_type=product&#038;p=14380"},"modified":"2026-01-16T12:16:30","modified_gmt":"2026-01-16T11:16:30","slug":"mesa-de-mezclas-pioneer-dj-djm-750mk2","status":"publish","type":"product","link":"https:\/\/www.audioibiza.com\/index.php\/mesa-de-mezclas-pioneer-dj-djm-750mk2\/","title":{"rendered":"Mesa de mezclas PIONEER DJ DJM-750MK2"},"content":{"rendered":"<p><iframe title=\"Pioneer DJ DJM-750MK2 Official Introduction\" width=\"840\" height=\"473\" src=\"https:\/\/www.youtube.com\/embed\/9kixFhc1tg0?feature=oembed\" frameborder=\"0\" allow=\"accelerometer; autoplay; clipboard-write; encrypted-media; gyroscope; picture-in-picture; web-share\" referrerpolicy=\"strict-origin-when-cross-origin\" allowfullscreen><\/iframe><\/p>\n<h1>Mesa de mezclas PIONEER DJ DJM-750MK2<\/h1>\n<p>La <a href=\"https:\/\/www.audioibiza.com\/index.php\/mesa-de-mezclas-pioneer-dj-djm-750mk2\/\">mesa de mezclas Pioneer DJ DJM-750MK2<\/a>, una mesa de mezclas de 4 canales, hereda caracter\u00edsticas claves y elementos de dise\u00f1o de la <a href=\"https:\/\/www.pioneerdj.com\/es-es\/product\/mixer\/djm-900nxs2\/black\/overview\/\" target=\"_blank\" rel=\"noopener\">DJM-900NXS2<\/a>, y crea una configuraci\u00f3n con estilo club al combinarla con nuestros multireproductores profesionales CDJ o XDJ.<\/p>\n<p>Puedes realizar mezclas ininterrumpidas en la DJM-750MK2 gracias a las suaves curvas de los ecualizadores y a los faders de canal. El crossfader Magvel, heredado de la DJM-900NXS2, proporciona una respuesta precisa y una sensaci\u00f3n de seguridad incluso durante complicadas t\u00e9cnicas de scratch.<\/p>\n<ul>\n<li>\n<div class=\"feature\">\n<div class=\"head\">\n<h2 class=\"h3\">DISE\u00d1O PROFESIONAL<\/h2>\n<\/div>\n<div class=\"body\">\n<p>Mezclar en la DJM-750MK2 es instintivo gracias a su dise\u00f1o con 4 canales y una pantalla basada en la mesa de mezclas profesional\u00a0DJM-900NXS2, lo que te permite practicar en las condiciones del club.<\/p>\n<\/div>\n<\/div>\n<\/li>\n<li>\n<div class=\"feature compact\">\n<div class=\"head\">\n<h2 class=\"h3\">PRO FX CON CONTROL DETALLADO<\/h2>\n<\/div>\n<div class=\"body\">\n<p>A\u00f1ade textura y estilo a tus mezclas con FX profesionales heredados de la DJM-900NXS2. 2 unidades de efectos combinan Sound Color FX y Beat FX &#8211; incluyendo FX Frequency &#8211; que te da la libertad de ser creativo con el sonido, sin perder el control.<\/p>\n<\/div>\n<\/div>\n<\/li>\n<li>\n<div class=\"feature compact\">\n<div class=\"head\">\n<h2 class=\"h3\">SEND\/RETURN INDEPENDIENTES<\/h2>\n<\/div>\n<div class=\"body\">\n<p>Elige entre Aux o Insert send\/return para conectar diferentes tipos de unidades de FX que soporten dispositivos iOS, como aplicaciones FX, sintetizadores y samplers, y comb\u00ednalos con los FX internos de la mesa. Una conexi\u00f3n sencilla a trav\u00e9s de USB garantizar\u00e1 un sonido de alta calidad<\/p>\n<\/div>\n<\/div>\n<\/li>\n<li>\n<div class=\"feature compact\">\n<div class=\"head\">\n<h2 class=\"h3\">CALIDAD DE SONIDO PROFESIONAL<\/h2>\n<\/div>\n<div class=\"body\">\n<p>Tanto si reproduces fuentes digitales o anal\u00f3gicas, el procesador de se\u00f1al digital de 64 bits, la tecnolog\u00eda de tramado, el convertidor A\/D de 32 bits y el convertidor D\/A de 32 bits, crean sonido de alta calidad.<\/p>\n<\/div>\n<\/div>\n<\/li>\n<li>\n<div class=\"feature compact\">\n<div class=\"head\">\n<h2 class=\"h3\">EQS Y FADERS SUAVES<\/h2>\n<\/div>\n<div class=\"body\">\n<p>Los ecualizadores y los faders de canal de la DJM-750MK2 tienen curvas equivalentes a las de la DJM-900NXS2, la que tambi\u00e9n inspir\u00f3 el crossfader Magvel. Este \u00faltimo es suave, preciso y duradero para m\u00e1s de 10 millones de movimientos y su retraso de corte ha sido mejorado para un rendimiento m\u00e1s seguro y sensible<\/p>\n<\/div>\n<\/div>\n<\/li>\n<li>\n<div class=\"feature compact\">\n<div class=\"head\">\n<h2 class=\"h3\">REKORDBOX DJ INCLUIDO<\/h2>\n<\/div>\n<div class=\"body\">\n<p>Esta mesa de mezclas incluye una clave de licencia gratuita para nuestra aplicaci\u00f3n\u00a0<a href=\"https:\/\/www.pioneerdj.com\/es-es\/product\/software\/rekordbox\/software\/overview\/\" target=\"_blank\" rel=\"noopener\">rekordbox dj<\/a>. Simplemente activa tu clave de licencia, conecta tu ordenador v\u00eda USB, y comienza a pinchar.<\/p>\n<\/div>\n<\/div>\n<\/li>\n<li>\n<div class=\"feature compact active\">\n<div class=\"head\">\n<h2 class=\"h3\">REKORDBOX DVS INCLUIDO<\/h2>\n<\/div>\n<div class=\"body\">\n<p>Tambi\u00e9n se incluye una clave de licencia gratuita de\u00a0<a href=\"https:\/\/www.pioneerdj.com\/es-es\/product\/software\/rekordbox\/software\/overview\" target=\"_blank\" rel=\"noopener\">rekordbox dvs<\/a>\u00a0para realizar scratching de baja latencia con CDJs y XDJs. O pincha con pistas desde tu biblioteca rekordbox utilizando un giradiscos anal\u00f3gico y\u00a0<a href=\"https:\/\/www.pioneerdj.com\/es-es\/product\/accessories\/rb-vs1-k\/time-code\/overview\/\" target=\"_blank\" rel=\"noopener\">Control Vinyl<\/a>\u00a0(a la venta por separado).<\/p>\n<\/div>\n<\/div>\n<p>&nbsp;<\/li>\n<\/ul>\n<h3>Dos salidas de auriculares<\/h3>\n<p>La DJM-750MK2 te permite conectar un jack est\u00e9reo de \u00bc de pulgada y un mini jack de 3.5-mm. Elige tu tama\u00f1o o conecta 2 auriculares cuando actu\u00e9is dos DJs<\/p>\n<h3>Conexi\u00f3n flexible<\/h3>\n<p>El terminal XLR los RCA chapados en oro, proporcionar una calidad de sonido superior en todas las conexiones<\/p>\n<h3>Secci\u00f3n MIC independiente<\/h3>\n<p>Utiliza un micr\u00f3fono independientemente del canal de entrada.<\/p>\n<h3>Control DVS para TRAKTOR<\/h3>\n<p>Esta unidad admite el control DVS del software DJ\u00a0<a class=\"lnk-external\" href=\"http:\/\/www.native-instruments.com\/en\/products\/traktor\/dj-software\/traktor-pro-2\/\" target=\"_blank\" rel=\"noopener noreferrer\">TRAKTOR SCRATCH PRO 2\u00a0<\/a>\u00a0de Native Instruments. Conecta tu PC\/Mac en esta unidad y utiliza el control TRAKTOR SCRATCH PRO 2 (control de vinilo o CD) para controlar intuitivamente y scratchear con archivos de audio digitales almacenados en tu ordenador.<\/p>\n<p>Obt\u00e9n m\u00e1s informaci\u00f3n sobre el <a href=\"https:\/\/www.pioneerdj.com\/es-es\/landing\/pioneer-dj-certified\/\" target=\"_blank\" rel=\"noopener\">programa certificado de Pioneer DJ.<\/a><\/p>\n<h3>DJM-REC<\/h3>\n<p>Compatible con la\u00a0<a href=\"https:\/\/www.pioneerdj.com\/es-es\/product\/software\/djm-rec\/dj-app\/overview\/\" target=\"_blank\" rel=\"noopener\">aplicaci\u00f3n DJM-REC<\/a>, puedes grabar de manera eficiente y despu\u00e9s archivar f\u00e1cilmente tus mezclas a trav\u00e9s de iPhone o iPad, subir tus sonidos a servicios en la nube o transmitir sesiones en vivo, sin esfuerzo.<\/p>\n<p>&nbsp;<\/p>\n<div class=\"folder__container js-folder js-folder--is-open\">\n<h4 class=\"folder__trigger js-folder__header js-folder__header--is-open\">Funciones principales<i class=\"ico\"><\/i><\/h4>\n<div class=\"folder__content js-folder__content js-folder__content--is-open\">\n<table class=\"specs-table\">\n<tbody>\n<tr>\n<th class=\"specs-table__lbl\">\n<p class=\"h6\">Software incluido<\/p>\n<\/th>\n<td class=\"specs-table__val\">\n<ul class=\"list-rotary\">\n<li><a href=\"https:\/\/www.pioneerdj.com\/es-es\/product\/software\/rekordbox\/software\/overview\/\" target=\"_blank\" rel=\"noopener\">rekordbox dj<\/a><\/li>\n<li><a href=\"https:\/\/www.pioneerdj.com\/es-es\/product\/software\/rekordbox\/software\/overview\" target=\"_blank\" rel=\"noopener\">rekordbox dvs<\/a><\/li>\n<\/ul>\n<\/td>\n<\/tr>\n<tr>\n<th class=\"specs-table__lbl\">\n<p class=\"h6\">Control Scratch<\/p>\n<\/th>\n<td class=\"specs-table__val\">rekordbox dvs<\/td>\n<\/tr>\n<tr>\n<th class=\"specs-table__lbl\">\n<p class=\"h6\">Contenido de la caja<\/p>\n<\/th>\n<td class=\"specs-table__val\">\n<ul class=\"list-rotary\">\n<li>DJM-750MK2<\/li>\n<li>Cable de alimentaci\u00f3n<\/li>\n<li>Cable USB<\/li>\n<li>Manual de instrucciones (Gu\u00eda de inicio r\u00e1pido)<\/li>\n<li>Garant\u00eda<\/li>\n<li>Tarjeta con clave de licencia (rekordbox dj, rekordbox dvs)<\/li>\n<\/ul>\n<\/td>\n<\/tr>\n<\/tbody>\n<\/table>\n<\/div>\n<\/div>\n<div class=\"folder__container js-folder js-folder--is-open\">\n<h4 class=\"folder__trigger js-folder__header js-folder__header--is-open\">Especificaciones<i class=\"ico\"><\/i><\/h4>\n<div class=\"folder__content js-folder__content js-folder__content--is-open\">\n<table class=\"specs-table\">\n<tbody>\n<tr>\n<th class=\"specs-table__lbl\">\n<p class=\"h6\">Ancho<\/p>\n<\/th>\n<td class=\"specs-table__val\">320 mm<\/td>\n<\/tr>\n<tr>\n<th class=\"specs-table__lbl\">\n<p class=\"h6\">Alto<\/p>\n<\/th>\n<td class=\"specs-table__val\">107,9 mm<\/td>\n<\/tr>\n<tr>\n<th class=\"specs-table__lbl\">\n<p class=\"h6\">Profundo<\/p>\n<\/th>\n<td class=\"specs-table__val\">387,9 mm<\/td>\n<\/tr>\n<tr>\n<th class=\"specs-table__lbl\">\n<p class=\"h6\">Peso<\/p>\n<\/th>\n<td class=\"specs-table__val\">6,6 kg<\/td>\n<\/tr>\n<tr>\n<th class=\"specs-table__lbl\">\n<p class=\"h6\">Rango de frecuencia<\/p>\n<\/th>\n<td class=\"specs-table__val\">20 &#8211; 20000 Hz<\/td>\n<\/tr>\n<tr>\n<th class=\"specs-table__lbl\">\n<p class=\"h6\">Velocidad de muestreo<\/p>\n<\/th>\n<td class=\"specs-table__val\">48 kHz<\/td>\n<\/tr>\n<tr>\n<th class=\"specs-table__lbl\">\n<p class=\"h6\">Convertidor A\/D<\/p>\n<\/th>\n<td class=\"specs-table__val\">32 bit<\/td>\n<\/tr>\n<tr>\n<th class=\"specs-table__lbl\">\n<p class=\"h6\">Convertidor D\/A<\/p>\n<\/th>\n<td class=\"specs-table__val\">32 bit<\/td>\n<\/tr>\n<tr>\n<th class=\"specs-table__lbl\">\n<p class=\"h6\">Relaci\u00f3n Se\u00f1al\/Ruido Line<\/p>\n<\/th>\n<td class=\"specs-table__val\">105 dB<\/td>\n<\/tr>\n<tr>\n<th class=\"specs-table__lbl\">\n<p class=\"h6\">Distorsi\u00f3n<\/p>\n<\/th>\n<td class=\"specs-table__val\">&lt; 0.005 % (LINE)<\/td>\n<\/tr>\n<\/tbody>\n<\/table>\n<\/div>\n<\/div>\n<div class=\"folder__container js-folder js-folder--is-open\">\n<h4 class=\"folder__trigger js-folder__header js-folder__header--is-open\">Canales<i class=\"ico\"><\/i><\/h4>\n<div class=\"folder__content js-folder__content js-folder__content--is-open\">\n<table class=\"specs-table\">\n<tbody>\n<tr>\n<th class=\"specs-table__lbl\">\n<p class=\"h6\">EQ\/ISO<\/p>\n<\/th>\n<td class=\"specs-table__val\">3 band<\/td>\n<\/tr>\n<tr>\n<th class=\"specs-table__lbl\">\n<p class=\"h6\">Rango EQ\/ISO<\/p>\n<\/th>\n<td class=\"specs-table__val\">Ecualizador de 3 bandas conmutable, incorporado: -26 dB ~ +6 dB \/ aislador de 3 bandas: -\u221e ~ +6 dB<\/td>\n<\/tr>\n<\/tbody>\n<\/table>\n<\/div>\n<\/div>\n<div class=\"folder__container js-folder js-folder--is-open\">\n<h4 class=\"folder__trigger js-folder__header js-folder__header--is-open\">Control de rendimiento<i class=\"ico\"><\/i><\/h4>\n<div class=\"folder__content js-folder__content js-folder__content--is-open\">\n<table class=\"specs-table\">\n<tbody>\n<tr>\n<th class=\"specs-table__lbl\">\n<p class=\"h6\">Canales<\/p>\n<\/th>\n<td class=\"specs-table__val\">4<\/td>\n<\/tr>\n<tr>\n<th class=\"specs-table__lbl\">\n<p class=\"h6\">Sound Color FX<\/p>\n<\/th>\n<td class=\"specs-table__val\">\n<ul>\n<li>Dub Echo<\/li>\n<li>Filter<\/li>\n<li>Noise<\/li>\n<li>Sweep<\/li>\n<\/ul>\n<\/td>\n<\/tr>\n<tr>\n<th class=\"specs-table__lbl\">\n<p class=\"h6\">Beat FX<\/p>\n<\/th>\n<td class=\"specs-table__val\">\n<ul>\n<li>Delay<\/li>\n<li>Echo<\/li>\n<li>Flanger<\/li>\n<li>Helix<\/li>\n<li>Ping Pong<\/li>\n<li>Pitch<\/li>\n<li>Spiral<\/li>\n<li>Reverb<\/li>\n<li>Roll<\/li>\n<li>Trans<\/li>\n<li>Vinyl Brake<\/li>\n<\/ul>\n<\/td>\n<\/tr>\n<tr>\n<th class=\"specs-table__lbl\">\n<p class=\"h6\">FX Frequency<\/p>\n<\/th>\n<td class=\"specs-table__val\"><i class=\"ico icon-check\"><span class=\"sr-only\">S\u00ed<\/span><\/i><\/td>\n<\/tr>\n<\/tbody>\n<\/table>\n<\/div>\n<\/div>\n<div class=\"folder__container js-folder js-folder--is-open\">\n<h4 class=\"folder__trigger js-folder__header js-folder__header--is-open\">Curva Fader<i class=\"ico\"><\/i><\/h4>\n<div class=\"folder__content js-folder__content js-folder__content--is-open\">\n<table class=\"specs-table\">\n<tbody>\n<tr>\n<th class=\"specs-table__lbl\">\n<p class=\"h6\">Tipo de Crossfader<\/p>\n<\/th>\n<td class=\"specs-table__val\">Fader Magvel<\/td>\n<\/tr>\n<tr>\n<th class=\"specs-table__lbl\">\n<p class=\"h6\">Asignable<\/p>\n<\/th>\n<td class=\"specs-table__val\"><i class=\"ico icon-check\"><span class=\"sr-only\">S\u00ed<\/span><\/i><\/td>\n<\/tr>\n<tr>\n<th class=\"specs-table__lbl\">\n<p class=\"h6\">Curva Fader<\/p>\n<\/th>\n<td class=\"specs-table__val\">3<\/td>\n<\/tr>\n<\/tbody>\n<\/table>\n<\/div>\n<\/div>\n<div class=\"folder__container js-folder js-folder--is-open\">\n<h4 class=\"folder__trigger js-folder__header js-folder__header--is-open\">Terminales<\/h4>\n<div class=\"folder__content js-folder__content js-folder__content--is-open\">\n<table class=\"specs-table\">\n<tbody>\n<tr>\n<th class=\"specs-table__lbl\">\n<p class=\"h6\">Entradas<\/p>\n<\/th>\n<td class=\"specs-table__val\">\n<ul>\n<li>4 PHONO (RCA)<\/li>\n<li>4 LINE (RCA)<\/li>\n<li>1 MIC (XLR y J ack TRS de \u00bc de pulgada)<\/li>\n<\/ul>\n<\/td>\n<\/tr>\n<tr>\n<th class=\"specs-table__lbl\">\n<p class=\"h6\">Send\/Return<\/p>\n<\/th>\n<td class=\"specs-table__val\">\n<ul>\n<li>1 SEND (TS Jack 1\/4 pulgadas)<\/li>\n<li>1 RETURN (TS Jack 1\/4 pulgadas)<\/li>\n<\/ul>\n<\/td>\n<\/tr>\n<tr>\n<th class=\"specs-table__lbl\">\n<p class=\"h6\">Modos Performance<\/p>\n<\/th>\n<td class=\"specs-table__val\">1 puerto USB B<\/td>\n<\/tr>\n<tr>\n<th class=\"specs-table__lbl\">\n<p class=\"h6\">Salidas<\/p>\n<\/th>\n<td class=\"specs-table__val\">\n<ul>\n<li>2 MASTER (XLR, RCA)<\/li>\n<li>1 BOOTH (TRS Jack 1\/4 pulgadas)<\/li>\n<li>2 HEADPHONE MONITOR ( Jack est\u00e9reo de \u00bc de pulgada, mini jack de 3.5 mm)<\/li>\n<\/ul>\n<\/td>\n<\/tr>\n<\/tbody>\n<\/table>\n<\/div>\n<\/div>\n<p>&nbsp;<\/p>\n<p>Para m\u00e1s informaci\u00f3n del producto:<\/p>\n<p><a href=\"https:\/\/www.pioneerdj.com\/es-es\/product\/mixer\/djm-750mk2\/black\/overview\/\" target=\"_blank\" rel=\"noopener\">https:\/\/www.pioneerdj.com\/es-es\/product\/mixer\/djm-750mk2\/black\/overview\/<\/a><\/p>\n<p>&nbsp;<\/p>\n","protected":false},"excerpt":{"rendered":"<div class=\"head\">\n<h4 class=\"desc\">Mesa de mezclas Pioneer DJ DJM-750MK2 de 4 canales con ADN de club<\/h4>\n<p>Hereda caracter\u00edsticas claves y elementos de dise\u00f1o de la DJM-900NXS2. Crea una configuraci\u00f3n con estilo club al combinarla con nuestros multireproductores profesionales CDJ o XDJ. Puedes realizar mezclas ininterrumpidas gracias a las suaves curvas de los ecualizadores y a los faders de canal.<\/p>\n<p>El crossfader Magvel proporciona una respuesta precisa y una sensaci\u00f3n de seguridad incluso durante complicadas t\u00e9cnicas de scratch. A\u00f1ade textura y estilo a tus mezclas con FX profesionales: 2 unidades de efectos combinan Sound Color FX y Beat FX &#8211; incluyendo FX Frequency.<\/p>\n<p>Elige entre Aux o Insert send\/return para conectar diferentes tipos de unidades de FX que soporten dispositivos iOS, como aplicaciones FX, sintetizadores y samplers, y comb\u00ednalos con los FX internos de la mesa. Conexi\u00f3n sencilla a trav\u00e9s de USB con un sonido de alta calidad.<\/p>\n<p>Incluye una clave de licencia gratuita para nuestra aplicaci\u00f3n rekordbox dj.<\/p>\n<\/div>\n","protected":false},"featured_media":15893,"template":"","meta":[],"product_cat":[665,729,728],"product_tag":[],"class_list":{"0":"post-14380","1":"product","2":"type-product","3":"status-publish","4":"has-post-thumbnail","6":"product_brand-pioneer-dj","7":"product_cat-dj","8":"product_cat-mesa-de-mezclas-dj","9":"product_cat-mesas-de-mezclas-dj","11":"first","12":"instock","13":"taxable","14":"shipping-taxable","15":"purchasable","16":"product-type-simple","17":"col-xs-6 col-sm-4","18":"col-md-3 col-lg-3","19":"un-4-cols"},"_links":{"self":[{"href":"https:\/\/www.audioibiza.com\/index.php\/wp-json\/wp\/v2\/product\/14380","targetHints":{"allow":["GET"]}}],"collection":[{"href":"https:\/\/www.audioibiza.com\/index.php\/wp-json\/wp\/v2\/product"}],"about":[{"href":"https:\/\/www.audioibiza.com\/index.php\/wp-json\/wp\/v2\/types\/product"}],"wp:featuredmedia":[{"embeddable":true,"href":"https:\/\/www.audioibiza.com\/index.php\/wp-json\/wp\/v2\/media\/15893"}],"wp:attachment":[{"href":"https:\/\/www.audioibiza.com\/index.php\/wp-json\/wp\/v2\/media?parent=14380"}],"wp:term":[{"taxonomy":"product_cat","embeddable":true,"href":"https:\/\/www.audioibiza.com\/index.php\/wp-json\/wp\/v2\/product_cat?post=14380"},{"taxonomy":"product_tag","embeddable":true,"href":"https:\/\/www.audioibiza.com\/index.php\/wp-json\/wp\/v2\/product_tag?post=14380"}],"curies":[{"name":"wp","href":"https:\/\/api.w.org\/{rel}","templated":true}]}}