{"id":14262,"date":"2019-09-24T18:43:05","date_gmt":"2019-09-24T16:43:05","guid":{"rendered":"https:\/\/www.audioibiza.com\/?post_type=product&#038;p=14262"},"modified":"2024-09-12T09:22:50","modified_gmt":"2024-09-12T07:22:50","slug":"auriculares-dj-pioneer-dj-hdj-x5-k","status":"publish","type":"product","link":"https:\/\/www.audioibiza.com\/index.php\/auriculares-dj-pioneer-dj-hdj-x5-k\/","title":{"rendered":"Auriculares DJ PIONEER DJ HDJ-X5-K negro"},"content":{"rendered":"<p><iframe title=\"Pioneer DJ HDJ-X over-ear DJ headphone models \u2013 Deeper Connection\" width=\"840\" height=\"473\" src=\"https:\/\/www.youtube.com\/embed\/WNxH3Qnx0LQ?feature=oembed\" frameborder=\"0\" allow=\"accelerometer; autoplay; clipboard-write; encrypted-media; gyroscope; picture-in-picture; web-share\" referrerpolicy=\"strict-origin-when-cross-origin\" allowfullscreen><\/iframe><\/p>\n<h1>Auriculares DJ Pioneer DJ HDJ-X5-K<\/h1>\n<p>Con los <a href=\"https:\/\/www.audioibiza.com\/index.php\/auriculares-dj-pioneer-dj-hdj-x5-k\/\">auriculares DJ PIONEER DJ HDJ-X5-K<\/a> escucha tus canciones en voz alta y clara en la cabina y en movimiento. Teniendo en cuenta los comentarios de los DJs y analizando muchos estilos diferentes de monitoreo, nos hemos asegurado de que nuestra nueva gama de auriculares para DJ incluya todas las caracter\u00edsticas necesarias para que funcionen en cualquier nivel.<\/p>\n<p>Gracias al dise\u00f1o de audio de alta calidad heredado de nuestros auriculares DJ profesionales, puedes disfrutar de un monitoreo sin distorsi\u00f3n, incluso con vol\u00famenes altos, dondequiera que vayas.<\/p>\n<p>Los auriculares HDJ-X est\u00e1n dise\u00f1ados para ser flexibles. Su mecanismo de giro te permite usarlos c\u00f3modamente, seg\u00fan tus preferencias, durante largos per\u00edodos de tiempo. No te preocupes por peque\u00f1as ca\u00eddas y golpes durante el transporte, ya que estos auriculares DJ est\u00e1n preparados para su uso prolongado y en condiciones severas.<\/p>\n<p>Con un nuevo controlador de 40 mm, escucha tus pistas alto y claro. El cable de 4 hilos de estructura trenzada, proporciona una separaci\u00f3n superior del canal izquierdo y derecho y el circuito magn\u00e9tico est\u00e1 optimizado de forma que, gracias a la supresi\u00f3n de ruido fino y la afinaci\u00f3n elaborada, puedes disfrutar de un sonido sin distorsi\u00f3n.<\/p>\n<h2><strong>Dise\u00f1o de audio de alta calidad<\/strong><\/h2>\n<p>Los HDJ-X5 cuentan con un nuevo auricular de 40 mm con bobinas de alambre de cobre revestido (CCAW). El circuito magn\u00e9tico est\u00e1 optimizado y, gracias a la supresi\u00f3n de ruido y la afinaci\u00f3n elaborada, puedes disfrutar de un sonido claro y sin distorsiones para una pre-escucha m\u00e1s sencilla.<\/p>\n<div class=\"section section-feature-details\">\n<h2><strong>Cable trenzado de 4 hilos<\/strong><\/h2>\n<p>El cable de tierra independiente, en el cable de estructura trenzada de 4 n\u00facleos, proporciona una separaci\u00f3n superior de los canales izquierdo y derecho, mejorando la calidad del sonido.<\/p>\n<h2><strong>C\u00e1mara reflectora de graves<\/strong><\/h2>\n<p>La c\u00e1mara reflectora de bajos de la carcasa superior garantiza una excelente respuesta de graves y aislamiento ac\u00fastico<\/p>\n<p>Ll\u00e9vate la gama HDJ-X de viaje y siente la seguridad de que aguantar\u00e1n condiciones severas y un uso continuo. Todos los modelos han pasado la prueba de choque MIL-STD-810G del Ej\u00e9rcito Americano<small><sup>*<\/sup><\/small>, as\u00ed como nuestras pruebas de esfuerzo m\u00e1s exigentes.<\/p>\n<p>Estos auriculares son c\u00f3modos de usar independientemente de c\u00f3mo los uses. El dise\u00f1o de la carcasa reduce la presi\u00f3n sobre la cabeza y tiene una textura exterior que mejora el agarre. Para ayudarte a encontrar el ajuste perfecto, tambi\u00e9n cuentan con una diadema flexible y duradera y un mecanismo giratorio<\/p>\n<p>Todos los auriculares HDJ-X ofrecen un aspecto elegante y una construcci\u00f3n robusta. Elige entre las versiones en color negro o en plata para que luzcas como a ti te gusta.<\/p>\n<p>Todos los auriculares HDJ-X ofrecen un aspecto elegante y una construcci\u00f3n robusta. Elige entre las versiones en color negro o en plata para que luzcas como a ti te gusta.<\/p>\n<div class=\"folder__container js-folder js-folder--is-open\">\n<h3 class=\"folder__trigger js-folder__header js-folder__header--is-open\"><strong>Funciones principales<\/strong><\/h3>\n<div class=\"folder__content js-folder__content js-folder__content--is-open\">\n<table class=\"specs-table\">\n<tbody>\n<tr>\n<th class=\"specs-table__lbl\">\n<p class=\"h6\">Tipo<\/p>\n<\/th>\n<td class=\"specs-table__val\">Cerrados, din\u00e1micos<\/td>\n<\/tr>\n<tr>\n<th class=\"specs-table__lbl\">\n<p class=\"h6\">Drivers<\/p>\n<\/th>\n<td class=\"specs-table__val\">Tipo c\u00fapula de 40 mm<\/td>\n<\/tr>\n<tr>\n<th class=\"specs-table__lbl\">\n<p class=\"h6\">Cable<\/p>\n<\/th>\n<td class=\"specs-table__val\">Cable en espiral de 1,2 m (1,8 m estirado)<\/td>\n<\/tr>\n<tr>\n<th class=\"specs-table__lbl\">\n<p class=\"h6\">Contenido de la caja<\/p>\n<\/th>\n<td class=\"specs-table__val\">\n<ul class=\"list-rotary\">\n<li>HDJ-X5<\/li>\n<li>Cable de 1,2 m en espiral (longitud extendido 1,8 m)<\/li>\n<li>Jack adaptador \u2300 6.3 mm (ba\u00f1ado en oro, de rosca)<\/li>\n<li>Bolsa de transporte<\/li>\n<\/ul>\n<\/td>\n<\/tr>\n<\/tbody>\n<\/table>\n<\/div>\n<\/div>\n<div class=\"folder__container js-folder js-folder--is-open\">\n<p>\u00a0<\/p>\n<h3 class=\"folder__trigger js-folder__header js-folder__header--is-open\"><strong>Especificaciones<\/strong><\/h3>\n<div class=\"folder__content js-folder__content js-folder__content--is-open\">\n<table class=\"specs-table\">\n<tbody>\n<tr>\n<th class=\"specs-table__lbl\">\n<p class=\"h6\">Peso (sin cable)<\/p>\n<\/th>\n<td class=\"specs-table__val\">269 g<\/td>\n<\/tr>\n<tr>\n<th class=\"specs-table__lbl\">\n<p class=\"h6\">Potencia m\u00e1xima<\/p>\n<\/th>\n<td class=\"specs-table__val\">2000 mW<\/td>\n<\/tr>\n<tr>\n<th class=\"specs-table__lbl\">\n<p class=\"h6\">Presi\u00f3n Sonora de Salida<\/p>\n<\/th>\n<td class=\"specs-table__val\">102 dB<\/td>\n<\/tr>\n<tr>\n<th class=\"specs-table__lbl\">\n<p class=\"h6\">Rango de frecuencia<\/p>\n<\/th>\n<td class=\"specs-table__val\">5 \u2013 30000 Hz<\/td>\n<\/tr>\n<tr>\n<th class=\"specs-table__lbl\">\n<p class=\"h6\">Impedancia<\/p>\n<\/th>\n<td class=\"specs-table__val\">32 \u03a9<\/td>\n<\/tr>\n<\/tbody>\n<\/table>\n<\/div>\n<\/div>\n<\/div>\n<p>\u00a0<\/p>\n<p>Para m\u00e1s informaci\u00f3n sobre el producto:<\/p>\n<p><a href=\"https:\/\/www.pioneerdj.com\/es-es\/product\/headphones\/hdj-x5\/black\/overview\/\" target=\"_blank\" rel=\"noopener\">https:\/\/www.pioneerdj.com\/es-es\/product\/headphones\/hdj-x5\/black\/overview\/<\/a><\/p>\n","protected":false},"excerpt":{"rendered":"<div class=\"head\">\n<h4 class=\"desc\">Auriculares DJ Pioneer DJ HDJ-X5-K tipo diadema<\/h4>\n<\/div>\n<div class=\"btn-holder pull-right\">Con un nuevo controlador de 40 mm, escucha tus pistas alto y claro. El cable de 4 hilos de estructura trenzada, proporciona una separaci\u00f3n superior del canal izquierdo y derecho y el circuito magn\u00e9tico est\u00e1 optimizado de forma que, gracias a la supresi\u00f3n de ruido fino y la afinaci\u00f3n elaborada, puedes disfrutar de un sonido sin distorsi\u00f3n.<\/div>\n<div><\/div>\n<div class=\"btn-holder pull-right\">Son flexibles y su mecanismo de giro te permite usarlos c\u00f3modamente durante largos per\u00edodos de tiempo. Preparados para su uso prolongado y en condiciones severas<\/div>\n","protected":false},"featured_media":14263,"template":"","meta":[],"product_cat":[665,737,738],"product_tag":[],"class_list":{"0":"post-14262","1":"product","2":"type-product","3":"status-publish","4":"has-post-thumbnail","6":"product_brand-pioneer-dj","7":"product_cat-dj","8":"product_cat-auriculares","9":"product_cat-auriculares-dj","10":"product_shipping_class-pequeno-y-barato-10","12":"first","13":"instock","14":"taxable","15":"shipping-taxable","16":"purchasable","17":"product-type-simple","18":"col-xs-6 col-sm-4","19":"col-md-3 col-lg-3","20":"un-4-cols"},"_links":{"self":[{"href":"https:\/\/www.audioibiza.com\/index.php\/wp-json\/wp\/v2\/product\/14262","targetHints":{"allow":["GET"]}}],"collection":[{"href":"https:\/\/www.audioibiza.com\/index.php\/wp-json\/wp\/v2\/product"}],"about":[{"href":"https:\/\/www.audioibiza.com\/index.php\/wp-json\/wp\/v2\/types\/product"}],"wp:featuredmedia":[{"embeddable":true,"href":"https:\/\/www.audioibiza.com\/index.php\/wp-json\/wp\/v2\/media\/14263"}],"wp:attachment":[{"href":"https:\/\/www.audioibiza.com\/index.php\/wp-json\/wp\/v2\/media?parent=14262"}],"wp:term":[{"taxonomy":"product_cat","embeddable":true,"href":"https:\/\/www.audioibiza.com\/index.php\/wp-json\/wp\/v2\/product_cat?post=14262"},{"taxonomy":"product_tag","embeddable":true,"href":"https:\/\/www.audioibiza.com\/index.php\/wp-json\/wp\/v2\/product_tag?post=14262"}],"curies":[{"name":"wp","href":"https:\/\/api.w.org\/{rel}","templated":true}]}}