{"id":14215,"date":"2019-09-24T17:52:02","date_gmt":"2019-09-24T15:52:02","guid":{"rendered":"https:\/\/www.audioibiza.com\/?post_type=product&#038;p=14215"},"modified":"2025-09-26T13:04:07","modified_gmt":"2025-09-26T11:04:07","slug":"pioneer-dj-xdj-1000mk2","status":"publish","type":"product","link":"https:\/\/www.audioibiza.com\/index.php\/pioneer-dj-xdj-1000mk2\/","title":{"rendered":"Reproductor USB PIONEER DJ XDJ-1000MK2"},"content":{"rendered":"<p><iframe title=\"Pioneer DJ XDJ-1000MK2 Official Introduction\" width=\"840\" height=\"473\" src=\"https:\/\/www.youtube.com\/embed\/enbX3rQ2Usc?feature=oembed\" frameborder=\"0\" allow=\"accelerometer; autoplay; clipboard-write; encrypted-media; gyroscope; picture-in-picture; web-share\" referrerpolicy=\"strict-origin-when-cross-origin\" allowfullscreen><\/iframe><\/p>\n<h1>Reproductor USB PIONEER DJ XDJ-1000MK2<\/h1>\n<p>El reproductor USB <a href=\"https:\/\/www.audioibiza.com\/index.php\/pioneer-dj-xdj-1000mk2\/\">Pioneer DJ XDJ-1000MK2<\/a> mejora la usabilidad con la navegaci\u00f3n a trav\u00e9s de la pista mejorada y soporte para archivos de audio de alta resoluci\u00f3n FLAC y ALAC. Hereda el gran jog wheel y la pantalla t\u00e1ctil a todo color de 7 pulgadas del CDJ-2000NXS2, tambi\u00e9n caracter\u00edsticas como 8 Hot Cues y Quantize.<\/p>\n<p>Descarga el software de gesti\u00f3n de m\u00fasica\u00a0<a class=\"lnk-external\" href=\"http:\/\/rekordbox.com\/en\/download\/\" target=\"_blank\" rel=\"noopener noreferrer\">rekordbox\u2122<\/a>\u00a0o la app rekordbox para preparar tus sesiones.<\/p>\n<ul>\n<li>\n<div class=\"feature compact\">\n<div class=\"head\">\n<h2 class=\"h3\">DISE\u00d1O ESTILO CDJ<\/h2>\n<\/div>\n<div class=\"body\">\n<p>Equipado con el mismo tama\u00f1o de jog wheel y con una pantalla LCD t\u00e1ctil de 7 pulgadas como nuestro\u00a0CDJ-2000NXS2, obtienes el control intuitivo de tus mezclas.<\/p>\n<\/div>\n<\/div>\n<\/li>\n<li>\n<div class=\"feature compact\">\n<div class=\"head\">\n<h2 class=\"h3\">AUDIO DE ALTA RESOLUCI\u00d3N<\/h2>\n<\/div>\n<div class=\"body\">\n<p>Adem\u00e1s de MP3, AAC, WAV y AIFF, el XDJ-1000MK2 soporta formatos de audio de alta calidad FLAC y ALAC de hasta 48 kHz\/24 bits. Se ha a\u00f1adido una salida digital para enviar audio sin degradaci\u00f3n, mientras que la fuente de alimentaci\u00f3n para el audio anal\u00f3gico est\u00e1 completamente separada del circuito digital para reducir el ruido.<\/p>\n<\/div>\n<\/div>\n<\/li>\n<li>\n<div class=\"feature compact\">\n<div class=\"head\">\n<h2 class=\"h3\">B\u00daSQUEDA R\u00c1PIDA<\/h2>\n<\/div>\n<div class=\"body\">\n<p>Busca con facilidad en tu biblioteca\u00a0<a href=\"https:\/\/www.pioneerdj.com\/es-es\/product\/software\/rekordbox\/software\/overview\/\" target=\"_blank\" rel=\"noopener\">rekordbox<\/a>\u00a0usando el bot\u00f3n giratorio junto a la pantalla, o utiliza el teclado QWERTY para buscar palabras clave espec\u00edficas. Las caracter\u00edsticas avanzadas tales como Matching y Track Filter te ayudan a reproducir la pista correcta en el momento adecuado.<\/p>\n<\/div>\n<\/div>\n<\/li>\n<li>\n<div class=\"feature compact\">\n<div class=\"head\">\n<h2 class=\"h3\">RENDIMIENTO MEJORADO<\/h2>\n<\/div>\n<div class=\"body\">\n<p>8 Hot Cues permiten la reproducci\u00f3n instant\u00e1nea en un punto preestablecido, mientras que Quantize te permite reproducir puntos cue y loops a tiempo con la m\u00fasica en las pistas que se han analizado en rekordbox. Usa Beat Jump para saltar hacia atr\u00e1s o adelante 1, 2 o 4 tiempos desde la posici\u00f3n actual de la reproducci\u00f3n.<\/p>\n<\/div>\n<\/div>\n<\/li>\n<li>\n<div class=\"feature compact active\">\n<div class=\"head\">\n<h2 class=\"h3\">PRO DJ LINK<\/h2>\n<\/div>\n<div class=\"body\">\n<p>Pro DJ Link permite conectar hasta 4 reproductores o port\u00e1tiles a trav\u00e9s de una simple conexi\u00f3n LAN. Combina esto con rekordbox y una gran cantidad de informaci\u00f3n y de caracter\u00edsticas tales como Beat Sync, Beat Countdown, Beat Jump y Phase Meter.<\/p>\n<\/div>\n<\/div>\n<p>&nbsp;<\/li>\n<\/ul>\n<h3>Prep\u00e1rate<\/h3>\n<p>Totalmente compatible con nuestro software\u00a0<a href=\"https:\/\/www.pioneerdj.com\/es-es\/product\/software\/rekordbox\/software\/overview\/\" target=\"_blank\" rel=\"noopener\">rekordbox<\/a>\u2122 gratuito, para ayudarte a gestionar tu m\u00fasica, preparar y crear tus actuaciones.\u00a0<a class=\"lnk-external\" href=\"http:\/\/rekordbox.com\/es\/download\/\" target=\"_blank\" rel=\"noopener noreferrer\">Desc\u00e1rgalo aqu\u00ed<\/a><\/p>\n<h3>rekordbox dj<\/h3>\n<p>Puedes usar este producto para controlar el software DJ\u00a0<a href=\"https:\/\/www.pioneerdj.com\/es-es\/product\/software\/rekordbox\/software\/overview\" target=\"_blank\" rel=\"noopener\">rekordbox dj<\/a>. rekordbox dj es un rekordbox Plus Pack que libera caracter\u00edsticas de rendimiento como Hot Cues, Sampler, Slicer, Sound Colour FX, Beat FX, Beat Jump y Pad FX. Simplemente\u00a0<a class=\"lnk-external\" href=\"http:\/\/rekordbox.com\/es\/store\/#buydj\" target=\"_blank\" rel=\"noopener noreferrer\">compra rekordbox dj<\/a>, activa tu clave de licencia, y comienza a pinchar.<\/p>\n<h3>Toma un atajo<\/h3>\n<p>El bot\u00f3n \u201cAtajo\u201d te da acceso directo al Modo navegador y a \u2018Mis Ajustes\u2019 en la pantalla t\u00e1ctil del reproductor<\/p>\n<h3>Puerto USB con c\u00f3digo de colores<\/h3>\n<p>Un puerto USB iluminado te permite a\u00f1adir c\u00f3digos de color a tus pistas en rekordbox para que las reconozcas inmediatamente en la cabina DJ.<\/p>\n<h3>Memory Cue<\/h3>\n<p>Ponle nombre y c\u00f3digo de color a tus cues en rekordbox, por ejemplo \u00abmi crisis&#8217;, a continuaci\u00f3n, accede a la informaci\u00f3n directamente en la pantalla del reproductor.<\/p>\n<h3>Mis Ajustes<\/h3>\n<p>\u201cMis Ajustes\u201d te permite configurar tu sistema seg\u00fan tus preferencias en rekordbox\u2122 y guardar la configuraci\u00f3n en un dispositivo USB, tarjeta de memoria SD, smartphone y tablet. As\u00ed puedes cambiar instant\u00e1neamente a tus propios ajustes cuando cambias de DJs en cabina.<\/p>\n<p>&nbsp;<\/p>\n<div class=\"folder__container js-folder js-folder--is-open\">\n<h4 class=\"folder__trigger js-folder__header js-folder__header--is-open\">Funciones principales<i class=\"ico\"><\/i><\/h4>\n<div class=\"folder__content js-folder__content js-folder__content--is-open\">\n<table class=\"specs-table\">\n<tbody>\n<tr>\n<th class=\"specs-table__lbl\">\n<p class=\"h6\">Reproduce<\/p>\n<\/th>\n<td class=\"specs-table__val\">\n<ul>\n<li>AAC<\/li>\n<li>AIFF<\/li>\n<li>MP3<\/li>\n<li>WAV<\/li>\n<li>ALAC<\/li>\n<li>FLAC<\/li>\n<li>Versi\u00f3n iOS de rekordbox: solo MP3 y AAC<\/li>\n<\/ul>\n<\/td>\n<\/tr>\n<tr>\n<th class=\"specs-table__lbl\">\n<p class=\"h6\">Soporte de almacenamiento USB<\/p>\n<\/th>\n<td class=\"specs-table__val\">\n<ul>\n<li>FAT<\/li>\n<li>FAT32<\/li>\n<li>HFS+<\/li>\n<\/ul>\n<\/td>\n<\/tr>\n<tr>\n<th class=\"specs-table__lbl\">\n<p class=\"h6\">Control MIDI<\/p>\n<\/th>\n<td class=\"specs-table__val\"><i class=\"ico icon-check\"><span class=\"sr-only\">S\u00ed<\/span><\/i><\/td>\n<\/tr>\n<tr>\n<th class=\"specs-table__lbl\">\n<p class=\"h6\">ProDJ Link<\/p>\n<\/th>\n<td class=\"specs-table__val\"><i class=\"ico icon-check\"><span class=\"sr-only\">S\u00ed<\/span><\/i><\/td>\n<\/tr>\n<tr>\n<th class=\"specs-table__lbl\">\n<p class=\"h6\">KUVO ready<\/p>\n<\/th>\n<td class=\"specs-table__val\"><i class=\"ico icon-check\"><span class=\"sr-only\">S\u00ed<\/span><\/i><\/td>\n<\/tr>\n<tr>\n<th class=\"specs-table__lbl\">\n<p class=\"h6\">Auto Standby<\/p>\n<\/th>\n<td class=\"specs-table__val\"><i class=\"ico icon-check\"><span class=\"sr-only\">S\u00ed<\/span><\/i><\/td>\n<\/tr>\n<tr>\n<th class=\"specs-table__lbl\">\n<p class=\"h6\">rekordbox<\/p>\n<\/th>\n<td class=\"specs-table__val\"><i class=\"ico icon-check\"><span class=\"sr-only\">S\u00ed<\/span><\/i><\/td>\n<\/tr>\n<tr>\n<th class=\"specs-table__lbl\">\n<p class=\"h6\">Contenido de la caja<\/p>\n<\/th>\n<td class=\"specs-table__val\">\n<ul class=\"list-rotary\">\n<li>XDJ-1000MK2<\/li>\n<li>Cable de alimentaci\u00f3n<\/li>\n<li>Cable de audio<\/li>\n<li>Cable LAN<\/li>\n<li>Manual de instrucciones<\/li>\n<\/ul>\n<\/td>\n<\/tr>\n<\/tbody>\n<\/table>\n<\/div>\n<\/div>\n<div class=\"folder__container js-folder js-folder--is-open\">\n<h4 class=\"folder__trigger js-folder__header js-folder__header--is-open\">Especificaciones<i class=\"ico\"><\/i><\/h4>\n<div class=\"folder__content js-folder__content js-folder__content--is-open\">\n<table class=\"specs-table\">\n<tbody>\n<tr>\n<th class=\"specs-table__lbl\">\n<p class=\"h6\">Ancho<\/p>\n<\/th>\n<td class=\"specs-table__val\">305 mm<\/td>\n<\/tr>\n<tr>\n<th class=\"specs-table__lbl\">\n<p class=\"h6\">Alto<\/p>\n<\/th>\n<td class=\"specs-table__val\">110 mm<\/td>\n<\/tr>\n<tr>\n<th class=\"specs-table__lbl\">\n<p class=\"h6\">Profundo<\/p>\n<\/th>\n<td class=\"specs-table__val\">382,5 mm<\/td>\n<\/tr>\n<tr>\n<th class=\"specs-table__lbl\">\n<p class=\"h6\">Peso<\/p>\n<\/th>\n<td class=\"specs-table__val\">3,7 kg<\/td>\n<\/tr>\n<tr>\n<th class=\"specs-table__lbl\">\n<p class=\"h6\">Rango de frecuencia<\/p>\n<\/th>\n<td class=\"specs-table__val\">4 &#8211; 20000 Hz<\/td>\n<\/tr>\n<tr>\n<th class=\"specs-table__lbl\">\n<p class=\"h6\">Relaci\u00f3n Se\u00f1al\/Ruido<\/p>\n<\/th>\n<td class=\"specs-table__val\">115 dB<\/td>\n<\/tr>\n<tr>\n<th class=\"specs-table__lbl\">\n<p class=\"h6\">Distorsi\u00f3n<\/p>\n<\/th>\n<td class=\"specs-table__val\">&lt; 0.003 %<\/td>\n<\/tr>\n<tr>\n<th class=\"specs-table__lbl\">\n<p class=\"h6\">Nivel de salida<\/p>\n<\/th>\n<td class=\"specs-table__val\">2.0 Vrms (1 kHz, 0 dB)<\/td>\n<\/tr>\n<\/tbody>\n<\/table>\n<\/div>\n<\/div>\n<div class=\"folder__container js-folder js-folder--is-open\">\n<h4 class=\"folder__trigger js-folder__header js-folder__header--is-open\">Display<i class=\"ico\"><\/i><\/h4>\n<div class=\"folder__content js-folder__content js-folder__content--is-open\">\n<table class=\"specs-table\">\n<tbody>\n<tr>\n<th class=\"specs-table__lbl\">\n<p class=\"h6\">Display<\/p>\n<\/th>\n<td class=\"specs-table__val\">Pantalla t\u00e1ctil LCD a todo color, de 7 pulgadas<\/td>\n<\/tr>\n<tr>\n<th class=\"specs-table__lbl\">\n<p class=\"h6\">Direcci\u00f3n de Reproducci\u00f3n<\/p>\n<\/th>\n<td class=\"specs-table__val\"><i class=\"ico icon-check\"><span class=\"sr-only\">S\u00ed<\/span><\/i><\/td>\n<\/tr>\n<tr>\n<th class=\"specs-table__lbl\">\n<p class=\"h6\">Display Wave Zoom<\/p>\n<\/th>\n<td class=\"specs-table__val\"><i class=\"ico icon-check\"><span class=\"sr-only\">S\u00ed<\/span><\/i><\/td>\n<\/tr>\n<tr>\n<th class=\"specs-table__lbl\">\n<p class=\"h6\">Phase Meter<\/p>\n<\/th>\n<td class=\"specs-table__val\"><i class=\"ico icon-check\"><span class=\"sr-only\">S\u00ed<\/span><\/i><\/td>\n<\/tr>\n<tr>\n<th class=\"specs-table__lbl\">\n<p class=\"h6\">Beat Counter<\/p>\n<\/th>\n<td class=\"specs-table__val\"><i class=\"ico icon-check\"><span class=\"sr-only\">S\u00ed<\/span><\/i><\/td>\n<\/tr>\n<tr>\n<th class=\"specs-table__lbl\">\n<p class=\"h6\">On Jog Display<\/p>\n<\/th>\n<td class=\"specs-table__val\"><i class=\"ico icon-check\"><span class=\"sr-only\">S\u00ed<\/span><\/i><\/td>\n<\/tr>\n<\/tbody>\n<\/table>\n<\/div>\n<\/div>\n<div class=\"folder__container js-folder js-folder--is-open\">\n<h4 class=\"folder__trigger js-folder__header js-folder__header--is-open\">Control de rendimiento<i class=\"ico\"><\/i><\/h4>\n<div class=\"folder__content js-folder__content js-folder__content--is-open\">\n<table class=\"specs-table\">\n<tbody>\n<tr>\n<th class=\"specs-table__lbl\">\n<p class=\"h6\">Tama\u00f1o del Jog Dial<\/p>\n<\/th>\n<td class=\"specs-table__val\">206 mm<\/td>\n<\/tr>\n<tr>\n<th class=\"specs-table__lbl\">\n<p class=\"h6\">Modos Jog<\/p>\n<\/th>\n<td class=\"specs-table__val\">CDJ \/ Vinyl Mode<\/td>\n<\/tr>\n<tr>\n<th class=\"specs-table__lbl\">\n<p class=\"h6\">Hot Cue<\/p>\n<\/th>\n<td class=\"specs-table__val\"><i class=\"ico icon-check\"><span class=\"sr-only\">S\u00ed<\/span><\/i><\/td>\n<\/tr>\n<tr>\n<th class=\"specs-table__lbl\">\n<p class=\"h6\">Hot Loop<\/p>\n<\/th>\n<td class=\"specs-table__val\"><i class=\"ico icon-check\"><span class=\"sr-only\">S\u00ed<\/span><\/i><\/td>\n<\/tr>\n<tr>\n<th class=\"specs-table__lbl\">\n<p class=\"h6\">Active Loop<\/p>\n<\/th>\n<td class=\"specs-table__val\"><i class=\"ico icon-check\"><span class=\"sr-only\">S\u00ed<\/span><\/i><\/td>\n<\/tr>\n<tr>\n<th class=\"specs-table__lbl\">\n<p class=\"h6\">Auto Beat Loop<\/p>\n<\/th>\n<td class=\"specs-table__val\"><i class=\"ico icon-check\"><span class=\"sr-only\">S\u00ed<\/span><\/i><\/td>\n<\/tr>\n<tr>\n<th class=\"specs-table__lbl\">\n<p class=\"h6\">Beat Jump \/ Loop move<\/p>\n<\/th>\n<td class=\"specs-table__val\"><i class=\"ico icon-check\"><span class=\"sr-only\">S\u00ed<\/span><\/i><\/td>\n<\/tr>\n<tr>\n<th class=\"specs-table__lbl\">\n<p class=\"h6\">Reloop<\/p>\n<\/th>\n<td class=\"specs-table__val\"><i class=\"ico icon-check\"><span class=\"sr-only\">S\u00ed<\/span><\/i><\/td>\n<\/tr>\n<tr>\n<th class=\"specs-table__lbl\">\n<p class=\"h6\">Loop ininterrumpido en tiempo real<\/p>\n<\/th>\n<td class=\"specs-table__val\"><i class=\"ico icon-check\"><span class=\"sr-only\">S\u00ed<\/span><\/i><\/td>\n<\/tr>\n<tr>\n<th class=\"specs-table__lbl\">\n<p class=\"h6\">Ajuste Loop<\/p>\n<\/th>\n<td class=\"specs-table__val\">Ajuste Entrada \/ Salida<\/td>\n<\/tr>\n<tr>\n<th class=\"specs-table__lbl\">\n<p class=\"h6\">Slip Mode<\/p>\n<\/th>\n<td class=\"specs-table__val\"><i class=\"ico icon-check\"><span class=\"sr-only\">S\u00ed<\/span><\/i><\/td>\n<\/tr>\n<tr>\n<th class=\"specs-table__lbl\">\n<p class=\"h6\">Beat Sync<\/p>\n<\/th>\n<td class=\"specs-table__val\"><i class=\"ico icon-check\"><span class=\"sr-only\">S\u00ed<\/span><\/i><\/td>\n<\/tr>\n<tr>\n<th class=\"specs-table__lbl\">\n<p class=\"h6\">Reverse<\/p>\n<\/th>\n<td class=\"specs-table__val\"><i class=\"ico icon-check\"><span class=\"sr-only\">S\u00ed<\/span><\/i><\/td>\n<\/tr>\n<tr>\n<th class=\"specs-table__lbl\">\n<p class=\"h6\">Pitch Bend<\/p>\n<\/th>\n<td class=\"specs-table__val\"><i class=\"ico icon-check\"><span class=\"sr-only\">S\u00ed<\/span><\/i><\/td>\n<\/tr>\n<tr>\n<th class=\"specs-table__lbl\">\n<p class=\"h6\">Fader Start \/ Back Cue start<\/p>\n<\/th>\n<td class=\"specs-table__val\"><i class=\"ico icon-check\"><span class=\"sr-only\">S\u00ed<\/span><\/i><\/td>\n<\/tr>\n<tr>\n<th class=\"specs-table__lbl\">\n<p class=\"h6\">Reproducci\u00f3n Scratch \/Cue<\/p>\n<\/th>\n<td class=\"specs-table__val\"><i class=\"ico icon-check\"><span class=\"sr-only\">S\u00ed<\/span><\/i><\/td>\n<\/tr>\n<tr>\n<th class=\"specs-table__lbl\">\n<p class=\"h6\">B\u00fasqueda de Frame<\/p>\n<\/th>\n<td class=\"specs-table__val\">1\/150 s<\/td>\n<\/tr>\n<tr>\n<th class=\"specs-table__lbl\">\n<p class=\"h6\">Needle Search \/ Needle Drop<\/p>\n<\/th>\n<td class=\"specs-table__val\"><i class=\"ico icon-check\"><span class=\"sr-only\">S\u00ed<\/span><\/i><\/td>\n<\/tr>\n<tr>\n<th class=\"specs-table__lbl\">\n<p class=\"h6\">Ajuste de velocidad del vinilo<\/p>\n<\/th>\n<td class=\"specs-table__val\"><i class=\"ico icon-check\"><span class=\"sr-only\">S\u00ed<\/span><\/i><\/td>\n<\/tr>\n<\/tbody>\n<\/table>\n<\/div>\n<\/div>\n<div class=\"folder__container js-folder js-folder--is-open\">\n<h4 class=\"folder__trigger js-folder__header js-folder__header--is-open\">Funciones Cue<i class=\"ico\"><\/i><\/h4>\n<div class=\"folder__content js-folder__content js-folder__content--is-open\">\n<table class=\"specs-table\">\n<tbody>\n<tr>\n<th class=\"specs-table__lbl\">\n<p class=\"h6\">Cue Autom\u00e1tico<\/p>\n<\/th>\n<td class=\"specs-table__val\"><i class=\"ico icon-check\"><span class=\"sr-only\">S\u00ed<\/span><\/i><\/td>\n<\/tr>\n<tr>\n<th class=\"specs-table__lbl\">\n<p class=\"h6\">Cue Manual<\/p>\n<\/th>\n<td class=\"specs-table__val\"><i class=\"ico icon-check\"><span class=\"sr-only\">S\u00ed<\/span><\/i><\/td>\n<\/tr>\n<tr>\n<th class=\"specs-table__lbl\">\n<p class=\"h6\">Cue en tiempo real<\/p>\n<\/th>\n<td class=\"specs-table__val\"><i class=\"ico icon-check\"><span class=\"sr-only\">S\u00ed<\/span><\/i><\/td>\n<\/tr>\n<tr>\n<th class=\"specs-table__lbl\">\n<p class=\"h6\">Cue point sampler<\/p>\n<\/th>\n<td class=\"specs-table__val\"><i class=\"ico icon-check\"><span class=\"sr-only\">S\u00ed<\/span><\/i><\/td>\n<\/tr>\n<tr>\n<th class=\"specs-table__lbl\">\n<p class=\"h6\">Memoria Cue Loop<\/p>\n<\/th>\n<td class=\"specs-table__val\"><i class=\"ico icon-check\"><span class=\"sr-only\">S\u00ed<\/span><\/i><\/td>\n<\/tr>\n<\/tbody>\n<\/table>\n<\/div>\n<\/div>\n<div class=\"folder__container js-folder js-folder--is-open\">\n<h4 class=\"folder__trigger js-folder__header js-folder__header--is-open\">Tempo<i class=\"ico\"><\/i><\/h4>\n<div class=\"folder__content js-folder__content js-folder__content--is-open\">\n<table class=\"specs-table\">\n<tbody>\n<tr>\n<th class=\"specs-table__lbl\">\n<p class=\"h6\">Master tempo<\/p>\n<\/th>\n<td class=\"specs-table__val\"><i class=\"ico icon-check\"><span class=\"sr-only\">S\u00ed<\/span><\/i><\/td>\n<\/tr>\n<tr>\n<th class=\"specs-table__lbl\">\n<p class=\"h6\">Pasos control del tempo<\/p>\n<\/th>\n<td class=\"specs-table__val\">\n<ul>\n<li>0,02 % a +\/-6 %<\/li>\n<li>0,05 % a +\/- 10 % &amp; 16 %<\/li>\n<li>0,5 % a +\/-100 % WIDE<\/li>\n<\/ul>\n<\/td>\n<\/tr>\n<tr>\n<th class=\"specs-table__lbl\">\n<p class=\"h6\">Tempo Control Ranges ALAC FLAC<\/p>\n<\/th>\n<td class=\"specs-table__val\">\n<ul>\n<li>+\/-6 %<\/li>\n<li>+\/-10 %<\/li>\n<li>+\/-16 %<\/li>\n<li>+50 ~ 100 % WIDE<\/li>\n<\/ul>\n<\/td>\n<\/tr>\n<tr>\n<th class=\"specs-table__lbl\">\n<p class=\"h6\">BPM Counter<\/p>\n<\/th>\n<td class=\"specs-table__val\"><i class=\"ico icon-check\"><span class=\"sr-only\">S\u00ed<\/span><\/i><\/td>\n<\/tr>\n<\/tbody>\n<\/table>\n<\/div>\n<\/div>\n<div class=\"folder__container js-folder js-folder--is-open\">\n<h4 class=\"folder__trigger js-folder__header js-folder__header--is-open\">Terminales<\/h4>\n<div class=\"folder__content js-folder__content js-folder__content--is-open\">\n<table class=\"specs-table\">\n<tbody>\n<tr>\n<th class=\"specs-table__lbl\">\n<p class=\"h6\">Fuentes de Audio<\/p>\n<\/th>\n<td class=\"specs-table__val\">\n<ul>\n<li>Ordenadores (Mac\/Windows PC)<\/li>\n<li>Dispositivos de almacenamiento USB (memoria flash\/HDD, etc.)<\/li>\n<li>iPhone\/iPad\/iPod touch, Tel\u00e9fonos\/Tablets Android<\/li>\n<\/ul>\n<\/td>\n<\/tr>\n<tr>\n<th class=\"specs-table__lbl\">\n<p class=\"h6\">LAN<\/p>\n<\/th>\n<td class=\"specs-table__val\">1 (100Base-TX)<\/td>\n<\/tr>\n<tr>\n<th class=\"specs-table__lbl\">\n<p class=\"h6\">USB<\/p>\n<\/th>\n<td class=\"specs-table__val\">\n<ul>\n<li>1 puerto USB A<\/li>\n<li>1 puerto USB B<\/li>\n<\/ul>\n<\/td>\n<\/tr>\n<tr>\n<th class=\"specs-table__lbl\">\n<p class=\"h6\">Salidas<\/p>\n<\/th>\n<td class=\"specs-table__val\">\n<ul>\n<li>1 ANAL\u00d3GICA (RCA)<\/li>\n<li>1 Digital (Coaxial)<\/li>\n<\/ul>\n<\/td>\n<\/tr>\n<\/tbody>\n<\/table>\n<\/div>\n<\/div>\n<p>&nbsp;<\/p>\n<p>Para m\u00e1s informaci\u00f3n sobre el producto:<\/p>\n<p><a href=\"https:\/\/www.pioneerdj.com\/es-es\/product\/player\/xdj-1000mk2\/black\/overview\/\" target=\"_blank\" rel=\"noopener\">https:\/\/www.pioneerdj.com\/es-es\/product\/player\/xdj-1000mk2\/black\/overview\/<\/a><\/p>\n","protected":false},"excerpt":{"rendered":"<div class=\"head\">\n<h4 class=\"desc\">Reproductor USB Pioneer DJ XDJ-1000MK2, reproductor digital compatible con audio de alta resoluci\u00f3n, preparado para rekordbox<\/h4>\n<p>Basado en su predecesor, el XDJ-1000MK2 mejora la usabilidad con la navegaci\u00f3n a trav\u00e9s de la pista mejorada y soporte para archivos de audio de alta resoluci\u00f3n FLAC y ALAC. Hereda el gran jog wheel y la pantalla t\u00e1ctil a todo color de 7 pulgadas del CDJ-2000NXS2, y caracter\u00edsticas como 8 Hot Cues y Quantize.<\/p>\n<\/div>\n","protected":false},"featured_media":15914,"template":"","meta":[],"product_cat":[665,667,746],"product_tag":[],"class_list":{"0":"post-14215","1":"product","2":"type-product","3":"status-publish","4":"has-post-thumbnail","6":"product_brand-pioneer-dj","7":"product_cat-dj","8":"product_cat-reproductor-usb","9":"product_cat-reproductores-dj","11":"first","12":"instock","13":"taxable","14":"shipping-taxable","15":"purchasable","16":"product-type-simple","17":"col-xs-6 col-sm-4","18":"col-md-3 col-lg-3","19":"un-4-cols"},"_links":{"self":[{"href":"https:\/\/www.audioibiza.com\/index.php\/wp-json\/wp\/v2\/product\/14215","targetHints":{"allow":["GET"]}}],"collection":[{"href":"https:\/\/www.audioibiza.com\/index.php\/wp-json\/wp\/v2\/product"}],"about":[{"href":"https:\/\/www.audioibiza.com\/index.php\/wp-json\/wp\/v2\/types\/product"}],"wp:featuredmedia":[{"embeddable":true,"href":"https:\/\/www.audioibiza.com\/index.php\/wp-json\/wp\/v2\/media\/15914"}],"wp:attachment":[{"href":"https:\/\/www.audioibiza.com\/index.php\/wp-json\/wp\/v2\/media?parent=14215"}],"wp:term":[{"taxonomy":"product_cat","embeddable":true,"href":"https:\/\/www.audioibiza.com\/index.php\/wp-json\/wp\/v2\/product_cat?post=14215"},{"taxonomy":"product_tag","embeddable":true,"href":"https:\/\/www.audioibiza.com\/index.php\/wp-json\/wp\/v2\/product_tag?post=14215"}],"curies":[{"name":"wp","href":"https:\/\/api.w.org\/{rel}","templated":true}]}}