{"id":14197,"date":"2019-09-24T17:34:46","date_gmt":"2019-09-24T15:34:46","guid":{"rendered":"https:\/\/www.audioibiza.com\/?post_type=product&#038;p=14197"},"modified":"2026-01-28T13:13:07","modified_gmt":"2026-01-28T12:13:07","slug":"giradiscos-pioneer-dj-plx-1000","status":"publish","type":"product","link":"https:\/\/www.audioibiza.com\/index.php\/giradiscos-pioneer-dj-plx-1000\/","title":{"rendered":"Giradiscos PIONEER DJ PLX-1000"},"content":{"rendered":"<p><iframe title=\"Pioneer PLX-1000 Official Introduction\" width=\"840\" height=\"473\" src=\"https:\/\/www.youtube.com\/embed\/rMF0pYZfuQk?feature=oembed\" frameborder=\"0\" allow=\"accelerometer; autoplay; clipboard-write; encrypted-media; gyroscope; picture-in-picture; web-share\" referrerpolicy=\"strict-origin-when-cross-origin\" allowfullscreen><\/iframe><\/p>\n<h1>Giradiscos PIONEER DJ PLX-1000<\/h1>\n<p>El <a href=\"https:\/\/www.audioibiza.com\/index.php\/giradiscos-pioneer-dj-plx-1000\/\">giradiscos Pioneer DJ PLX-1000<\/a> es un modelo de precisi\u00f3n para cabina, que incorpora los 50 a\u00f1os de experiencia de Pioneer construyendo giradiscos de alta gama.<\/p>\n<p>El resultado es un dise\u00f1o familiar con algunas mejoras de \u00faltima generaci\u00f3n, incluyendo un sistema de tracci\u00f3n directa de alto rendimiento, control multi-pitch, dise\u00f1o para Club, calidad de sonido y cables de audio y de corriente desmontables. Est\u00e1 s\u00f3lidamente construido para una excelente amortiguaci\u00f3n de vibraciones y la reproducci\u00f3n de audio de m\u00e1xima precisi\u00f3n.<\/p>\n<p>Basta con a\u00f1adir el cartucho y aguja para el PLX-1000 (no incluido) y se combina con la mesa de mezclas para obtener una configuraci\u00f3n perfecta para los pinchadiscos. Un complemento ideal para los DJ es la\u00a0<a href=\"https:\/\/www.pioneerdj.com\/es-es\/product\/accessories\/pc-x10\/black\/overview\/\" target=\"_blank\" rel=\"noopener\">PC-X10<\/a>\u00a0(a la venta por separado) fabricada a mano.<\/p>\n<ul>\n<li>\n<div class=\"feature compact\">\n<div class=\"head\">\n<h2 class=\"h3\">VUELTA ATR\u00c1S<\/h2>\n<\/div>\n<div class=\"body\">\n<p>El sistema de tracci\u00f3n directa de alto rendimiento, ofrece una rotaci\u00f3n estable y un control excepcional \u2013 y consigue una velocidad de rotaci\u00f3n de 33\u2153 rpm en apenas 0,3 segundos gracias a un par de arranque de 4,5 kg\/cm (o m\u00e1s).<\/p>\n<\/div>\n<\/div>\n<\/li>\n<li>\n<div class=\"feature compact\">\n<div class=\"head\">\n<h2 class=\"h3\">EXCELENTE DISE\u00d1O DE SONIDO<\/h2>\n<\/div>\n<div class=\"body\">\n<p>Para evitar la resonancia y vibraciones, el PLX-1000 cuenta con un chasis de zinc fundido a presi\u00f3n. La parte inferior de la unidad est\u00e1 reforzada con resina de 8 mm de espesor, y material anti-vibraciones de 9 mm de espesor en la base. En la parte superior, el brazo con aislamiento de goma reduce los efectos de chirridos, mientras que la amortiguaci\u00f3n de goma del aislador absorben las vibraciones externas.<\/p>\n<\/div>\n<\/div>\n<\/li>\n<li>\n<div class=\"feature compact\">\n<div class=\"head\">\n<h2 class=\"h3\">COGE EL RITMO<\/h2>\n<\/div>\n<div class=\"body\">\n<p>El control multi-tempo te permite recoger o relentizar las pistas a \u00b18%, \u00b116% y \u00b150%, mientras un simple bot\u00f3n de reinicio vuelve instant\u00e1neamente a la velocidad de rotaci\u00f3n fija en \u00b10%.<\/p>\n<\/div>\n<\/div>\n<\/li>\n<li>\n<div class=\"feature compact active\">\n<div class=\"head\">\n<h2 class=\"h3\">F\u00c1CILMENTE CONECTADO<\/h2>\n<\/div>\n<div class=\"body\">\n<p>Cables de alimentaci\u00f3n y de audio intercambiables que se pueden conectar y sustituir f\u00e1cilmente, y conectores RCA chapados en oro de nivel profesional, que aseguran una baja impedancia y una calidad de sonido incre\u00edble.<\/p>\n<\/div>\n<\/div>\n<p>\u00a0<\/li>\n<\/ul>\n<div class=\"folder__container js-folder js-folder--is-open\">\n<h3 class=\"folder__trigger js-folder__header js-folder__header--is-open\">Funciones principales<i class=\"ico\"><\/i><\/h3>\n<div class=\"folder__content js-folder__content js-folder__content--is-open\">\n<table class=\"specs-table\">\n<tbody>\n<tr>\n<th class=\"specs-table__lbl\">\n<p class=\"h6\">Contenido de la caja<\/p>\n<\/th>\n<td class=\"specs-table__val\">\n<ul class=\"list-rotary\">\n<li>PLX-1000<\/li>\n<li>Cable de alimentaci\u00f3n<\/li>\n<li>Cable de audio<\/li>\n<li>Cable de tierra<\/li>\n<li>Adaptador para Singles<\/li>\n<li>Goma del plato<\/li>\n<li>Patinador<\/li>\n<li>Tapa con soporte para car\u00e1tulas<\/li>\n<li>Cabezall<\/li>\n<li>Pesos y contrapesos<\/li>\n<li>Manual de instrucciones<\/li>\n<\/ul>\n<\/td>\n<\/tr>\n<\/tbody>\n<\/table>\n<\/div>\n<\/div>\n<div class=\"folder__container js-folder js-folder--is-open\">\n<h3 class=\"folder__trigger js-folder__header js-folder__header--is-open\">Especificaciones<i class=\"ico\"><\/i><\/h3>\n<div class=\"folder__content js-folder__content js-folder__content--is-open\">\n<table class=\"specs-table\">\n<tbody>\n<tr>\n<th class=\"specs-table__lbl\">\n<p class=\"h6\">Ancho<\/p>\n<\/th>\n<td class=\"specs-table__val\">453 mm<\/td>\n<\/tr>\n<tr>\n<th class=\"specs-table__lbl\">\n<p class=\"h6\">Alto<\/p>\n<\/th>\n<td class=\"specs-table__val\">159 mm<\/td>\n<\/tr>\n<tr>\n<th class=\"specs-table__lbl\">\n<p class=\"h6\">Profundo<\/p>\n<\/th>\n<td class=\"specs-table__val\">353 mm<\/td>\n<\/tr>\n<tr>\n<th class=\"specs-table__lbl\">\n<p class=\"h6\">Peso<\/p>\n<\/th>\n<td class=\"specs-table__val\">14,6 kg<\/td>\n<\/tr>\n<\/tbody>\n<\/table>\n<\/div>\n<\/div>\n<div class=\"folder__container js-folder js-folder--is-open\">\n<h3 class=\"folder__trigger js-folder__header js-folder__header--is-open\">Giradiscos<i class=\"ico\"><\/i><\/h3>\n<div class=\"folder__content js-folder__content js-folder__content--is-open\">\n<table class=\"specs-table\">\n<tbody>\n<tr>\n<th class=\"specs-table__lbl\">\n<p class=\"h6\">Sistema de tracci\u00f3n<\/p>\n<\/th>\n<td class=\"specs-table__val\">Tracci\u00f3n Directa Servo con Reloj de Cuarzo<\/td>\n<\/tr>\n<tr>\n<th class=\"specs-table__lbl\">\n<p class=\"h6\">Plato<\/p>\n<\/th>\n<td class=\"specs-table__val\">Aluminio fundido. Di\u00e1metro: 332 mm<\/td>\n<\/tr>\n<tr>\n<th class=\"specs-table__lbl\">\n<p class=\"h6\">Motor<\/p>\n<\/th>\n<td class=\"specs-table__val\">Corriente continua de 3 fases sin escobillas<\/td>\n<\/tr>\n<tr>\n<th class=\"specs-table__lbl\">\n<p class=\"h6\">Sistema de parada<\/p>\n<\/th>\n<td class=\"specs-table__val\">Freno electr\u00f3nico<\/td>\n<\/tr>\n<tr>\n<th class=\"specs-table__lbl\">\n<p class=\"h6\">Velocidad de rotaci\u00f3n<\/p>\n<\/th>\n<td class=\"specs-table__val\">33\u2153-45 rpm<\/td>\n<\/tr>\n<tr>\n<th class=\"specs-table__lbl\">\n<p class=\"h6\">Ajuste de rango de giro<\/p>\n<\/th>\n<td class=\"specs-table__val\">\u00b18, \u00b116, \u00b150 %<\/td>\n<\/tr>\n<tr>\n<th class=\"specs-table__lbl\">\n<p class=\"h6\">Fluctuaci\u00f3n y tr\u00e9molo<\/p>\n<\/th>\n<td class=\"specs-table__val\">< 0,01 % (Medido obteniendo se\u00f1al del generador de frecuencias incorporado en el motor.)<\/td>\n<\/tr>\n<tr>\n<th class=\"specs-table__lbl\">\n<p class=\"h6\">Relaci\u00f3n Se\u00f1al\/Ruido<\/p>\n<\/th>\n<td class=\"specs-table__val\">70 dB<\/td>\n<\/tr>\n<tr>\n<th class=\"specs-table__lbl\">\n<p class=\"h6\">Potencia de Arranque<\/p>\n<\/th>\n<td class=\"specs-table__val\">> 4,5 kgf\u30fbcm<\/td>\n<\/tr>\n<tr>\n<th class=\"specs-table__lbl\">\n<p class=\"h6\">Tiempo de Arranque<\/p>\n<\/th>\n<td class=\"specs-table__val\">Menos de 0,3 seg (a 33\u2153 rpm)<\/td>\n<\/tr>\n<\/tbody>\n<\/table>\n<\/div>\n<\/div>\n<h3 class=\"folder__container js-folder js-folder--is-open\">Brazo<\/h3>\n<div class=\"folder__content js-folder__content js-folder__content--is-open\">\n<table class=\"specs-table\">\n<tbody>\n<tr>\n<th class=\"specs-table__lbl\">Tipo de Brazo<\/th>\n<td class=\"specs-table__val\">\n<ul>\n<li>Tipo universal con forma de S<\/li>\n<li>Estructura de soporte por card\u00e1n<\/li>\n<li>Tipo equilibrio est\u00e1tico<\/li>\n<\/ul>\n<\/td>\n<\/tr>\n<tr>\n<th class=\"specs-table__lbl\">Sobresaliente<\/th>\n<td class=\"specs-table__val\">15 mm<\/td>\n<\/tr>\n<tr>\n<th class=\"specs-table__lbl\">Longitud efectiva<\/th>\n<td class=\"specs-table__val\">230 mm<\/td>\n<\/tr>\n<tr>\n<th class=\"specs-table__lbl\">Error de lectura<\/th>\n<td class=\"specs-table__val\">Dentro de los 3 \u00b0<\/td>\n<\/tr>\n<tr>\n<th class=\"specs-table__lbl\">Ajuste de altura<\/th>\n<td class=\"specs-table__val\">6 mm<\/td>\n<\/tr>\n<tr>\n<th class=\"specs-table__lbl\">Ajuste de peso<\/th>\n<td class=\"specs-table__val\">0-4 g (1 scale 0.1 g)<\/td>\n<\/tr>\n<tr>\n<th class=\"specs-table__lbl\">Peso (cabezal \u00fanico)<\/th>\n<td class=\"specs-table__val\">2.5-12 g (incluye materiales de montaje)<\/td>\n<\/tr>\n<\/tbody>\n<\/table>\n<\/div>\n<div class=\"folder__container js-folder js-folder--is-open\">\n<h3 class=\"folder__trigger js-folder__header js-folder__header--is-open\">Terminales<\/h3>\n<div class=\"folder__content js-folder__content js-folder__content--is-open\">\n<table class=\"specs-table\">\n<tbody>\n<tr>\n<th class=\"specs-table__lbl\">\n<p class=\"h6\">Salidas<\/p>\n<\/th>\n<td class=\"specs-table__val\">1 ANAL\u00d3GICA (RCA)<\/td>\n<\/tr>\n<\/tbody>\n<\/table>\n<\/div>\n<\/div>\n<p>\u00a0<\/p>\n<p>Para m\u00e1s informaci\u00f3n del producto:<\/p>\n<p><a href=\"https:\/\/www.pioneerdj.com\/es-es\/product\/turntable\/plx-1000\/black\/overview\/\" target=\"_blank\" rel=\"noopener\">https:\/\/www.pioneerdj.com\/es-es\/product\/turntable\/plx-1000\/black\/overview\/<\/a><\/p>\n","protected":false},"excerpt":{"rendered":"<h4 class=\"desc\">Giradiscos Pioneer DJ PLX-1000 profesional de tracci\u00f3n directa (Negro)<\/h4>\n<p>Pioneer celebra 20 a\u00f1os en la industria del DJ con el lanzamiento de un cl\u00e1sico moderno: el giradiscos profesional PLX-1000. Modelo de precisi\u00f3n para cabina, que incorpora los 50 a\u00f1os de experiencia de Pioneer construyendo giradiscos de alta gama.<\/p>\n<p>El resultado es un dise\u00f1o familiar con algunas mejoras de \u00faltima generaci\u00f3n, incluyendo un sistema de tracci\u00f3n directa de alto rendimiento, control multi-pitch (\u00b18%, \u00b116%, \u00b150%), dise\u00f1o para Club, calidad de sonido y cables de audio y de corriente desmontables.<\/p>\n","protected":false},"featured_media":15911,"template":"","meta":[],"product_cat":[665,740,741],"product_tag":[],"class_list":{"0":"post-14197","1":"product","2":"type-product","3":"status-publish","4":"has-post-thumbnail","6":"product_brand-pioneer-dj","7":"product_cat-dj","8":"product_cat-giradiscos","9":"product_cat-giradiscos-giradiscos","11":"first","12":"instock","13":"taxable","14":"shipping-taxable","15":"purchasable","16":"product-type-simple","17":"col-xs-6 col-sm-4","18":"col-md-3 col-lg-3","19":"un-4-cols"},"_links":{"self":[{"href":"https:\/\/www.audioibiza.com\/index.php\/wp-json\/wp\/v2\/product\/14197","targetHints":{"allow":["GET"]}}],"collection":[{"href":"https:\/\/www.audioibiza.com\/index.php\/wp-json\/wp\/v2\/product"}],"about":[{"href":"https:\/\/www.audioibiza.com\/index.php\/wp-json\/wp\/v2\/types\/product"}],"wp:featuredmedia":[{"embeddable":true,"href":"https:\/\/www.audioibiza.com\/index.php\/wp-json\/wp\/v2\/media\/15911"}],"wp:attachment":[{"href":"https:\/\/www.audioibiza.com\/index.php\/wp-json\/wp\/v2\/media?parent=14197"}],"wp:term":[{"taxonomy":"product_cat","embeddable":true,"href":"https:\/\/www.audioibiza.com\/index.php\/wp-json\/wp\/v2\/product_cat?post=14197"},{"taxonomy":"product_tag","embeddable":true,"href":"https:\/\/www.audioibiza.com\/index.php\/wp-json\/wp\/v2\/product_tag?post=14197"}],"curies":[{"name":"wp","href":"https:\/\/api.w.org\/{rel}","templated":true}]}}