{"id":14183,"date":"2019-09-24T17:24:09","date_gmt":"2019-09-24T15:24:09","guid":{"rendered":"https:\/\/www.audioibiza.com\/?post_type=product&#038;p=14183"},"modified":"2026-01-16T11:05:15","modified_gmt":"2026-01-16T10:05:15","slug":"mesa-de-mezclas-pioneer-dj-djm-450","status":"publish","type":"product","link":"https:\/\/www.audioibiza.com\/index.php\/mesa-de-mezclas-pioneer-dj-djm-450\/","title":{"rendered":"Mesa de mezclas PIONEER DJ DJM-450"},"content":{"rendered":"<p><iframe title=\"Pioneer DJ DJM-450 Official Introduction\" width=\"840\" height=\"473\" src=\"https:\/\/www.youtube.com\/embed\/ikLRKUTKjhM?feature=oembed\" frameborder=\"0\" allow=\"accelerometer; autoplay; clipboard-write; encrypted-media; gyroscope; picture-in-picture; web-share\" referrerpolicy=\"strict-origin-when-cross-origin\" allowfullscreen><\/iframe><\/p>\n<h1>Mesa de mezclas PIONEER DJ DJM-450<\/h1>\n<p>La <a href=\"https:\/\/www.audioibiza.com\/index.php\/mesa-de-mezclas-pioneer-dj-djm-450\/\">mesa de mezclas Pioneer DJ DJM-450<\/a> es la mesa de mezclas ideal para complementar a los reproductores XDJ-700 o los platos PLX-1000. El crossfader Magvel, el suave EQ y los faders de canal ofrecen una respuesta precisa para que te sientas seguro mezclando. Sound Colour FX y Beat FX tienen control de par\u00e1metros.<\/p>\n<p>Y gracias al procesador digital de 64 bits disfrutar\u00e1s de audio de alta calidad, c\u00e1lido, tanto para las fuentes de sonido anal\u00f3gicas como la digitales.<\/p>\n<p>La DJM-450 tambi\u00e9n viene con claves de licencia para\u00a0<a href=\"https:\/\/www.pioneerdj.com\/es-es\/product\/software\/rekordbox\/software\/overview\/\" target=\"_blank\" rel=\"noopener\">rekordbox dj<\/a>\u00a0y\u00a0<a href=\"https:\/\/www.pioneerdj.com\/es-es\/product\/software\/rekordbox\/software\/overview\/\" target=\"_blank\" rel=\"noopener\">rekordbox dvs<\/a>, por lo que puedes pinchar con pistas guardadas en tu PC\/Mac cuando utilizas giradiscos y\u00a0<a href=\"https:\/\/www.pioneerdj.com\/es-es\/product\/accessories\/rb-vs1-k\/time-code\/overview\/\" target=\"_blank\" rel=\"noopener\">control vinyl<\/a>\u00a0(disponible por separado).<\/p>\n<p>&nbsp;<\/p>\n<ul>\n<li>\n<div class=\"feature compact\">\n<div class=\"head\">\n<h2 class=\"h3\">DISE\u00d1O PROFESIONAL<\/h2>\n<\/div>\n<div class=\"body\">\n<p>Mezclar con la DJM-450 es instintivo gracias a su dise\u00f1o, que hereda la distribuci\u00f3n de la mesa de mezclas profesional, DJM-900NXS2.<\/p>\n<\/div>\n<\/div>\n<\/li>\n<li>\n<div class=\"feature compact\">\n<div class=\"head\">\n<h2 class=\"h3\">MEZCLA SUAVE<\/h2>\n<\/div>\n<div class=\"body\">\n<p>El ecualizador permite equilibrar las frecuencias altas, medias y bajas en todos los canales. Escoge tu curva de ecualizaci\u00f3n preferida o utiliza la funci\u00f3n Isolator para eliminar por completo cada banda del ecualizador y obtener as\u00ed la mezcla perfecta.<\/p>\n<\/div>\n<\/div>\n<\/li>\n<li>\n<div class=\"feature compact\">\n<div class=\"head\">\n<h2 class=\"h3\">FADERS ROBUSTOS<\/h2>\n<\/div>\n<div class=\"body\">\n<p>Nuestro propio fader Magvel proporciona un control suave y constante. Dos ejes de metal soportan los faders deslizadores, mientras que el sistema magn\u00e9tico sin contacto est\u00e1 dise\u00f1ado para soportar millones de actuaciones.<\/p>\n<\/div>\n<\/div>\n<\/li>\n<li>\n<div class=\"feature compact\">\n<div class=\"head\">\n<h2 class=\"h3\">FX PROFESIONAL<\/h2>\n<\/div>\n<div class=\"body\">\n<p>A\u00f1ade 8 tipos diferentes de Beat FX \u2013 Delay, Echo, Spiral, Reverb, Trans, Flanger, Pitch y Roll \u2013 sincronizados con los BPMs. O dispara 4 Sound Colour FX con calidad de estudio \u2013 Dub Echo, Sweep, Noise y Filter \u2013 y utiliza el bot\u00f3n de control de par\u00e1metros para a\u00f1adir creatividad a tus mezclas.<\/p>\n<\/div>\n<\/div>\n<\/li>\n<li>\n<div class=\"feature compact\">\n<div class=\"head\">\n<h2 class=\"h3\">REKORDBOX DJ INCLUIDO<\/h2>\n<\/div>\n<div class=\"body\">\n<p>Esta mesa de mezclas incluye una clave de licencia gratuita para nuestra aplicaci\u00f3n rekordbox dj. Simplemente activa tu clave de licencia, conecta tu ordenador v\u00eda USB, y comienza a pinchar.<\/p>\n<\/div>\n<\/div>\n<\/li>\n<li>\n<div class=\"feature compact active\">\n<div class=\"head\">\n<h2 class=\"h3\">REKORDBOX DVS INCLUIDO<\/h2>\n<\/div>\n<div class=\"body\">\n<p class=\"Cuerpo\">Tambi\u00e9n se incluye una clave de licencia gratuita de\u00a0<a href=\"https:\/\/www.pioneerdj.com\/es-es\/product\/software\/rekordbox\/software\/overview\/\" target=\"_blank\" rel=\"noopener\">rekordbox dvs<\/a>\u00a0para realizar scratching de baja latencia con CDJs y XDJs. O pincha con pistas desde tu biblioteca rekordbox utilizando un giradiscos anal\u00f3gico y\u00a0<a href=\"https:\/\/www.pioneerdj.com\/es-es\/product\/accessories\/rb-vs1-k\/time-code\/overview\/\" target=\"_blank\" rel=\"noopener\">Control Vinyl<\/a>\u00a0(a la venta por separado).<\/p>\n<\/div>\n<\/div>\n<p>&nbsp;<\/li>\n<\/ul>\n<h3>Sonido de alta calidad<\/h3>\n<p>No importa si trabajas con fuentes de sonido digitales o anal\u00f3gicas, obtendr\u00e1s siempre un sonido c\u00e1lido y de alta calidad creado por el procesador de se\u00f1al digital de 64 bits que utiliza tecnolog\u00eda de tramado.<\/p>\n<h3>Independent Send\/Return<\/h3>\n<p>Usa los FX incorporados y FX externos al mismo tiempo desde las aplicaciones m\u00f3viles. S\u00f3lo tienes que conectar tu smartphone o Tablet a trav\u00e9s de USB para tener aplicaciones de instrumentos y de FX.<\/p>\n<h3>Conexi\u00f3n flexible<\/h3>\n<p>El terminal XLR los RCA chapados en oro, proporcionar una calidad de sonido superior en todas las conexiones.<\/p>\n<h3>Secci\u00f3n MIC independiente<\/h3>\n<p>Puedes utilizar el Micro y la entrada Aux al mismo tiempo.<\/p>\n<h3>DJM-REC<\/h3>\n<p>Compatible con la\u00a0<a href=\"https:\/\/www.pioneerdj.com\/es-es\/product\/software\/djm-rec\/dj-app\/overview\/\" target=\"_blank\" rel=\"noopener\">aplicaci\u00f3n DJM-REC<\/a>, puedes grabar de manera eficiente y despu\u00e9s archivar f\u00e1cilmente tus mezclas a trav\u00e9s de iPhone o iPad, subir tus sonidos a servicios en la nube o transmitir sesiones en vivo, sin esfuerzo.<\/p>\n<p>&nbsp;<\/p>\n<div class=\"folder__container js-folder js-folder--is-open\">\n<h4 class=\"folder__trigger js-folder__header js-folder__header--is-open\">Funciones principales<i class=\"ico\"><\/i><\/h4>\n<div class=\"folder__content js-folder__content js-folder__content--is-open\">\n<table class=\"specs-table\">\n<tbody>\n<tr>\n<th class=\"specs-table__lbl\">\n<p class=\"h6\">Software incluido<\/p>\n<\/th>\n<td class=\"specs-table__val\">\n<ul class=\"list-rotary\">\n<li><a href=\"https:\/\/www.pioneerdj.com\/es-es\/product\/software\/rekordbox\/software\/overview\/\" target=\"_blank\" rel=\"noopener\">rekordbox dj<\/a><\/li>\n<li><a href=\"https:\/\/www.pioneerdj.com\/es-es\/product\/software\/rekordbox\/software\/overview\" target=\"_blank\" rel=\"noopener\">rekordbox dvs<\/a><\/li>\n<\/ul>\n<\/td>\n<\/tr>\n<tr>\n<th class=\"specs-table__lbl\">\n<p class=\"h6\">Control Scratch<\/p>\n<\/th>\n<td class=\"specs-table__val\">rekordbox dvs<\/td>\n<\/tr>\n<tr>\n<th class=\"specs-table__lbl\">\n<p class=\"h6\">Contenido de la caja<\/p>\n<\/th>\n<td class=\"specs-table__val\">\n<ul class=\"list-rotary\">\n<li>DJM-450<\/li>\n<li>Cable de alimentaci\u00f3n<\/li>\n<li>Adaptador CA<\/li>\n<li>Cable USB<\/li>\n<li>Manual de instrucciones (Gu\u00eda de inicio r\u00e1pido)<\/li>\n<li>Garant\u00eda<\/li>\n<li>Tarjeta con clave de licencia (rekordbox dj, rekordbox dvs)<\/li>\n<\/ul>\n<\/td>\n<\/tr>\n<\/tbody>\n<\/table>\n<\/div>\n<\/div>\n<div class=\"folder__container js-folder js-folder--is-open\">\n<h4 class=\"folder__trigger js-folder__header js-folder__header--is-open\">Especificaciones<i class=\"ico\"><\/i><\/h4>\n<div class=\"folder__content js-folder__content js-folder__content--is-open\">\n<table class=\"specs-table\">\n<tbody>\n<tr>\n<th class=\"specs-table__lbl\">\n<p class=\"h6\">Ancho<\/p>\n<\/th>\n<td class=\"specs-table__val\">230 mm<\/td>\n<\/tr>\n<tr>\n<th class=\"specs-table__lbl\">\n<p class=\"h6\">Alto<\/p>\n<\/th>\n<td class=\"specs-table__val\">108 mm<\/td>\n<\/tr>\n<tr>\n<th class=\"specs-table__lbl\">\n<p class=\"h6\">Profundo<\/p>\n<\/th>\n<td class=\"specs-table__val\">320 mm<\/td>\n<\/tr>\n<tr>\n<th class=\"specs-table__lbl\">\n<p class=\"h6\">Rango de frecuencia<\/p>\n<\/th>\n<td class=\"specs-table__val\">20 &#8211; 20000 Hz<\/td>\n<\/tr>\n<tr>\n<th class=\"specs-table__lbl\">\n<p class=\"h6\">Velocidad de muestreo<\/p>\n<\/th>\n<td class=\"specs-table__val\">48 kHz<\/td>\n<\/tr>\n<tr>\n<th class=\"specs-table__lbl\">\n<p class=\"h6\">Convertidor A\/D<\/p>\n<\/th>\n<td class=\"specs-table__val\">24 bit<\/td>\n<\/tr>\n<tr>\n<th class=\"specs-table__lbl\">\n<p class=\"h6\">Convertidor D\/A<\/p>\n<\/th>\n<td class=\"specs-table__val\">24 bit<\/td>\n<\/tr>\n<tr>\n<th class=\"specs-table__lbl\">\n<p class=\"h6\">Relaci\u00f3n Se\u00f1al\/Ruido Line<\/p>\n<\/th>\n<td class=\"specs-table__val\">94 dB<\/td>\n<\/tr>\n<tr>\n<th class=\"specs-table__lbl\">\n<p class=\"h6\">Distorsi\u00f3n<\/p>\n<\/th>\n<td class=\"specs-table__val\">&lt; 0.005 % (LINE)<\/td>\n<\/tr>\n<\/tbody>\n<\/table>\n<\/div>\n<\/div>\n<div class=\"folder__container js-folder js-folder--is-open\">\n<h4 class=\"folder__trigger js-folder__header js-folder__header--is-open\">Canales<i class=\"ico\"><\/i><\/h4>\n<div class=\"folder__content js-folder__content js-folder__content--is-open\">\n<table class=\"specs-table\">\n<tbody>\n<tr>\n<th class=\"specs-table__lbl\">\n<p class=\"h6\">EQ\/ISO<\/p>\n<\/th>\n<td class=\"specs-table__val\">3 band<\/td>\n<\/tr>\n<tr>\n<th class=\"specs-table__lbl\">\n<p class=\"h6\">Rango EQ\/ISO<\/p>\n<\/th>\n<td class=\"specs-table__val\">Ecualizador de 3 bandas conmutable, incorporado: -26 dB ~ +6 dB \/ aislador de 3 bandas: -\u221e ~ +6 dB<\/td>\n<\/tr>\n<\/tbody>\n<\/table>\n<\/div>\n<\/div>\n<div class=\"folder__container js-folder js-folder--is-open\">\n<h4 class=\"folder__trigger js-folder__header js-folder__header--is-open\">Control de rendimiento<i class=\"ico\"><\/i><\/h4>\n<div class=\"folder__content js-folder__content js-folder__content--is-open\">\n<table class=\"specs-table\">\n<tbody>\n<tr>\n<th class=\"specs-table__lbl\">\n<p class=\"h6\">Canales<\/p>\n<\/th>\n<td class=\"specs-table__val\">2<\/td>\n<\/tr>\n<tr>\n<th class=\"specs-table__lbl\">\n<p class=\"h6\">Sound Color FX<\/p>\n<\/th>\n<td class=\"specs-table__val\">\n<ul>\n<li>Dub Echo<\/li>\n<li>Sweep<\/li>\n<li>Noise<\/li>\n<li>Filter<\/li>\n<\/ul>\n<\/td>\n<\/tr>\n<tr>\n<th class=\"specs-table__lbl\">\n<p class=\"h6\">Beat FX<\/p>\n<\/th>\n<td class=\"specs-table__val\">\n<ul>\n<li>Delay<\/li>\n<li>Echo<\/li>\n<li>Spiral<\/li>\n<li>Reverb<\/li>\n<li>Trans<\/li>\n<li>Flanger<\/li>\n<li>Pitch<\/li>\n<li>Roll<\/li>\n<\/ul>\n<\/td>\n<\/tr>\n<\/tbody>\n<\/table>\n<\/div>\n<\/div>\n<div class=\"folder__container js-folder js-folder--is-open\">\n<h4 class=\"folder__trigger js-folder__header js-folder__header--is-open\">Curva Fader<i class=\"ico\"><\/i><\/h4>\n<div class=\"folder__content js-folder__content js-folder__content--is-open\">\n<table class=\"specs-table\">\n<tbody>\n<tr>\n<th class=\"specs-table__lbl\">\n<p class=\"h6\">Tipo de Crossfader<\/p>\n<\/th>\n<td class=\"specs-table__val\">Fader Magvel<\/td>\n<\/tr>\n<\/tbody>\n<\/table>\n<\/div>\n<\/div>\n<div class=\"folder__container js-folder js-folder--is-open\">\n<h4 class=\"folder__trigger js-folder__header js-folder__header--is-open\">Atenuador Talkover<i class=\"ico\"><\/i><\/h4>\n<div class=\"folder__content js-folder__content js-folder__content--is-open\">\n<table class=\"specs-table\">\n<tbody>\n<tr>\n<th class=\"specs-table__lbl\">\n<p class=\"h6\">Conexi\u00f3n Mic<\/p>\n<\/th>\n<td class=\"specs-table__val\">TRS Jack 1\/4 pulgadas<\/td>\n<\/tr>\n<\/tbody>\n<\/table>\n<\/div>\n<\/div>\n<div class=\"folder__container js-folder js-folder--is-open\">\n<h4 class=\"folder__trigger js-folder__header js-folder__header--is-open\">Terminales<\/h4>\n<div class=\"folder__content js-folder__content js-folder__content--is-open\">\n<table class=\"specs-table\">\n<tbody>\n<tr>\n<th class=\"specs-table__lbl\">\n<p class=\"h6\">Entradas<\/p>\n<\/th>\n<td class=\"specs-table__val\">\n<ul>\n<li>3 LINE (RCA)<\/li>\n<li>2 PHONO (RCA)<\/li>\n<li>1 MIC (Jack 1\/4 pulgadas)<\/li>\n<\/ul>\n<\/td>\n<\/tr>\n<tr>\n<th class=\"specs-table__lbl\">\n<p class=\"h6\">Modos Performance<\/p>\n<\/th>\n<td class=\"specs-table__val\">\n<ul>\n<li>1 puerto USB B<\/li>\n<li>1 puerto USB A<\/li>\n<\/ul>\n<\/td>\n<\/tr>\n<tr>\n<th class=\"specs-table__lbl\">\n<p class=\"h6\">Salidas<\/p>\n<\/th>\n<td class=\"specs-table__val\">\n<ul>\n<li>1 MASTER (XLR)<\/li>\n<li>1 MASTER (RCA)<\/li>\n<li>2 HEADPHONE MONITOR (Jack 1\/4 pulgadas, mini-jack)<\/li>\n<\/ul>\n<\/td>\n<\/tr>\n<\/tbody>\n<\/table>\n<\/div>\n<\/div>\n<p>&nbsp;<\/p>\n<p>Para m\u00e1s informaci\u00f3n del producto:<\/p>\n<p><a href=\"https:\/\/www.pioneerdj.com\/es-es\/product\/mixer\/djm-450\/black\/overview\/\" target=\"_blank\" rel=\"noopener\">https:\/\/www.pioneerdj.com\/es-es\/product\/mixer\/djm-450\/black\/overview\/<\/a><\/p>\n","protected":false},"excerpt":{"rendered":"<div class=\"head\">\n<h4 class=\"desc\">Mesa de mezclas Pioneer DJ DJM-450 de 2 canales<\/h4>\n<p>La mesa de mezclas ideal para complementar a los reproductores XDJ-700 o los platos PLX-1000. El crossfader Magvel, el suave EQ y los faders de canal ofrecen una respuesta precisa para que te sientas seguro mezclando. Mientras que Sound Colour FX y Beat FX, con control de par\u00e1metros, a\u00f1aden un toque creativo a tus mezclas.<\/p>\n<p>Y gracias al procesador digital de 64 bits disfrutar\u00e1s de audio de alta calidad, c\u00e1lido, tanto para las fuentes de sonido anal\u00f3gicas como la digitales. Viene con claves de licencia para rekordbox dj y rekordbox dvs, por lo que puedes pinchar con pistas guardadas en tu PC\/Mac cuando utilizas giradiscos y control vinyl (disponible por separado).<\/p>\n<\/div>\n","protected":false},"featured_media":15916,"template":"","meta":[],"product_cat":[665,729,728],"product_tag":[],"class_list":{"0":"post-14183","1":"product","2":"type-product","3":"status-publish","4":"has-post-thumbnail","6":"product_brand-pioneer-dj","7":"product_cat-dj","8":"product_cat-mesa-de-mezclas-dj","9":"product_cat-mesas-de-mezclas-dj","11":"first","12":"instock","13":"taxable","14":"shipping-taxable","15":"purchasable","16":"product-type-simple","17":"col-xs-6 col-sm-4","18":"col-md-3 col-lg-3","19":"un-4-cols"},"_links":{"self":[{"href":"https:\/\/www.audioibiza.com\/index.php\/wp-json\/wp\/v2\/product\/14183","targetHints":{"allow":["GET"]}}],"collection":[{"href":"https:\/\/www.audioibiza.com\/index.php\/wp-json\/wp\/v2\/product"}],"about":[{"href":"https:\/\/www.audioibiza.com\/index.php\/wp-json\/wp\/v2\/types\/product"}],"wp:featuredmedia":[{"embeddable":true,"href":"https:\/\/www.audioibiza.com\/index.php\/wp-json\/wp\/v2\/media\/15916"}],"wp:attachment":[{"href":"https:\/\/www.audioibiza.com\/index.php\/wp-json\/wp\/v2\/media?parent=14183"}],"wp:term":[{"taxonomy":"product_cat","embeddable":true,"href":"https:\/\/www.audioibiza.com\/index.php\/wp-json\/wp\/v2\/product_cat?post=14183"},{"taxonomy":"product_tag","embeddable":true,"href":"https:\/\/www.audioibiza.com\/index.php\/wp-json\/wp\/v2\/product_tag?post=14183"}],"curies":[{"name":"wp","href":"https:\/\/api.w.org\/{rel}","templated":true}]}}