{"id":14179,"date":"2019-09-24T17:19:26","date_gmt":"2019-09-24T15:19:26","guid":{"rendered":"https:\/\/www.audioibiza.com\/?post_type=product&#038;p=14179"},"modified":"2026-02-05T11:21:09","modified_gmt":"2026-02-05T10:21:09","slug":"mesa-de-mezclas-pioneer-dj-djm-250mk2","status":"publish","type":"product","link":"https:\/\/www.audioibiza.com\/index.php\/mesa-de-mezclas-pioneer-dj-djm-250mk2\/","title":{"rendered":"Mesa de mezclas PIONEER DJ DJM-250MK2"},"content":{"rendered":"<p><iframe title=\"Pioneer DJ DJM-250MK2 Official Introduction\" width=\"840\" height=\"473\" src=\"https:\/\/www.youtube.com\/embed\/3bPY7nc7wpY?feature=oembed\" frameborder=\"0\" allow=\"accelerometer; autoplay; clipboard-write; encrypted-media; gyroscope; picture-in-picture; web-share\" referrerpolicy=\"strict-origin-when-cross-origin\" allowfullscreen><\/iframe><\/p>\n<h1>Mesa de mezclas PIONEER DJ DJM-250MK2<\/h1>\n<p>La <a href=\"https:\/\/www.audioibiza.com\/index.php\/mesa-de-mezclas-pioneer-dj-djm-250mk2\/\">mesa de mezclas Pioneer DJ DJM-250MK2<\/a> ha heredado algunas de las caracter\u00edsticas profesionales de la popular DJM-900NXS2, como el crossfader Magvel y el filtro Sound Color FX. Controles sencillos, un dise\u00f1o claro y aisladores de 3 bandas que te permiten hacer scratch y mezclar de forma instintiva.<\/p>\n<p>La tecnolog\u00eda de tramado empleada en esta mesa de mezclas, da como resultado un audio c\u00e1lido y de alta calidad tanto de fuentes anal\u00f3gicas como digitales. Adem\u00e1s, su tarjeta de sonido integrada te permite conectar la\u00a0mesa de mezclas a tu PC\/Mac y utilizar\u00a0<a href=\"https:\/\/www.pioneerdj.com\/es-es\/product\/software\/rekordbox\/software\/overview\/\" target=\"_blank\" rel=\"noopener\">rekordbox dj<\/a>\u00a0para actuar con\u00a0CDJs.<\/p>\n<p>O conecta el DJM-250MK2 a los\u00a0giradiscos\u00a0y utiliza\u00a0<a href=\"https:\/\/www.pioneerdj.com\/es-es\/product\/software\/rekordbox\/software\/overview\" target=\"_blank\" rel=\"noopener\">rekordbox dvs<\/a>\u00a0en combinaci\u00f3n con nuestro\u00a0<a href=\"https:\/\/www.pioneerdj.com\/es-es\/product\/accessories\/rb-vs1-k\/time-code\/overview\/\" target=\"_blank\" rel=\"noopener\">control vinyl<\/a>\u00a0para hacer scratch y mezclar con archivos digitales almacenados en tu ordenador<\/p>\n<ul>\n<li>\n<div class=\"feature compact\">\n<div class=\"head\">\n<h2 class=\"h3\">DISE\u00d1O CLARO Y FADERS MAGVEL<\/h2>\n<\/div>\n<div class=\"body\">\n<p>La clara disposici\u00f3n de la mitad inferior del dise\u00f1o de la DJM-250MK2 te da la libertad de practicar t\u00e9cnicas de scratch complicadas. Nuestros robustos Faders Magvel garantizan un control suave durante largas sesiones. 2 ejes met\u00e1licos soportan los mandos del fader, mientras que el sistema magn\u00e9tico sin contacto est\u00e1 dise\u00f1ado para soportar millones de movimientos.<\/p>\n<\/div>\n<\/div>\n<\/li>\n<li>\n<div class=\"feature compact\">\n<div class=\"head\">\n<h2 class=\"h3\">MEZCLA SUAVE<\/h2>\n<\/div>\n<div class=\"body\">\n<p>Realizar mezclas fluidas es muy f\u00e1cil con los faders de canal y los aisladores de 3 bandas de la mesa de mezclas, que ofrece precisi\u00f3n a trav\u00e9s de los sonidos altos, medios y bajos. Puedes utilizarlos para eliminar totalmente cada rango de frecuencia girando el mando completamente hacia la izquierda.<\/p>\n<\/div>\n<\/div>\n<\/li>\n<li>\n<div class=\"feature compact\">\n<div class=\"head\">\n<h2 class=\"h3\">FILTOS FX EMBLEM\u00c1TICOS<\/h2>\n<\/div>\n<div class=\"body\">\n<p>Cada canal viene con su propio filtro Sound Color FX, una caracter\u00edstica heredada de la mesa de mezclas DJM-900NXS2. Simplemente gira el mando rotatorio en cada canal para aplicar el filtro, gira el control de par\u00e1metros para la textura, a\u00f1adiendo resonancia y tensi\u00f3n.<\/p>\n<\/div>\n<\/div>\n<\/li>\n<li>\n<div class=\"feature compact\">\n<div class=\"head\">\n<h2 class=\"h3\">TARJETA DE SONIDO USB INCORPORADA<\/h2>\n<\/div>\n<div class=\"body\">\n<p>Conecta la DJM-250MK2 a tu PC\/Mac con un solo cable USB. La conexi\u00f3n USB soporta entrada y salida de sonido, por lo que puedes grabar tus mezclas en el disco duro de tu ordenador.<\/p>\n<\/div>\n<\/div>\n<\/li>\n<li>\n<div class=\"feature compact\">\n<div class=\"head\">\n<h2 class=\"h3\">REKORDBOX DJ INCLUIDO<\/h2>\n<\/div>\n<div class=\"body\">\n<p>Esta mesa de mezclas incluye una clave de licencia gratuita para nuestra aplicaci\u00f3n\u00a0<a href=\"https:\/\/www.pioneerdj.com\/es-es\/product\/software\/rekordbox\/software\/overview\/\" target=\"_blank\" rel=\"noopener\">rekordbox dj<\/a>. Simplemente activa tu clave de licencia, conecta tu ordenador v\u00eda USB, y comienza a pinchar.<\/p>\n<\/div>\n<\/div>\n<\/li>\n<li>\n<div class=\"feature compact active\">\n<div class=\"head\">\n<h2 class=\"h3\">REKORDBOX DVS INCLUIDO<\/h2>\n<\/div>\n<div class=\"body\">\n<p>Tambi\u00e9n se incluye una clave de licencia gratuita de\u00a0<a href=\"https:\/\/www.pioneerdj.com\/es-es\/product\/software\/rekordbox\/software\/overview\/\" target=\"_blank\" rel=\"noopener\">rekordbox dvs<\/a>\u00a0para realizar scratching de baja latencia con CDJs y XDJs. O pincha con pistas desde tu biblioteca rekordbox utilizando un giradiscos anal\u00f3gico y\u00a0<a href=\"https:\/\/www.pioneerdj.com\/es-es\/product\/accessories\/rb-vs1-k\/time-code\/overview\/\" target=\"_blank\" rel=\"noopener\">Control Vinyl<\/a>\u00a0(a la venta por separado).<\/p>\n<\/div>\n<\/div>\n<p>&nbsp;<\/li>\n<\/ul>\n<h3>Sonido de alta calidad<\/h3>\n<p>No importa si trabajas con fuentes de sonido digitales o anal\u00f3gicas, obtendr\u00e1s siempre un sonido c\u00e1lido y de alta calidad creado por el procesador de se\u00f1al digital de 64 bits que utiliza tecnolog\u00eda de tramado.<\/p>\n<h3>Dos salidas de auriculares<\/h3>\n<p>La DJM-250MK2 te permite conectar un jack est\u00e9reo de \u00bc de pulgada y un mini jack de 3.5-mm. Elige tu tama\u00f1o o conecta 2 auriculares cuando actu\u00e9is dos DJs.<\/p>\n<h3>Secci\u00f3n MIC independiente<\/h3>\n<p>Puedes utilizar el Micro y la entrada Aux al mismo tiempo.<\/p>\n<h3>Conexi\u00f3n flexible<\/h3>\n<p>El terminal XLR los RCA, proporcionar una calidad de sonido superior en todas las conexiones.<\/p>\n<h3>Control DVS para TRAKTOR<\/h3>\n<p>Esta unidad admite el control DVS del software DJ\u00a0<a class=\"lnk-external\" href=\"http:\/\/www.native-instruments.com\/en\/products\/traktor\/dj-software\/traktor-pro-2\/\" target=\"_blank\" rel=\"noopener noreferrer\">TRAKTOR SCRATCH PRO 2\u00a0<\/a>\u00a0de Native Instruments. Conecta tu PC\/Mac en esta unidad y utiliza el control TRAKTOR SCRATCH PRO 2 (control de vinilo o CD) para controlar intuitivamente y scratchear con archivos de audio digitales almacenados en tu ordenador.<br \/>\nObt\u00e9n m\u00e1s informaci\u00f3n sobre el\u00a0<a href=\"https:\/\/www.pioneerdj.com\/es-es\/landing\/pioneer-dj-certified\/\" target=\"_blank\" rel=\"noopener\">programa certificado de Pioneer DJ.<\/a><\/p>\n<p>&nbsp;<\/p>\n<div class=\"folder__container js-folder js-folder--is-open\">\n<h4 class=\"folder__trigger js-folder__header js-folder__header--is-open\">Funciones principales<i class=\"ico\"><\/i><\/h4>\n<div class=\"folder__content js-folder__content js-folder__content--is-open\">\n<table class=\"specs-table\">\n<tbody>\n<tr>\n<th class=\"specs-table__lbl\">\n<p class=\"h6\">Software incluido<\/p>\n<\/th>\n<td class=\"specs-table__val\">\n<ul class=\"list-rotary\">\n<li><a href=\"https:\/\/www.pioneerdj.com\/es-es\/product\/software\/rekordbox\/software\/overview\/\" target=\"_blank\" rel=\"noopener\">rekordbox dj<\/a><\/li>\n<li><a href=\"https:\/\/www.pioneerdj.com\/es-es\/product\/software\/rekordbox\/software\/overview\" target=\"_blank\" rel=\"noopener\">rekordbox dvs<\/a><\/li>\n<\/ul>\n<\/td>\n<\/tr>\n<tr>\n<th class=\"specs-table__lbl\">\n<p class=\"h6\">Control Scratch<\/p>\n<\/th>\n<td class=\"specs-table__val\">rekordbox dvs<\/td>\n<\/tr>\n<tr>\n<th class=\"specs-table__lbl\">\n<p class=\"h6\">Contenido de la caja<\/p>\n<\/th>\n<td class=\"specs-table__val\">\n<ul class=\"list-rotary\">\n<li>DJM-250MK2<\/li>\n<li>Cable de alimentaci\u00f3n<\/li>\n<li>Adaptador CA<\/li>\n<li>Cable USB<\/li>\n<li>Manual de instrucciones (Gu\u00eda de inicio r\u00e1pido)<\/li>\n<li>Garant\u00eda<\/li>\n<li>Tarjeta con clave de licencia (rekordbox dj, rekordbox dvs)<\/li>\n<\/ul>\n<\/td>\n<\/tr>\n<\/tbody>\n<\/table>\n<\/div>\n<\/div>\n<div class=\"folder__container js-folder js-folder--is-open\">\n<h4 class=\"folder__trigger js-folder__header js-folder__header--is-open\">Especificaciones<i class=\"ico\"><\/i><\/h4>\n<div class=\"folder__content js-folder__content js-folder__content--is-open\">\n<table class=\"specs-table\">\n<tbody>\n<tr>\n<th class=\"specs-table__lbl\">\n<p class=\"h6\">Ancho<\/p>\n<\/th>\n<td class=\"specs-table__val\">230 mm<\/td>\n<\/tr>\n<tr>\n<th class=\"specs-table__lbl\">\n<p class=\"h6\">Alto<\/p>\n<\/th>\n<td class=\"specs-table__val\">108 mm<\/td>\n<\/tr>\n<tr>\n<th class=\"specs-table__lbl\">\n<p class=\"h6\">Profundo<\/p>\n<\/th>\n<td class=\"specs-table__val\">320 mm<\/td>\n<\/tr>\n<tr>\n<th class=\"specs-table__lbl\">\n<p class=\"h6\">Rango de frecuencia<\/p>\n<\/th>\n<td class=\"specs-table__val\">20 &#8211; 20000 Hz<\/td>\n<\/tr>\n<tr>\n<th class=\"specs-table__lbl\">\n<p class=\"h6\">Velocidad de muestreo<\/p>\n<\/th>\n<td class=\"specs-table__val\">48 kHz<\/td>\n<\/tr>\n<tr>\n<th class=\"specs-table__lbl\">\n<p class=\"h6\">Convertidor A\/D<\/p>\n<\/th>\n<td class=\"specs-table__val\">24 bit<\/td>\n<\/tr>\n<tr>\n<th class=\"specs-table__lbl\">\n<p class=\"h6\">Convertidor D\/A<\/p>\n<\/th>\n<td class=\"specs-table__val\">24 bit<\/td>\n<\/tr>\n<tr>\n<th class=\"specs-table__lbl\">\n<p class=\"h6\">Relaci\u00f3n Se\u00f1al\/Ruido Line<\/p>\n<\/th>\n<td class=\"specs-table__val\">94 dB<\/td>\n<\/tr>\n<tr>\n<th class=\"specs-table__lbl\">\n<p class=\"h6\">Distorsi\u00f3n<\/p>\n<\/th>\n<td class=\"specs-table__val\">&lt; 0.005 % (LINE)<\/td>\n<\/tr>\n<tr>\n<th class=\"specs-table__lbl\">\n<p class=\"h6\">Power Supply<\/p>\n<\/th>\n<td class=\"specs-table__val\">AC adaptor (DC 12 V)<\/td>\n<\/tr>\n<\/tbody>\n<\/table>\n<\/div>\n<\/div>\n<div class=\"folder__container js-folder js-folder--is-open\">\n<h4 class=\"folder__trigger js-folder__header js-folder__header--is-open\">Canales<i class=\"ico\"><\/i><\/h4>\n<div class=\"folder__content js-folder__content js-folder__content--is-open\">\n<table class=\"specs-table\">\n<tbody>\n<tr>\n<th class=\"specs-table__lbl\">\n<p class=\"h6\">EQ\/ISO<\/p>\n<\/th>\n<td class=\"specs-table__val\">3 band<\/td>\n<\/tr>\n<tr>\n<th class=\"specs-table__lbl\">\n<p class=\"h6\">Rango EQ\/ISO<\/p>\n<\/th>\n<td class=\"specs-table__val\">-\u221e ~ +6 dB<\/td>\n<\/tr>\n<\/tbody>\n<\/table>\n<\/div>\n<\/div>\n<div class=\"folder__container js-folder js-folder--is-open\">\n<h4 class=\"folder__trigger js-folder__header js-folder__header--is-open\">Control de rendimiento<i class=\"ico\"><\/i><\/h4>\n<div class=\"folder__content js-folder__content js-folder__content--is-open\">\n<table class=\"specs-table\">\n<tbody>\n<tr>\n<th class=\"specs-table__lbl\">\n<p class=\"h6\">Canales<\/p>\n<\/th>\n<td class=\"specs-table__val\">2<\/td>\n<\/tr>\n<tr>\n<th class=\"specs-table__lbl\">\n<p class=\"h6\">Sound Color FX<\/p>\n<\/th>\n<td class=\"specs-table__val\">Filter<\/td>\n<\/tr>\n<\/tbody>\n<\/table>\n<\/div>\n<\/div>\n<div class=\"folder__container js-folder js-folder--is-open\">\n<h4 class=\"folder__trigger js-folder__header js-folder__header--is-open\">Terminales<\/h4>\n<div class=\"folder__content js-folder__content js-folder__content--is-open\">\n<table class=\"specs-table\">\n<tbody>\n<tr>\n<th class=\"specs-table__lbl\">\n<p class=\"h6\">Entradas<\/p>\n<\/th>\n<td class=\"specs-table__val\">\n<ul>\n<li>3 LINE (RCA)<\/li>\n<li>2 PHONO (RCA)<\/li>\n<li>1 MIC (Jack 1\/4 pulgadas)<\/li>\n<\/ul>\n<\/td>\n<\/tr>\n<tr>\n<th class=\"specs-table__lbl\">\n<p class=\"h6\">Modos Performance<\/p>\n<\/th>\n<td class=\"specs-table__val\">1 puerto USB B<\/td>\n<\/tr>\n<tr>\n<th class=\"specs-table__lbl\">\n<p class=\"h6\">Salidas<\/p>\n<\/th>\n<td class=\"specs-table__val\">\n<ul>\n<li>1 MASTER (XLR)<\/li>\n<li>1 MASTER (RCA)<\/li>\n<li>2 HEADPHONE MONITOR (Jack 1\/4 pulgadas, mini-jack)<\/li>\n<\/ul>\n<\/td>\n<\/tr>\n<\/tbody>\n<\/table>\n<\/div>\n<\/div>\n<p>&nbsp;<\/p>\n<p>Para m\u00e1s informaci\u00f3n del producto:<\/p>\n<p><a href=\"https:\/\/www.pioneerdj.com\/es-es\/product\/mixer\/djm-250mk2\/black\/overview\/\" target=\"_blank\" rel=\"noopener\">https:\/\/www.pioneerdj.com\/es-es\/product\/mixer\/djm-250mk2\/black\/overview\/<\/a><\/p>\n","protected":false},"excerpt":{"rendered":"<div class=\"head\">\n<h4 class=\"desc\">Mesa de mezclas Pioneer DJ DJM-250MK2 de 2 canales<\/h4>\n<p>La DJM-250MK2 hereda algunas de las caracter\u00edsticas profesionales de la popular DJM-900NXS2, como el crossfader Magvel y el filtro Sound Color FX. Controles sencillos, un dise\u00f1o claro y aisladores de 3 bandas que te permiten hacer scratch y mezclar de forma instintiva. Ofrece un audio c\u00e1lido y de alta calidad tanto de fuentes anal\u00f3gicas como digitales.<\/p>\n<p>Su tarjeta de sonido integrada te permite conectarla a tu PC\/Mac y utilizar rekordbox dj para actuar con CDJs. O conecta el DJM-250MK2 a los giradiscos y utiliza rekordbox dvs en combinaci\u00f3n con nuestro control vinyl para hacer scratch y mezclar con archivos digitales almacenados en tu ordenador. Incluye el software rekordbox dj y rekordbox DVS<\/p>\n<\/div>\n","protected":false},"featured_media":15915,"template":"","meta":[],"product_cat":[665,729,728],"product_tag":[],"class_list":{"0":"post-14179","1":"product","2":"type-product","3":"status-publish","4":"has-post-thumbnail","6":"product_brand-pioneer-dj","7":"product_cat-dj","8":"product_cat-mesa-de-mezclas-dj","9":"product_cat-mesas-de-mezclas-dj","11":"first","12":"instock","13":"taxable","14":"shipping-taxable","15":"purchasable","16":"product-type-simple","17":"col-xs-6 col-sm-4","18":"col-md-3 col-lg-3","19":"un-4-cols"},"_links":{"self":[{"href":"https:\/\/www.audioibiza.com\/index.php\/wp-json\/wp\/v2\/product\/14179","targetHints":{"allow":["GET"]}}],"collection":[{"href":"https:\/\/www.audioibiza.com\/index.php\/wp-json\/wp\/v2\/product"}],"about":[{"href":"https:\/\/www.audioibiza.com\/index.php\/wp-json\/wp\/v2\/types\/product"}],"wp:featuredmedia":[{"embeddable":true,"href":"https:\/\/www.audioibiza.com\/index.php\/wp-json\/wp\/v2\/media\/15915"}],"wp:attachment":[{"href":"https:\/\/www.audioibiza.com\/index.php\/wp-json\/wp\/v2\/media?parent=14179"}],"wp:term":[{"taxonomy":"product_cat","embeddable":true,"href":"https:\/\/www.audioibiza.com\/index.php\/wp-json\/wp\/v2\/product_cat?post=14179"},{"taxonomy":"product_tag","embeddable":true,"href":"https:\/\/www.audioibiza.com\/index.php\/wp-json\/wp\/v2\/product_tag?post=14179"}],"curies":[{"name":"wp","href":"https:\/\/api.w.org\/{rel}","templated":true}]}}