{"id":13970,"date":"2019-08-01T21:56:32","date_gmt":"2019-08-01T19:56:32","guid":{"rendered":"https:\/\/www.audioibiza.com\/index.php\/producto\/microfonos-de-mano-microfono-dinamico-de-diadema-con-conector-xlr-para-aerobic-shure\/"},"modified":"2023-02-08T11:02:52","modified_gmt":"2023-02-08T10:02:52","slug":"microfono-diadema-shure-wh20-xlr","status":"publish","type":"product","link":"https:\/\/www.audioibiza.com\/index.php\/microfono-diadema-shure-wh20-xlr\/","title":{"rendered":"Microfono Diadema SHURE WH20 XLR"},"content":{"rendered":"<h1><a href=\"https:\/\/www.audioibiza.com\/index.php\/microfono-diadema-shure-wh20-xlr\/\">Microfono Diadema SHURE WH20 XLR<\/a><\/h1>\n<p>Dispone de paravientos de gomaespuma, diadema ligera y ajustable, y brazo plegable de micr\u00f3fono. Ofrece un alto nivel sin saturar, lo que elimina la distorsi\u00f3n, y una alta fiabilidad a temperatura y humedad extremas.<\/p>\n<div class=\"title-container\">\n<div class=\"container\">\n<div class=\"row\">\n<div class=\"col-12 col-xs-12\">\n<h2 class=\"bold content-section-title d-md-block d-none din hidden-xs\">Caracter\u00edsticas principales<\/h2>\n<\/div>\n<\/div>\n<\/div>\n<\/div>\n<div class=\"toggle-content\">\n<div class=\"container\">\n<div class=\"row\">\n<div class=\"col-xs-12 col-12 feature-description-wrapper\" data-component=\"show-more\">\n<div class=\"feature-description-text\">\n<ul>\n<li>Diadema ligera y el\u00e1stica que se ajusta con seguridad y comodidad.<\/li>\n<li>Cable fijo al micro, extralargo y resistente, de peque\u00f1o di\u00e1metro.<\/li>\n<li>Brazo plegable de micr\u00f3fono para un almacenamiento y transporte m\u00e1s f\u00e1ciles.<\/li>\n<li>Respuesta en frecuencia uniforme y natural comparable a la de un micr\u00f3fono vocal manual din\u00e1mico de alta calidad.<\/li>\n<li>Nivel alto de entrada sin saturar que elimina la distorsi\u00f3n.<\/li>\n<li>Fiable a temperatura y humedad extremas.<\/li>\n<li>Paravientos de gomaespuma y pinza para sujeci\u00f3n a la ropa suministrados.<\/li>\n<\/ul>\n<\/div>\n<\/div>\n<\/div>\n<\/div>\n<\/div>\n<div class=\"row\">\n<div class=\"col-sm-9 col-xs-8 col-8 category\">\n<h3>Especificaciones t\u00e9cnicas<\/h3>\n<\/div>\n<\/div>\n<ul>\n<li>Peso: 63 g<\/li>\n<li>Respuesta en frecuencia: Personalizada<\/li>\n<li>Sensibilidad: -67.00 dBV\/Pa \u2013 0.45 mV\/Pa<\/li>\n<li>Tipo de transductor: Din\u00e1mico<\/li>\n<li>Patr\u00f3n polar: Cardioide<\/li>\n<li>Filtro de corte de graves conmutable: No<\/li>\n<li>Conectores: XLR 3 pines<\/li>\n<li>Atenuador: No<\/li>\n<li>C\u00e1psula intercambiable: No<\/li>\n<li>Funci\u00f3n principal: Actuaciones<\/li>\n<li>Auriculares in-ear: No<\/li>\n<\/ul>\n<p>&nbsp;<\/p>\n<p>Para m\u00e1s informaci\u00f3n sobre el producto:<\/p>\n<p><a href=\"https:\/\/www.shure.es\/productos\/microfonos\/wh20\" target=\"_blank\" rel=\"noopener\">https:\/\/www.shure.es\/productos\/microfonos\/wh20<\/a><\/p>\n","protected":false},"excerpt":{"rendered":"<h4>MICROFONO DIADEMA SHURE WH20 XLR Din\u00e1mico de Diadema con conector XLR para Aer\u00f3bic<\/h4>\n<p>Micr\u00f3fono de diadema con brazo de flexo para vocalistas, aer\u00f3bic o comunicaciones. Tipo din\u00e1mico. Respuesta 50-15.000 Hz. Patr\u00f3n polar Cardioide. Impedancia 150Ohm. Sensibilidad 0,45mV. Cable 1,2 mtrs con conexi\u00f3n XLR3MX para conexi\u00f3n a entradas de micro balanceadas.<\/p>\n<p>Incluye 2 paravientos de espuma y clip sujeci\u00f3n (RK318WS).<\/p>\n","protected":false},"featured_media":17072,"template":"","meta":[],"product_cat":[661,690,699],"product_tag":[],"class_list":{"0":"post-13970","1":"product","2":"type-product","3":"status-publish","4":"has-post-thumbnail","6":"product_brand-shure","7":"product_cat-audio-profesional","8":"product_cat-microfonia","9":"product_cat-microfono-diadema","10":"product_shipping_class-pequeno-y-barato-10","12":"first","13":"outofstock","14":"taxable","15":"shipping-taxable","16":"purchasable","17":"product-type-simple","18":"col-xs-6 col-sm-4","19":"col-md-3 col-lg-3","20":"un-4-cols"},"_links":{"self":[{"href":"https:\/\/www.audioibiza.com\/index.php\/wp-json\/wp\/v2\/product\/13970","targetHints":{"allow":["GET"]}}],"collection":[{"href":"https:\/\/www.audioibiza.com\/index.php\/wp-json\/wp\/v2\/product"}],"about":[{"href":"https:\/\/www.audioibiza.com\/index.php\/wp-json\/wp\/v2\/types\/product"}],"wp:featuredmedia":[{"embeddable":true,"href":"https:\/\/www.audioibiza.com\/index.php\/wp-json\/wp\/v2\/media\/17072"}],"wp:attachment":[{"href":"https:\/\/www.audioibiza.com\/index.php\/wp-json\/wp\/v2\/media?parent=13970"}],"wp:term":[{"taxonomy":"product_cat","embeddable":true,"href":"https:\/\/www.audioibiza.com\/index.php\/wp-json\/wp\/v2\/product_cat?post=13970"},{"taxonomy":"product_tag","embeddable":true,"href":"https:\/\/www.audioibiza.com\/index.php\/wp-json\/wp\/v2\/product_tag?post=13970"}],"curies":[{"name":"wp","href":"https:\/\/api.w.org\/{rel}","templated":true}]}}