{"id":13749,"date":"2019-08-01T21:54:11","date_gmt":"2019-08-01T19:54:11","guid":{"rendered":"https:\/\/www.audioibiza.com\/index.php\/producto\/microfonos-inalambricos-sistema-inalambrico-sm58-de-mano-receptor-enracable-518-542mhz-shure\/"},"modified":"2025-06-12T11:03:39","modified_gmt":"2025-06-12T09:03:39","slug":"shure-blx24r-sm58","status":"publish","type":"product","link":"https:\/\/www.audioibiza.com\/index.php\/shure-blx24r-sm58\/","title":{"rendered":"Microfono Inalambrico SHURE BLX24R\/SM58"},"content":{"rendered":"<p><iframe title=\"BLX Wireless System Overview\" width=\"840\" height=\"473\" src=\"https:\/\/www.youtube.com\/embed\/mnNM1npG_EM?feature=oembed\" frameborder=\"0\" allow=\"accelerometer; autoplay; clipboard-write; encrypted-media; gyroscope; picture-in-picture; web-share\" referrerpolicy=\"strict-origin-when-cross-origin\" allowfullscreen><\/iframe><\/p>\n<h1><a href=\"https:\/\/www.audioibiza.com\/index.php\/shure-blx24r-sm58\/\">Microfono Inalambrico SHURE BLX24R\/SM58<\/a><\/h1>\n<p>Micr\u00f3fono est\u00e1ndar de la industria espec\u00edficamente dise\u00f1ado para reproducir la voz de manera c\u00e1lida y n\u00edtida. Con transmisi\u00f3n anal\u00f3gica y montaje en rack.<\/p>\n<p>El sistema BLX24R\/SM58 con SM58, un micr\u00f3fono vocal din\u00e1mico cardioide est\u00e1ndar de la industria y de gran versatilidad, est\u00e1 espec\u00edficamente dise\u00f1ado para reproducir la voz de manera c\u00e1lida y n\u00edtida. Combina un ajuste sencillo y una interfaz intuitiva para ofrecer un funcionamiento fiable.<\/p>\n<div class=\"title-container\">\n<div class=\"container\">\n<div class=\"row\">\n<div class=\"col-12 col-xs-12\">\n<h2 class=\"bold content-section-title d-md-block d-none din hidden-xs\">Caracter\u00edsticas principales<\/h2>\n<\/div>\n<\/div>\n<\/div>\n<\/div>\n<div class=\"toggle-content\">\n<div class=\"container\">\n<div class=\"row\">\n<div class=\"col-xs-12 col-12 feature-description-wrapper expandable show-more\" data-component=\"show-more\">\n<div class=\"feature-description-text\">\n<ul class=\"static-feature-description\">\n<li>Formatos de los transmisores disponibles: Handheld<\/li>\n<li>Alcance operativo m\u00e1x.: 100 m (en condiciones t\u00edpicas)<\/li>\n<\/ul>\n<p class=\"feature-description-product-title\"><strong>BLX4R Receptor inal\u00e1mbrico para sistemas inal\u00e1mbricos BLX-R<\/strong><\/p>\n<ul>\n<li>En caso de interferencia, la funci\u00f3n QuickScan localiza r\u00e1pidamente la frecuencia libre \u00f3ptima.<\/li>\n<li>Hasta 12 sistemas compatibles por banda de frecuencia (en funci\u00f3n de la regi\u00f3n).<\/li>\n<li>Conectores de salida XLR y jack de 6,3\u00a0mm.<\/li>\n<li>LED de dos colores para indicar el estado del audio.\n<ul>\n<li>Verde: nivel normal de audio.<\/li>\n<li>Rojo: nivel excesivo de audio (sobrecarga\/recorte).<\/li>\n<\/ul>\n<\/li>\n<li>Nivel de salida ajustable.<\/li>\n<li>Antenas desmontables, para distribuir r\u00e1pidamente las antenas.<\/li>\n<li>Pantalla LCD con medidores de se\u00f1ales de RF y audio.<\/li>\n<li>Se suministra con el kit de montaje en rack.<\/li>\n<\/ul>\n<p class=\"feature-description-product-title\"><strong>BLX2\/SM58 Transmisor de mano con c\u00e1psula SM58<\/strong><\/p>\n<ul>\n<li>LED de encendido y LED de estado de la bater\u00eda<\/li>\n<li>Control de ganancia ajustable<\/li>\n<li>Ajuste de frecuencia r\u00e1pido y simple<\/li>\n<li>Pilas AA (incluidas) que ofrecen hasta 14\u00a0horas de uso continuo<\/li>\n<li>100\u00a0m de alcance operativo (l\u00ednea recta sin obst\u00e1culos)<\/li>\n<li>Dise\u00f1o integrado de la c\u00e1psula microf\u00f3nica.<\/li>\n<li>\u221210\u00a0dB de ganancia.<\/li>\n<li>Construcci\u00f3n robusta y ligera.<\/li>\n<\/ul>\n<\/div>\n<\/div>\n<\/div>\n<\/div>\n<\/div>\n<h3>Especificaciones t\u00e9cnicas<\/h3>\n<h4><strong>BLX24R\/SM58 Caracter\u00edsticas t\u00e9cnicas<\/strong><\/h4>\n<ul>\n<li>Tipo de set: Vocal<\/li>\n<li>N.\u00ba de transmisores de petaca: 0<\/li>\n<li>N.\u00ba de micros de mano: 1<\/li>\n<li>N.\u00ba de micros TQG: 0<\/li>\n<li>Funda\/estuche incluidos: Pouch<\/li>\n<\/ul>\n<h4><strong>BLX4R Caracter\u00edsticas t\u00e9cnicas<\/strong><\/h4>\n<ul>\n<li>Peso: 998 g<\/li>\n<li>Altura x Ancho x Fondo: 45.0 \u00d7 198.0 \u00d7 163.0 mm<\/li>\n<li>Transmisi\u00f3n: Anal\u00f3gica<\/li>\n<li>Tipo de alimentaci\u00f3n: Externa<\/li>\n<li>Carcasa del receptor: ABS moldeado, Metal<\/li>\n<li>Posibilidad de antena activa: Opcional con UABiasT<\/li>\n<li>Polarizaci\u00f3n por BNC: No<\/li>\n<li>Cifrado: No<\/li>\n<li>Modo de alta densidad: No<\/li>\n<li>Detecci\u00f3n de interferencias: No<\/li>\n<li>Control remoto: No<\/li>\n<li>N\u00famero de sistemas compatibles: 12<\/li>\n<li>Interfaz de audio en red DANTE: No<\/li>\n<li>Caracter\u00edsticas de barrido: Barrido r\u00e1pido<\/li>\n<li>Caracter\u00edsticas de sincronizaci\u00f3n: Ninguna<\/li>\n<li>Antenas desmontables: S\u00ed<\/li>\n<li>Red: No<\/li>\n<li>Control por software: No<\/li>\n<li>Logic: No<\/li>\n<li>Cascada: No<\/li>\n<li>Montaje en rack: Included Rack Mounts Brackets<\/li>\n<li>Pantallas del receptor: LCD multifunci\u00f3n<\/li>\n<li>Tipo de receptor: 1 canal<\/li>\n<li>Antena incluida: External 1\/4 Wave<\/li>\n<li>Estado de la bater\u00eda: LED multicolor<\/li>\n<li>Selector micro\/l\u00ednea: No<\/li>\n<li>Rechazo de la frecuencia imagen: 50 dB, typical<\/li>\n<li>Sensibilidad RF: -105 dBm, for 12dB SINAD, typical<\/li>\n<li>Protecci\u00f3n de la tensi\u00f3n phantom: S\u00ed<\/li>\n<li>Impedancia de la entrada de antena: 50 \u03a9<\/li>\n<\/ul>\n<h4><strong>BL<\/strong><strong>X2\/SM58 Caracter\u00edsticas t\u00e9cnicas<\/strong><\/h4>\n<ul>\n<li>Peo: 340 g<\/li>\n<li>Altura x Ancho x Fondo: 224.0 \u00d7 53.0 \u00d7 53.0 mm<\/li>\n<li>Peso del transmisor: 218 g<\/li>\n<li>Duraci\u00f3n de la bater\u00eda de litio: 0 h<\/li>\n<li>Duraci\u00f3n de la bater\u00eda alcalina: 14 h<\/li>\n<li>Formato: Handheld<\/li>\n<li>Carcasa del transmisor: ABS moldeado<\/li>\n<li>Mute de audio: No<\/li>\n<li>Antenas desmontables: No<\/li>\n<li>Potencia de RF conmutable: No<\/li>\n<li>Bater\u00edas: AA<\/li>\n<li>Estado de la bater\u00eda: LED multicolor<\/li>\n<li>Diversity en frecuencia: No<\/li>\n<li>Funcionalidad: Transmisor<\/li>\n<li>Modo de alta densidad: No<\/li>\n<li>Transmisi\u00f3n: Anal\u00f3gica<\/li>\n<\/ul>\n<p>&nbsp;<\/p>\n<p>Para m\u00e1s informaci\u00f3n del producto:<\/p>\n<p><a href=\"https:\/\/www.shure.es\/productos\/sistemas-inalambricos\/blx_wireless\/blx24r-sm58-wireless-rack-mount-set\" target=\"_blank\" rel=\"noopener\">https:\/\/www.shure.es\/productos\/sistemas-inalambricos\/blx_wireless\/blx24r-sm58-wireless-rack-mount-set<\/a><\/p>\n","protected":false},"excerpt":{"rendered":"<h4>MICROFONO INALAMBRICO SHURE BLX24R\/SM58 Sistema inal\u00e1mbrico SM58 de mano receptor enracable. 518-542MHz.<\/h4>\n<p>Sistema inal\u00e1mbrico de mano VOCAL SM de hasta 12 frecuencias compatibles, compuesto por receptor enracable BLX4R y emisor de mano BLX2\/SM58.<\/p>\n","protected":false},"featured_media":24550,"template":"","meta":[],"product_cat":[661,690,691],"product_tag":[],"class_list":{"0":"post-13749","1":"product","2":"type-product","3":"status-publish","4":"has-post-thumbnail","6":"product_brand-shure","7":"product_cat-audio-profesional","8":"product_cat-microfonia","9":"product_cat-microfono-inalambrico","10":"product_shipping_class-pequeno-y-barato-10","12":"first","13":"instock","14":"taxable","15":"shipping-taxable","16":"purchasable","17":"product-type-simple","18":"col-xs-6 col-sm-4","19":"col-md-3 col-lg-3","20":"un-4-cols"},"_links":{"self":[{"href":"https:\/\/www.audioibiza.com\/index.php\/wp-json\/wp\/v2\/product\/13749","targetHints":{"allow":["GET"]}}],"collection":[{"href":"https:\/\/www.audioibiza.com\/index.php\/wp-json\/wp\/v2\/product"}],"about":[{"href":"https:\/\/www.audioibiza.com\/index.php\/wp-json\/wp\/v2\/types\/product"}],"wp:featuredmedia":[{"embeddable":true,"href":"https:\/\/www.audioibiza.com\/index.php\/wp-json\/wp\/v2\/media\/24550"}],"wp:attachment":[{"href":"https:\/\/www.audioibiza.com\/index.php\/wp-json\/wp\/v2\/media?parent=13749"}],"wp:term":[{"taxonomy":"product_cat","embeddable":true,"href":"https:\/\/www.audioibiza.com\/index.php\/wp-json\/wp\/v2\/product_cat?post=13749"},{"taxonomy":"product_tag","embeddable":true,"href":"https:\/\/www.audioibiza.com\/index.php\/wp-json\/wp\/v2\/product_tag?post=13749"}],"curies":[{"name":"wp","href":"https:\/\/api.w.org\/{rel}","templated":true}]}}