{"id":13693,"date":"2019-08-01T21:53:36","date_gmt":"2019-08-01T19:53:36","guid":{"rendered":"https:\/\/www.audioibiza.com\/index.php\/producto\/microfonos-de-mano-microfono-de-condensador-miniatura-con-flexo-para-instrumentos-de-percusion-shure\/"},"modified":"2023-02-08T11:33:09","modified_gmt":"2023-02-08T10:33:09","slug":"shure-beta-98amp-c","status":"publish","type":"product","link":"https:\/\/www.audioibiza.com\/index.php\/shure-beta-98amp-c\/","title":{"rendered":"Microfono Instrumentos SHURE BETA 98AMP\/C"},"content":{"rendered":"<p><iframe title=\"Unboxing Shure BETA98AMP\" width=\"840\" height=\"473\" src=\"https:\/\/www.youtube.com\/embed\/xZER8JJzJlo?feature=oembed\" frameborder=\"0\" allow=\"accelerometer; autoplay; clipboard-write; encrypted-media; gyroscope; picture-in-picture; web-share\" referrerpolicy=\"strict-origin-when-cross-origin\" allowfullscreen><\/iframe><\/p>\n<h1><a href=\"https:\/\/www.audioibiza.com\/index.php\/shure-beta-98amp-c\/\">Microfono Instrumentos SHURE BETA 98AMP\/C<\/a><\/h1>\n<p>Micr\u00f3fono de instrumento que combina un previo integrado con una c\u00e1psula de condensador miniatura para ofrecer una respuesta uniforme y natural para la percusi\u00f3n. Dispone de un brazo flexible y el sistema de montaje de micr\u00f3fono A75M para una colocaci\u00f3n precisa y segura en cualquier configuraci\u00f3n.<\/p>\n<div class=\"title-container\">\n<div class=\"container\">\n<div class=\"row\">\n<div class=\"col-12 col-xs-12\">\n<h2 class=\"bold content-section-title d-md-block d-none din hidden-xs\">Caracter\u00edsticas principales<\/h2>\n<\/div>\n<\/div>\n<\/div>\n<\/div>\n<div class=\"toggle-content\">\n<div class=\"container\">\n<div class=\"row\">\n<div class=\"col-xs-12 col-12 feature-description-wrapper\" data-component=\"show-more\">\n<div class=\"feature-description-text\">\n<ul>\n<li>Patr\u00f3n polar cardioide uniforme que ofrece la m\u00e1xima ganancia antes de la realimentaci\u00f3n y rechazo del sonido fuera del eje para una respuesta en agudos uniforme y controlada.<\/li>\n<li>Su dise\u00f1o preciso incluye un previo integrado y un conector XLR. Con esto se maximiza la eficiencia en el montaje y se contribuye a tener el escenario m\u00e1s despejado.<\/li>\n<li>Respuesta en frecuencia personalizada para aplicaciones con bater\u00eda y percusi\u00f3n con un amplio rango din\u00e1mico en entornos con altos niveles de presi\u00f3n sonora.<\/li>\n<li>Brazo flexible para una colocaci\u00f3n m\u00e1s precisa y un ajuste m\u00e1s sencillo.<\/li>\n<li>Incluye el sistema de montaje universal de micr\u00f3fono A75M con liberaci\u00f3n sencilla, para un montaje en soporte y\/o instrumento m\u00e1s vers\u00e1til y seguro.<\/li>\n<li>Tambi\u00e9n incluye un paravientos con autoajuste y una funda con cremallera.<\/li>\n<\/ul>\n<\/div>\n<\/div>\n<\/div>\n<\/div>\n<\/div>\n<h4>\u00bfPara qu\u00e9 uso ha sido dise\u00f1ado el Beta 98AMP\/C?<\/h4>\n<p>Este micr\u00f3fono de bater\u00eda de gama alta es ideal para cajas y timbales.<\/p>\n<div class=\"long-description-toggle\">\n<h4>\u00bfCu\u00e1les son las caracter\u00edsticas del Beta 98AMP\/C?<\/h4>\n<p>El Beta 98AMP\/C ofrece un sonido suave y natural y dispone de un previo integrado con XLR y un brazo flexible.<\/p>\n<h4>\u00bfCu\u00e1l es la diferencia entre el Beta 98AMP\/C y los otros modelos del Beta 98?<\/h4>\n<p>El Beta 98AMP\/C es un micr\u00f3fono de instrumento de condensador y cardioide que dispone de un previo integrado y el sistema de montaje universal para bater\u00eda A75M. Ning\u00fan otro modelo del Beta 98 est\u00e1 equipado con un previo integrado.<\/p>\n<p>El Beta 98AMP\/C tiene un rango din\u00e1mico m\u00e1s amplio, con un SPL\u00a07 dB superior al del Beta 98AD\/C o Beta 98A\/C. El Beta 98AD\/C ha sido dise\u00f1ado para las mismas aplicaciones y, en cambio, dispone de un sistema de montaje en bater\u00eda A98D con un brazo flexible.<\/p>\n<p>El Beta 98S y el Beta 98D\/S siguen estando disponibles y ofrecen un patr\u00f3n polar supercardioide.<\/p>\n<p>Nota: Cualquier micr\u00f3fono Beta para bater\u00eda que incluye la letra \u201cA\u201d despu\u00e9s de su n\u00famero de modelo contiene una nueva c\u00e1psula que produce una respuesta de frecuencia en agudos a\u00fan m\u00e1s natural.<\/p>\n<h3>Especificaciones t\u00e9cnicas<\/h3>\n<ul>\n<li>Peso: 130 g<\/li>\n<li>Respuesta en frecuencia: 20 Hz \u2013 20 kHz<\/li>\n<li>Respuesta en frecuencia: Personalizada<\/li>\n<li>Sensibilidad: -50.50 dBV\/Pa \u2013 2.50 mV\/Pa<\/li>\n<li>Nivel equivalente de ruido: 31 dB(A)<\/li>\n<li>Presi\u00f3n sonora: 157,5 dB(A)<\/li>\n<li>Tipo de transductor: Condensador<\/li>\n<li>Patr\u00f3n polar: Cardioide<\/li>\n<li>Filtro de corte de graves conmutable: No<\/li>\n<li>Conectores: XLR 3 pines<\/li>\n<li>Atenuador: No<\/li>\n<li>C\u00e1psula intercambiable: No<\/li>\n<li>Funci\u00f3n principal: Actuaciones<\/li>\n<li>Auriculares in-ear: No<\/li>\n<li>Necesita alimentaci\u00f3n phantom: 11 to 52 VDC<\/li>\n<\/ul>\n<\/div>\n<p>Para m\u00e1s informaci\u00f3n del producto:<\/p>\n<p><a href=\"https:\/\/www.shure.es\/productos\/microfonos\/beta_98amp_c\" target=\"_blank\" rel=\"noopener\">https:\/\/www.shure.es\/productos\/microfonos\/beta_98amp_c<\/a><\/p>\n","protected":false},"excerpt":{"rendered":"<h4>MICROFONO INSTRUMENTOS SHURE BETA 98AMP\/C de Condensador Miniatura con Flexo para Instrumentos de Percusi\u00f3n<\/h4>\n<ul>\n<li>Micr\u00f3fono miniatura con flexo integrado para instrumentos de percusi\u00f3n como timbales, cajas, platos e instrumentos de viento tanto de metal como de madera.<\/li>\n<li>Tipo condensador.<\/li>\n<li>Respuesta 20-20.000 Hz.<\/li>\n<li>Patr\u00f3n polar Supercardioide.<\/li>\n<li>Impedancia 179Ohm.<\/li>\n<li>Sensibilidad 4mV.<\/li>\n<li>Max SPL 150,5dB.<\/li>\n<li>Conexi\u00f3n XLR3.<\/li>\n<li>Preamplificador Integrado.<\/li>\n<li>Pinza\/Soporte para bater\u00eda A75M. Paravientos 95A2064 y funda 95A2314.<\/li>\n<\/ul>\n","protected":false},"featured_media":17234,"template":"","meta":[],"product_cat":[661,690,697],"product_tag":[],"class_list":{"0":"post-13693","1":"product","2":"type-product","3":"status-publish","4":"has-post-thumbnail","6":"product_brand-shure","7":"product_cat-audio-profesional","8":"product_cat-microfonia","9":"product_cat-microfono-instrumentos","10":"product_shipping_class-pequeno-y-barato-10","12":"first","13":"outofstock","14":"taxable","15":"shipping-taxable","16":"purchasable","17":"product-type-simple","18":"col-xs-6 col-sm-4","19":"col-md-3 col-lg-3","20":"un-4-cols"},"_links":{"self":[{"href":"https:\/\/www.audioibiza.com\/index.php\/wp-json\/wp\/v2\/product\/13693","targetHints":{"allow":["GET"]}}],"collection":[{"href":"https:\/\/www.audioibiza.com\/index.php\/wp-json\/wp\/v2\/product"}],"about":[{"href":"https:\/\/www.audioibiza.com\/index.php\/wp-json\/wp\/v2\/types\/product"}],"wp:featuredmedia":[{"embeddable":true,"href":"https:\/\/www.audioibiza.com\/index.php\/wp-json\/wp\/v2\/media\/17234"}],"wp:attachment":[{"href":"https:\/\/www.audioibiza.com\/index.php\/wp-json\/wp\/v2\/media?parent=13693"}],"wp:term":[{"taxonomy":"product_cat","embeddable":true,"href":"https:\/\/www.audioibiza.com\/index.php\/wp-json\/wp\/v2\/product_cat?post=13693"},{"taxonomy":"product_tag","embeddable":true,"href":"https:\/\/www.audioibiza.com\/index.php\/wp-json\/wp\/v2\/product_tag?post=13693"}],"curies":[{"name":"wp","href":"https:\/\/api.w.org\/{rel}","templated":true}]}}