{"id":13688,"date":"2019-08-01T21:53:22","date_gmt":"2019-08-01T19:53:22","guid":{"rendered":"https:\/\/www.audioibiza.com\/index.php\/producto\/microfonos-de-mano-microfono-de-condensador-vocal-shure\/"},"modified":"2023-02-08T10:47:32","modified_gmt":"2023-02-08T09:47:32","slug":"microfono-de-mano-shure-beta-87a","status":"publish","type":"product","link":"https:\/\/www.audioibiza.com\/index.php\/microfono-de-mano-shure-beta-87a\/","title":{"rendered":"Microfono de mano SHURE BETA 87A"},"content":{"rendered":"<p><iframe title=\"Unboxing Shure BETA87A\" width=\"840\" height=\"473\" src=\"https:\/\/www.youtube.com\/embed\/y_Te2zkxO8o?feature=oembed\" frameborder=\"0\" allow=\"accelerometer; autoplay; clipboard-write; encrypted-media; gyroscope; picture-in-picture; web-share\" referrerpolicy=\"strict-origin-when-cross-origin\" allowfullscreen><\/iframe><\/p>\n<h1><a href=\"https:\/\/www.audioibiza.com\/index.php\/microfono-de-mano-shure-beta-87a\/\">Microfono de mano SHURE BETA 87A<\/a><\/h1>\n<p>Micr\u00f3fono vocal que ofrece una respuesta suave y precisa. Acepta altos niveles de SPL y una atenuaci\u00f3n controlada de graves para compensar el efecto de proximidad. Es poco susceptible a sufrir interferencias RFI y dispone de un sistema antigolpes para amortiguar choques y ruidos de manejo del micro.<\/p>\n<p>El Shure Beta 87A es un micr\u00f3fono de condensador supercardioide vocal manual de alta calidad, con una respuesta en frecuencia excepcionalmente uniforme y una gran capacidad para aceptar niveles de presi\u00f3n sonora elevados. Resulta perfecto para cantantes profesionales solistas o de acompa\u00f1amiento, tanto en el escenario como en grabaciones en directo o en estudio.<\/p>\n<div class=\"title-container\">\n<div class=\"container\">\n<div class=\"row\">\n<div class=\"col-12 col-xs-12\">\n<h2 class=\"bold content-section-title d-md-block d-none din hidden-xs\">Caracter\u00edsticas principales<\/h2>\n<\/div>\n<\/div>\n<\/div>\n<\/div>\n<div class=\"toggle-content\">\n<div class=\"container\">\n<div class=\"row\">\n<div class=\"col-xs-12 col-12 feature-description-wrapper\" data-component=\"show-more\">\n<div class=\"feature-description-text\">\n<ul>\n<li>Respuesta en frecuencia uniforme con un incremento gradual de la presencia.<\/li>\n<li>Un patr\u00f3n polar supercardioide muy constante que ofrece una mayor ganancia antes de la realimentaci\u00f3n.<\/li>\n<li>Una atenuaci\u00f3n electr\u00f3nica de los graves compensa el efecto de proximidad.<\/li>\n<li>Amplio rango din\u00e1mico (117\u00a0dB) y baja distorsi\u00f3n.<\/li>\n<li>M\u00ednima susceptibilidad a RFI y zumbido electromagn\u00e9tico.<\/li>\n<li>Avanzado sistema de c\u00e1psula antigolpes que absorbe los golpes mec\u00e1nicos y reduce los ruidos de manejo del micro.<\/li>\n<li>Filtro antipop integrado que reduce los ruidos de viento y respiraci\u00f3n.<\/li>\n<li>Con la legendaria calidad y fiabilidad de Shure.<\/li>\n<\/ul>\n<\/div>\n<\/div>\n<\/div>\n<\/div>\n<\/div>\n<div class=\"row\">\n<div class=\"col-sm-9 col-xs-8 col-8 category\">\n<h3>Especificaciones t\u00e9cnicas<\/h3>\n<ul>\n<li>Peso: 207 g<\/li>\n<li>Altura: 160.0 mm<\/li>\n<li>Ancho: 43.0 mm<\/li>\n<li>Respuesta en frecuencia: 20 Hz \u2013 20 kHz<\/li>\n<li>Respuesta en frecuencia: Personalizada<\/li>\n<li>Sensibilidad: -52.50 dBV\/Pa \u2013 2.37 mV\/Pa<\/li>\n<li>Nivel equivalente de ruido: 23,5 dB(A)<\/li>\n<li>Presi\u00f3n sonora: 140,5 dB<\/li>\n<li>Tipo de transductor: Condensador<\/li>\n<li>Patr\u00f3n polar: Supercardioide<\/li>\n<li>Filtro de corte de graves conmutable: No<\/li>\n<li>Conectores: XLR 3 pines<\/li>\n<li>Atenuador: No<\/li>\n<li>C\u00e1psula intercambiable: No<\/li>\n<li>Funci\u00f3n principal: Actuaciones<\/li>\n<li>Auriculares in-ear: No<\/li>\n<li>Necesita alimentaci\u00f3n phantom: 11 to 52 VDC<\/li>\n<li>C\u00e1psula: Intercambiable<\/li>\n<\/ul>\n<\/div>\n<\/div>\n<p>\u00a0<\/p>\n<p>Para m\u00e1s informaci\u00f3n del producto:<\/p>\n<p><a href=\"https:\/\/www.shure.es\/productos\/microfonos\/beta_87a\" target=\"_blank\" rel=\"noopener\">https:\/\/www.shure.es\/productos\/microfonos\/beta_87a<\/a><\/p>\n","protected":false},"excerpt":{"rendered":"<h4>MICROFONO DE MANO SHURE BETA 87A de Condensador Vocal<\/h4>\n<p>Micr\u00f3fono vocal para canto a corta distancia con m\u00e1ximo aislamiento de otras fuentes y m\u00ednima coloraci\u00f3n. Tipo condensador. Respuesta 50-20.000 Hz. Patr\u00f3n polar Supercardioide. Impedancia 150 Ohm. Sensibilidad 2mV. Max SPL 140,5dB. Conexi\u00f3n XLR3.<\/p>\n<p>Incluye pinza ajustable A25D y funda.<\/p>\n","protected":false},"featured_media":17241,"template":"","meta":[],"product_cat":[661,690,695],"product_tag":[],"class_list":{"0":"post-13688","1":"product","2":"type-product","3":"status-publish","4":"has-post-thumbnail","6":"product_brand-shure","7":"product_cat-audio-profesional","8":"product_cat-microfonia","9":"product_cat-microfono-de-mano","10":"product_shipping_class-pequeno-y-barato-10","12":"first","13":"outofstock","14":"taxable","15":"shipping-taxable","16":"purchasable","17":"product-type-simple","18":"col-xs-6 col-sm-4","19":"col-md-3 col-lg-3","20":"un-4-cols"},"_links":{"self":[{"href":"https:\/\/www.audioibiza.com\/index.php\/wp-json\/wp\/v2\/product\/13688","targetHints":{"allow":["GET"]}}],"collection":[{"href":"https:\/\/www.audioibiza.com\/index.php\/wp-json\/wp\/v2\/product"}],"about":[{"href":"https:\/\/www.audioibiza.com\/index.php\/wp-json\/wp\/v2\/types\/product"}],"wp:featuredmedia":[{"embeddable":true,"href":"https:\/\/www.audioibiza.com\/index.php\/wp-json\/wp\/v2\/media\/17241"}],"wp:attachment":[{"href":"https:\/\/www.audioibiza.com\/index.php\/wp-json\/wp\/v2\/media?parent=13688"}],"wp:term":[{"taxonomy":"product_cat","embeddable":true,"href":"https:\/\/www.audioibiza.com\/index.php\/wp-json\/wp\/v2\/product_cat?post=13688"},{"taxonomy":"product_tag","embeddable":true,"href":"https:\/\/www.audioibiza.com\/index.php\/wp-json\/wp\/v2\/product_tag?post=13688"}],"curies":[{"name":"wp","href":"https:\/\/api.w.org\/{rel}","templated":true}]}}