{"id":13658,"date":"2019-08-01T21:53:11","date_gmt":"2019-08-01T19:53:11","guid":{"rendered":"https:\/\/www.audioibiza.com\/index.php\/producto\/live-directo-mesa-de-mezcla-analogica-10-canales-con-efectos-y-usb-22-i-o-soundcraft\/"},"modified":"2024-07-31T18:48:50","modified_gmt":"2024-07-31T16:48:50","slug":"soundcraft-signature-10","status":"publish","type":"product","link":"https:\/\/www.audioibiza.com\/index.php\/soundcraft-signature-10\/","title":{"rendered":"Mesa de mezclas SOUNDCRAFT SIGNATURE 10"},"content":{"rendered":"<p><iframe title=\"Soundcraft Signature Series Overview\" width=\"840\" height=\"473\" src=\"https:\/\/www.youtube.com\/embed\/VTsV-d6Ae8U?feature=oembed\" frameborder=\"0\" allow=\"accelerometer; autoplay; clipboard-write; encrypted-media; gyroscope; picture-in-picture; web-share\" referrerpolicy=\"strict-origin-when-cross-origin\" allowfullscreen><\/iframe><\/p>\n<h4><a href=\"https:\/\/www.audioibiza.com\/index.php\/soundcraft-signature-10\/\">Mesa de mezclas SOUNDCRAFT SIGNATURE 10<\/a><\/h4>\n<p>Para m\u00e1s informaci\u00f3n del producto:<\/p>\n<p><a href=\"https:\/\/www.soundcraft.com\/en\/products\/signature-10\" target=\"_blank\" rel=\"noopener\">https:\/\/www.soundcraft.com\/en\/products\/signature-10<\/a><\/p>\n","protected":false},"excerpt":{"rendered":"<h4>Mesa de Mezclas SOUNDCRAFT SIGNATURE 10 Anal\u00f3gica 10 canales con efectos y USB 2:2 i\/o<\/h4>\n<p>Mesa de mezclas de superficie de 10 canales, 6 con previos de micro Ghost; 1-2 con limitadores dbx; 3-4 con conmutador de alta impedancia; 5\/6 y 7\/8 Micro o L\u00ednea estereo con Filtro pasa altos; Alimentaci\u00f3n Phantom general (48V). 3 bandas de ecualizaci\u00f3n con frecuencia seleccionable en medios. 9\/10 Entradas linea RCA con ecualizacion de 3 bandas. Faders de 60mm. 3 Auxiliares todos Pre\/post Fader; Procesadopr de efectos Lexicon en Aux3 con posibilidad de silenciamiento de efecto por pedal; Salida de grabaci\u00f3n USB. Entrada USB con envio a Master o Aux 1-2. Indicadores led de 10 segmentos. Conectores XLR y Jack met\u00e1licos. Kit Enracar Opcional SC 5065069.<\/p>\n","protected":false},"featured_media":16328,"template":"","meta":[],"product_cat":[661,688,687],"product_tag":[],"class_list":{"0":"post-13658","1":"product","2":"type-product","3":"status-publish","4":"has-post-thumbnail","6":"product_brand-soundcraft","7":"product_cat-audio-profesional","8":"product_cat-live-directo","9":"product_cat-mesa-de-mezclas","11":"first","12":"outofstock","13":"taxable","14":"shipping-taxable","15":"purchasable","16":"product-type-simple","17":"col-xs-6 col-sm-4","18":"col-md-3 col-lg-3","19":"un-4-cols"},"_links":{"self":[{"href":"https:\/\/www.audioibiza.com\/index.php\/wp-json\/wp\/v2\/product\/13658","targetHints":{"allow":["GET"]}}],"collection":[{"href":"https:\/\/www.audioibiza.com\/index.php\/wp-json\/wp\/v2\/product"}],"about":[{"href":"https:\/\/www.audioibiza.com\/index.php\/wp-json\/wp\/v2\/types\/product"}],"wp:featuredmedia":[{"embeddable":true,"href":"https:\/\/www.audioibiza.com\/index.php\/wp-json\/wp\/v2\/media\/16328"}],"wp:attachment":[{"href":"https:\/\/www.audioibiza.com\/index.php\/wp-json\/wp\/v2\/media?parent=13658"}],"wp:term":[{"taxonomy":"product_cat","embeddable":true,"href":"https:\/\/www.audioibiza.com\/index.php\/wp-json\/wp\/v2\/product_cat?post=13658"},{"taxonomy":"product_tag","embeddable":true,"href":"https:\/\/www.audioibiza.com\/index.php\/wp-json\/wp\/v2\/product_tag?post=13658"}],"curies":[{"name":"wp","href":"https:\/\/api.w.org\/{rel}","templated":true}]}}