{"id":13646,"date":"2019-08-01T21:52:59","date_gmt":"2019-08-01T19:52:59","guid":{"rendered":"https:\/\/www.audioibiza.com\/index.php\/producto\/live-directo-mesa-de-mezcla-analogica-6-canales-enracable-soundcraft\/"},"modified":"2025-02-11T09:42:53","modified_gmt":"2025-02-11T08:42:53","slug":"mesa-de-mezclas-soundcraft-epm6","status":"publish","type":"product","link":"https:\/\/www.audioibiza.com\/index.php\/mesa-de-mezclas-soundcraft-epm6\/","title":{"rendered":"Mesa de mezclas SOUNDCRAFT EPM6"},"content":{"rendered":"<p><iframe title=\"Soundcraft EPM6 Mixer Tutorial\/Review\" width=\"840\" height=\"473\" src=\"https:\/\/www.youtube.com\/embed\/t7cnht6D_t4?feature=oembed\" frameborder=\"0\" allow=\"accelerometer; autoplay; clipboard-write; encrypted-media; gyroscope; picture-in-picture; web-share\" referrerpolicy=\"strict-origin-when-cross-origin\" allowfullscreen><\/iframe><\/p>\n<h1><a href=\"https:\/\/www.audioibiza.com\/index.php\/mesa-de-mezclas-soundcraft-epm6\/\">Mesa de mezclas SOUNDCRAFT EPM6<\/a><\/h1>\n<p>Para m\u00e1s informaci\u00f3n del producto:<\/p>\n<p><a href=\"https:\/\/www.soundcraft.com\/en\/products\/epm6\" target=\"_blank\" rel=\"noopener\">https:\/\/www.soundcraft.com\/en\/products\/epm6<\/a><\/p>\n<p>\u00a0<\/p>\n","protected":false},"excerpt":{"rendered":"<h4>Mesa de Mezclas SOUNDCRAFT EPM6 Anal\u00f3gica 6 canales enracable<\/h4>\n<p>Mesa de mezclas de sobremesa y enracar (RW5744 opcional), de 6 entradas micro XLR \/ l\u00ednea Jack e Insert + 2 est\u00e9reo; 2 auxiliares pre\/post; Ecualizaci\u00f3n de 3 bandas con selecci\u00f3n de frecuencia en medios, Mute, Phantom general. Faders 60mm y fuente de alimentaci\u00f3n interna. Dimensiones (Ancho\/Alto\/Profundo en mm.) 280x91x362.<\/p>\n","protected":false},"featured_media":16281,"template":"","meta":[],"product_cat":[661,688,687],"product_tag":[],"class_list":{"0":"post-13646","1":"product","2":"type-product","3":"status-publish","4":"has-post-thumbnail","6":"product_brand-soundcraft","7":"product_cat-audio-profesional","8":"product_cat-live-directo","9":"product_cat-mesa-de-mezclas","10":"product_shipping_class-mediano-y-barato-16","12":"first","13":"outofstock","14":"taxable","15":"shipping-taxable","16":"purchasable","17":"product-type-simple","18":"col-xs-6 col-sm-4","19":"col-md-3 col-lg-3","20":"un-4-cols"},"_links":{"self":[{"href":"https:\/\/www.audioibiza.com\/index.php\/wp-json\/wp\/v2\/product\/13646","targetHints":{"allow":["GET"]}}],"collection":[{"href":"https:\/\/www.audioibiza.com\/index.php\/wp-json\/wp\/v2\/product"}],"about":[{"href":"https:\/\/www.audioibiza.com\/index.php\/wp-json\/wp\/v2\/types\/product"}],"wp:featuredmedia":[{"embeddable":true,"href":"https:\/\/www.audioibiza.com\/index.php\/wp-json\/wp\/v2\/media\/16281"}],"wp:attachment":[{"href":"https:\/\/www.audioibiza.com\/index.php\/wp-json\/wp\/v2\/media?parent=13646"}],"wp:term":[{"taxonomy":"product_cat","embeddable":true,"href":"https:\/\/www.audioibiza.com\/index.php\/wp-json\/wp\/v2\/product_cat?post=13646"},{"taxonomy":"product_tag","embeddable":true,"href":"https:\/\/www.audioibiza.com\/index.php\/wp-json\/wp\/v2\/product_tag?post=13646"}],"curies":[{"name":"wp","href":"https:\/\/api.w.org\/{rel}","templated":true}]}}