{"id":13645,"date":"2019-08-01T21:52:59","date_gmt":"2019-08-01T19:52:59","guid":{"rendered":"https:\/\/www.audioibiza.com\/index.php\/producto\/live-directo-mesa-de-mezcla-analogica-12-canales-enracable-soundcraft\/"},"modified":"2025-02-11T09:42:30","modified_gmt":"2025-02-11T08:42:30","slug":"mesa-de-mezclas-soundcraft-epm12","status":"publish","type":"product","link":"https:\/\/www.audioibiza.com\/index.php\/mesa-de-mezclas-soundcraft-epm12\/","title":{"rendered":"Mesa de mezclas SOUNDCRAFT EPM12"},"content":{"rendered":"<p><iframe title=\"SOUNDCRAFT EPM 12 TEST\" width=\"840\" height=\"473\" src=\"https:\/\/www.youtube.com\/embed\/r6PsHHOFIHg?feature=oembed\" frameborder=\"0\" allow=\"accelerometer; autoplay; clipboard-write; encrypted-media; gyroscope; picture-in-picture; web-share\" referrerpolicy=\"strict-origin-when-cross-origin\" allowfullscreen><\/iframe><\/p>\n<h1><a href=\"https:\/\/www.audioibiza.com\/index.php\/mesa-de-mezclas-soundcraft-epm12\/\">Mesa de mezclas SOUNDCRAFT EPM12<\/a><\/h1>\n<p>Para m\u00e1s informaci\u00f3n del producto:<\/p>\n<p><a href=\"https:\/\/www.soundcraft.com\/en\/products\/epm12\" target=\"_blank\" rel=\"noopener\">https:\/\/www.soundcraft.com\/en\/products\/epm12<\/a><\/p>\n","protected":false},"excerpt":{"rendered":"<h4>Mesa de Mezclas SOUNDCRAFT EPM12 Anal\u00f3gica 12 canales enracable<\/h4>\n<p>Mesa de mezclas de sobremesa y enracar, de 12 entradas micro XLR \/ l\u00ednea Jack e Insert + 2 est\u00e9reo; 2 auxiliares pre\/post; Ecualizaci\u00f3n de 3 bandas con selecci\u00f3n de frecuencia en medios, Mute, Phantom general. Faders 60mm y fuente de alimentaci\u00f3n interna. Dimensiones (Ancho\/Alto\/Profundo en mm.) 432x91x362. Rack Kit opcional RW5746.<\/p>\n","protected":false},"featured_media":16278,"template":"","meta":[],"product_cat":[661,688,687],"product_tag":[],"class_list":{"0":"post-13645","1":"product","2":"type-product","3":"status-publish","4":"has-post-thumbnail","6":"product_brand-soundcraft","7":"product_cat-audio-profesional","8":"product_cat-live-directo","9":"product_cat-mesa-de-mezclas","11":"first","12":"outofstock","13":"taxable","14":"shipping-taxable","15":"purchasable","16":"product-type-simple","17":"col-xs-6 col-sm-4","18":"col-md-3 col-lg-3","19":"un-4-cols"},"_links":{"self":[{"href":"https:\/\/www.audioibiza.com\/index.php\/wp-json\/wp\/v2\/product\/13645","targetHints":{"allow":["GET"]}}],"collection":[{"href":"https:\/\/www.audioibiza.com\/index.php\/wp-json\/wp\/v2\/product"}],"about":[{"href":"https:\/\/www.audioibiza.com\/index.php\/wp-json\/wp\/v2\/types\/product"}],"wp:featuredmedia":[{"embeddable":true,"href":"https:\/\/www.audioibiza.com\/index.php\/wp-json\/wp\/v2\/media\/16278"}],"wp:attachment":[{"href":"https:\/\/www.audioibiza.com\/index.php\/wp-json\/wp\/v2\/media?parent=13645"}],"wp:term":[{"taxonomy":"product_cat","embeddable":true,"href":"https:\/\/www.audioibiza.com\/index.php\/wp-json\/wp\/v2\/product_cat?post=13645"},{"taxonomy":"product_tag","embeddable":true,"href":"https:\/\/www.audioibiza.com\/index.php\/wp-json\/wp\/v2\/product_tag?post=13645"}],"curies":[{"name":"wp","href":"https:\/\/api.w.org\/{rel}","templated":true}]}}