{"id":13565,"date":"2019-08-01T21:52:06","date_gmt":"2019-08-01T19:52:06","guid":{"rendered":"https:\/\/www.audioibiza.com\/index.php\/producto\/caja-activa-sistema-integrado-2x150-w-con-mezclador-42-canales-y-blutetooth-jblppro\/"},"modified":"2023-04-13T16:26:02","modified_gmt":"2023-04-13T14:26:02","slug":"jbl-eon208p","status":"publish","type":"product","link":"https:\/\/www.audioibiza.com\/index.php\/jbl-eon208p\/","title":{"rendered":"JBL EON208P Sistema integrado con mezclador y Blutetooth"},"content":{"rendered":"<p><iframe title=\"JBL EON208P\" width=\"840\" height=\"473\" src=\"https:\/\/www.youtube.com\/embed\/o4gJU5EucsE?feature=oembed\" frameborder=\"0\" allow=\"accelerometer; autoplay; clipboard-write; encrypted-media; gyroscope; picture-in-picture; web-share\" referrerpolicy=\"strict-origin-when-cross-origin\" allowfullscreen><\/iframe><\/p>\n<h1><a href=\"https:\/\/www.audioibiza.com\/index.php\/jbl-eon208p\/\">JBL EON208P\u00a0<\/a><\/h1>\n<h2>Sistema integrado con mezclador y Bluetooth<\/h2>\n<div id=\"product-specifications\" class=\"row product-subheader\">\n<div class=\"small-10 columns\">\n<h2 class=\"content-nav\" data-magellan-destination=\"specifications\"><strong>Caracteristicas<\/strong><\/h2>\n<\/div>\n<\/div>\n<div class=\"product_main_tab_content content \">\n<table class=\"specs\">\n<tbody>\n<tr>\n<td class=\"name\">System Type<\/td>\n<td>Portable 2-way full-range loudspeakers with powered mixer<\/td>\n<\/tr>\n<tr>\n<td class=\"name\">Maximum SPL Output<\/td>\n<td>121 dB peak<\/td>\n<\/tr>\n<tr>\n<td class=\"name\">Frequency Response (-10dB)<\/td>\n<td>60 Hz \u2013 20 kHz<\/td>\n<\/tr>\n<tr>\n<td class=\"name\">Frequency Response (\u00b13 dB)<\/td>\n<td>70 Hz \u2013 18 kHz<\/td>\n<\/tr>\n<tr>\n<td class=\"name\">AC Input<\/td>\n<td>100-120 V, 220-240 V 50\/60 Hz<\/td>\n<\/tr>\n<tr>\n<td class=\"name\">Amp Design<\/td>\n<td>Class D<\/td>\n<\/tr>\n<tr>\n<td class=\"name\">System Power Rating<\/td>\n<td>300 W (2x 150 W stereo)<\/td>\n<\/tr>\n<tr>\n<td class=\"name\">Outputs<\/td>\n<td>Monitor Out: one pair of RCA jacks (stereo), and one pair of 1\/4\u2033\u00bb balanced TRS jacks (stereo) Headphone Out: 3.5mm stereo jack Subwoofer Out: 1\/4\u2033\u00bb balanced TRS jack<\/td>\n<\/tr>\n<tr>\n<td class=\"name\">Channels<\/td>\n<td>1-4: XLR\/1\/4\u2033 jack combo connectors 5-6: one pair of 1\/4\u2033 balanced TRS jacks (stereo), and one pair of RCA jacks (stereo) 7-8: one pair of 1\/4\u2033 balanced TRS jacks (stereo), and a 3.5mm stereo jack<\/td>\n<\/tr>\n<tr>\n<td class=\"name\">Phantom Power<\/td>\n<td>CH1 and CH2 have phantom power control and share the same selection switch<\/td>\n<\/tr>\n<tr>\n<td class=\"name\">Hi-Z Selection<\/td>\n<td>CH3 has a Hi-Z selection switch used for guitar signal input<\/td>\n<\/tr>\n<tr>\n<td class=\"name\">Mixer Output Connectors<\/td>\n<td>Monitor Out: one pair of RCA jacks (stereo), and one pair of 1\/4\u2033 balanced TRS jacks (stereo) Headphone Out: 3.5mm stereo jack Subwoofer Out: 1\/4\u2033 balanced TRS jack<\/td>\n<\/tr>\n<tr>\n<td class=\"name\">Treble\/Bass EQ<\/td>\n<td>Per-channel high- and low-shelf filters; +\/- 12dB cut and boost<\/td>\n<\/tr>\n<tr>\n<td class=\"name\">System Limiter<\/td>\n<td>On-board DSP limiting<\/td>\n<\/tr>\n<tr>\n<td class=\"name\">LF Driver<\/td>\n<td>1x JBL 8\u2033 (203mm) woofer<\/td>\n<\/tr>\n<tr>\n<td class=\"name\">HF Driver<\/td>\n<td>1x 1\u2033 Neodymuim black aluminum dome tweeter<\/td>\n<\/tr>\n<tr>\n<td class=\"name\">Coverage Pattern<\/td>\n<td>100\u00b0 horizontal x 60\u00b0 vertical<\/td>\n<\/tr>\n<tr>\n<td class=\"name\">Crossover Frequency<\/td>\n<td>2 kHz<\/td>\n<\/tr>\n<tr>\n<td class=\"name\">Crossover Type<\/td>\n<td>2-way passive network, 2nd order filters (12dB cutoff per octave)<\/td>\n<\/tr>\n<tr>\n<td class=\"name\">Enclosure<\/td>\n<td>Polypropylene<\/td>\n<\/tr>\n<tr>\n<td class=\"name\">Suspension\/Mounting<\/td>\n<td>36 mm pole socket<\/td>\n<\/tr>\n<tr>\n<td class=\"name\">Handles<\/td>\n<td>One on top<\/td>\n<\/tr>\n<tr>\n<td class=\"name\">Speaker Grille<\/td>\n<td>Powder-coated perforated steel<\/td>\n<\/tr>\n<tr>\n<td class=\"name\">Dimensions (H x W x D)<\/td>\n<td>575mm x 775mm x 400mm (22.6in x 30.5in x 15.7in)<\/td>\n<\/tr>\n<tr>\n<td class=\"name\">Net Weight<\/td>\n<td>38.8 lbs (17.6 kg)<\/td>\n<\/tr>\n<tr>\n<td class=\"name\">Mic Inputs<\/td>\n<td>4<\/td>\n<\/tr>\n<tr>\n<td class=\"name\">EQ<\/td>\n<td>Treble, Bass<\/td>\n<\/tr>\n<tr>\n<td class=\"name\">Effects<\/td>\n<td>Reverb<\/td>\n<\/tr>\n<tr>\n<td class=\"name\">Inputs<\/td>\n<td>1-4: XLR\/1\/4\u2033\u00bb jack combo connectors 5-6: one pair of 1\/4\u2033\u00bb balanced TRS jacks (stereo), and one pair of RCA jacks (stereo) 7-8: one pair of 1\/4\u2033\u00bb balanced TRS jacks (stereo), and a 3.5mm stereo jack<\/td>\n<\/tr>\n<\/tbody>\n<\/table>\n<\/div>\n<p>\u00a0<\/p>\n<p>Para m\u00e1s informaci\u00f3n del producto:<\/p>\n<p><a href=\"https:\/\/jblpro.com\/en-US\/products\/eon208p\" target=\"_blank\" rel=\"noopener\">https:\/\/jblpro.com\/en-US\/products\/eon208p<\/a><\/p>\n","protected":false},"excerpt":{"rendered":"<h4>JBL EON208P Sistema integrado con mezclador y Bluetooth<\/h4>\n<p>Sistema integrado 2&#215;150 W con mezclador 4+2 canales y Blutetooth EON208P. Sistema auto amplificado compuesto por 2 recintos pasivos y mezclador\/amplificador integrado con asas para un facil transporte. Potencia 300Wts (2x150Wts), woofer 8&#8243;, tweeter de neodimio 1&#8243; y filtro pasivo. Angulo de cobertura 100 x 80.<\/p>\n<p>Respuesta en frecuencia de 70 Hz a 18 KHz. M\u00e1ximo SPL 121dB, vaso invertido. Mezclador con 4 entradas micro\/l\u00ednea conmutable (1 y 2 con Phantom), control de agudos\/graves y env\u00edo a reverb integrada, adem\u00e1s de 1 entrada est\u00e9reo jack\/RCA conmutable a Bluetooth y 1 con Mini Jack especial IPod\/MP3.<\/p>\n<p>2 salidas amplificadas 2x150Wts por jack y 1 salida se\u00f1al Subgrave. Dimensiones embalaje: 575x775x400 mm. Peso: 17,6kg.<\/p>\n","protected":false},"featured_media":16434,"template":"","meta":[],"product_cat":[661,712,710],"product_tag":[],"class_list":{"0":"post-13565","1":"product","2":"type-product","3":"status-publish","4":"has-post-thumbnail","6":"product_brand-jbl","7":"product_cat-audio-profesional","8":"product_cat-caja-activa","9":"product_cat-cajas-acusticas","11":"first","12":"outofstock","13":"taxable","14":"shipping-taxable","15":"purchasable","16":"product-type-simple","17":"col-xs-6 col-sm-4","18":"col-md-3 col-lg-3","19":"un-4-cols"},"_links":{"self":[{"href":"https:\/\/www.audioibiza.com\/index.php\/wp-json\/wp\/v2\/product\/13565","targetHints":{"allow":["GET"]}}],"collection":[{"href":"https:\/\/www.audioibiza.com\/index.php\/wp-json\/wp\/v2\/product"}],"about":[{"href":"https:\/\/www.audioibiza.com\/index.php\/wp-json\/wp\/v2\/types\/product"}],"wp:featuredmedia":[{"embeddable":true,"href":"https:\/\/www.audioibiza.com\/index.php\/wp-json\/wp\/v2\/media\/16434"}],"wp:attachment":[{"href":"https:\/\/www.audioibiza.com\/index.php\/wp-json\/wp\/v2\/media?parent=13565"}],"wp:term":[{"taxonomy":"product_cat","embeddable":true,"href":"https:\/\/www.audioibiza.com\/index.php\/wp-json\/wp\/v2\/product_cat?post=13565"},{"taxonomy":"product_tag","embeddable":true,"href":"https:\/\/www.audioibiza.com\/index.php\/wp-json\/wp\/v2\/product_tag?post=13565"}],"curies":[{"name":"wp","href":"https:\/\/api.w.org\/{rel}","templated":true}]}}