{"id":13535,"date":"2019-08-01T21:51:54","date_gmt":"2019-08-01T19:51:54","guid":{"rendered":"https:\/\/www.audioibiza.com\/index.php\/producto\/etapa-potencia-2-canales-etapa-de-potencia-clased-2u-rack-dsp-2ch-x-300-525-775-w-8-4-2-ohm-crown\/"},"modified":"2026-03-19T09:48:18","modified_gmt":"2026-03-19T08:48:18","slug":"etapa-de-potencia-crown-xls1502","status":"publish","type":"product","link":"https:\/\/www.audioibiza.com\/index.php\/etapa-de-potencia-crown-xls1502\/","title":{"rendered":"Etapa de potencia CROWN XLS1502"},"content":{"rendered":"<p><iframe title=\"Crown | BE HEARD: Crown&#039;s New XLS DriveCore 2 Series\" width=\"840\" height=\"473\" src=\"https:\/\/www.youtube.com\/embed\/EUf-zzdLoEg?feature=oembed\" frameborder=\"0\" allow=\"accelerometer; autoplay; clipboard-write; encrypted-media; gyroscope; picture-in-picture; web-share\" referrerpolicy=\"strict-origin-when-cross-origin\" allowfullscreen><\/iframe><\/p>\n<h1><a href=\"https:\/\/www.audioibiza.com\/index.php\/etapa-de-potencia-crown-xls1502\/\">Etapa de potencia Crown XLS1502<\/a><\/h1>\n<table style=\"height: 715px;\" width=\"834\" cellspacing=\"1\">\n<tbody>\n<tr>\n<td>\n<ul>\n<li>Etapa de potencia con tecnologia DriveCore Clase D con DSP integrado de 2x300W a 8Ohm, 2x525W a 4Ohm, 2x775W a 2Ohm y 1050W Bridge a 8Ohm o 1550W Bridge a 4Ohm.<\/li>\n<\/ul>\n<\/td>\n<\/tr>\n<tr>\n<td>\n<ul>\n<li>Sensibilidad 1,4V o 0,775V.<\/li>\n<\/ul>\n<\/td>\n<\/tr>\n<tr>\n<td>\n<ul>\n<li>Selecci\u00f3n entrada estereo\/Bridge\/Y.<\/li>\n<\/ul>\n<\/td>\n<\/tr>\n<tr>\n<td>\n<ul>\n<li>Crossover Linkwitz-Riley de 24dB y limitador de picos Pureband.<\/li>\n<\/ul>\n<\/td>\n<\/tr>\n<tr>\n<td>\n<ul>\n<li>Controles de nivel en frontal, pantalla LCD con funci\u00f3n Sleep, indicadores de nivel e iluminaci\u00f3n desactivables.<\/li>\n<\/ul>\n<\/td>\n<\/tr>\n<tr>\n<td>\n<ul>\n<li>Conexi\u00f3n Auxiliar v\u00eda contactos para monitorizaci\u00f3n y funci\u00f3n Sleep.<\/li>\n<\/ul>\n<\/td>\n<\/tr>\n<tr>\n<td>\n<ul>\n<li>Protecci\u00f3n t\u00e9rmica y ventilaci\u00f3n forzada.<\/li>\n<\/ul>\n<\/td>\n<\/tr>\n<tr>\n<td>\n<ul>\n<li>Entradas XLR, Jack y RCA.<\/li>\n<\/ul>\n<\/td>\n<\/tr>\n<tr>\n<td>\n<ul>\n<li>Salidas Speakon\/Bornes.<\/li>\n<\/ul>\n<\/td>\n<\/tr>\n<tr>\n<td>\n<ul>\n<li>2U rack 19&#8243;.<\/li>\n<\/ul>\n<\/td>\n<\/tr>\n<\/tbody>\n<\/table>\n<p>&nbsp;<\/p>\n<p>Para m\u00e1s informaci\u00f3n sobre el producto:<\/p>\n<p><a href=\"https:\/\/www.crownaudio.com\/en\/products\/xls-1502\" target=\"_blank\" rel=\"noopener\">https:\/\/www.crownaudio.com\/en\/products\/xls-1502<\/a><\/p>\n","protected":false},"excerpt":{"rendered":"<p>Etapa de potencia Crown XLS1502 con tecnologia DriveCore Clase D2 con DSP integrado de 2x300W a 8Ohm, 2x525W a 4Ohm, 2x775W a 2Ohm y 1050W Bridge a 8Ohm o 1550W Bridge a 4Ohm.<\/p>\n<p>Sensibilidad 1,4V o 0,775V. Seleccion entrada estereo\/Bridge\/Y; Crosover y Limitador de picos Pureband. Controles de nivel en car\u00e1tula, pantalla LCD con funci\u00f3n Sleep, indicadores de nivel e iluminaci\u00f3n desactivables.<\/p>\n<p>Conexion Auxiliar via contactos para monitorizaci\u00f3n y funci\u00f3n Sleep. Protecci\u00f3n t\u00e9rmica; Ventilaci\u00f3n forzada. Entradas XLR, Jack y RCA, salidas Speakon\/Bornes.<\/p>\n<p>2U rack 19&#8243;. 3,9Kgr. (P)<\/p>\n","protected":false},"featured_media":16086,"template":"","meta":[],"product_cat":[661,677,676],"product_tag":[],"class_list":{"0":"post-13535","1":"product","2":"type-product","3":"status-publish","4":"has-post-thumbnail","6":"product_brand-crown","7":"product_cat-audio-profesional","8":"product_cat-etapa-potencia-2-canales","9":"product_cat-etapas-de-potencia","11":"first","12":"instock","13":"taxable","14":"shipping-taxable","15":"purchasable","16":"product-type-simple","17":"col-xs-6 col-sm-4","18":"col-md-3 col-lg-3","19":"un-4-cols"},"_links":{"self":[{"href":"https:\/\/www.audioibiza.com\/index.php\/wp-json\/wp\/v2\/product\/13535","targetHints":{"allow":["GET"]}}],"collection":[{"href":"https:\/\/www.audioibiza.com\/index.php\/wp-json\/wp\/v2\/product"}],"about":[{"href":"https:\/\/www.audioibiza.com\/index.php\/wp-json\/wp\/v2\/types\/product"}],"wp:featuredmedia":[{"embeddable":true,"href":"https:\/\/www.audioibiza.com\/index.php\/wp-json\/wp\/v2\/media\/16086"}],"wp:attachment":[{"href":"https:\/\/www.audioibiza.com\/index.php\/wp-json\/wp\/v2\/media?parent=13535"}],"wp:term":[{"taxonomy":"product_cat","embeddable":true,"href":"https:\/\/www.audioibiza.com\/index.php\/wp-json\/wp\/v2\/product_cat?post=13535"},{"taxonomy":"product_tag","embeddable":true,"href":"https:\/\/www.audioibiza.com\/index.php\/wp-json\/wp\/v2\/product_tag?post=13535"}],"curies":[{"name":"wp","href":"https:\/\/api.w.org\/{rel}","templated":true}]}}