{"id":13509,"date":"2019-08-01T21:51:30","date_gmt":"2019-08-01T19:51:30","guid":{"rendered":"https:\/\/www.audioibiza.com\/index.php\/producto\/bolsas-fundas-u8308bl-udg-creator-turntable-hardcase-black-udg\/"},"modified":"2025-11-18T01:01:53","modified_gmt":"2025-11-18T00:01:53","slug":"bolsas-fundas-u8308bl-udg-creator-turntable-hardcase-black-udg","status":"publish","type":"product","link":"https:\/\/www.audioibiza.com\/index.php\/bolsas-fundas-u8308bl-udg-creator-turntable-hardcase-black-udg\/","title":{"rendered":"Bolsa \/ Funda UDG U8308BL &#8211; UDG CREATOR TURNTABLE HARDCASE negra"},"content":{"rendered":"","protected":false},"excerpt":{"rendered":"<h4>CR TURNTABLE HARDCASE BLACK<\/h4>\n<p>FUNDA PARA EQUIPO DJ U8308BL &#8211; Es una funda protectora de la gama Creator de UDG que pemite transportar de forma segura ante golpes, ca\u00edda de l\u00edquidos o suciedad un plato giradiscos de DJ. Es funda es v\u00e1lida para los modelos: Technics SL-1200MK7, SL-1200MK6, SL-1200 MK5, SL-1200 MK4, SL-1200 MK3, SL-1200 MK2, SL-1200GR, SL-1200GAE Denon VL12 Prime Pioneer PLX-1000 Reloop RP-8000 MK2, RP-8000 Straight, RP-8000, Reloop RP-1000M, RP-1000 MK2, RP-2000 MK2, RP-2000 USB MK2, RP-4000 MK2, RP-7000, RP-7000 MK2, RP-7000 MK2 GLD, RP-7000 MK2 Silver Audio Technica LP120-USB, LP120XUSB, LP1240-USBXP, LP1240-USB, LP140XP, LP3, LP5, LP7, LPW40WN Stanton STR8-150, ST-150, T.52, T.55 USB, T.62, T.92 USB Mixars STA, LTA Vestax PDX-3000, PDX-3000Mix, PDX-3000MKII or similar size turntableM\u00e1s informaci\u00f3n y detalles siguiendo este link: https:\/\/www.udggear.com\/udg-creator-turntable-hardcase-black<\/p>\n","protected":false},"featured_media":13510,"template":"","meta":[],"product_cat":[722,721,665],"product_tag":[],"class_list":{"0":"post-13509","1":"product","2":"type-product","3":"status-publish","4":"has-post-thumbnail","6":"product_brand-udg","7":"product_cat-bolsa-funda","8":"product_cat-cajas-y-bolsas-transporte","9":"product_cat-dj","10":"product_shipping_class-mediano-y-barato-16","12":"first","13":"outofstock","14":"taxable","15":"shipping-taxable","16":"purchasable","17":"product-type-simple","18":"col-xs-6 col-sm-4","19":"col-md-3 col-lg-3","20":"un-4-cols"},"_links":{"self":[{"href":"https:\/\/www.audioibiza.com\/index.php\/wp-json\/wp\/v2\/product\/13509","targetHints":{"allow":["GET"]}}],"collection":[{"href":"https:\/\/www.audioibiza.com\/index.php\/wp-json\/wp\/v2\/product"}],"about":[{"href":"https:\/\/www.audioibiza.com\/index.php\/wp-json\/wp\/v2\/types\/product"}],"wp:featuredmedia":[{"embeddable":true,"href":"https:\/\/www.audioibiza.com\/index.php\/wp-json\/wp\/v2\/media\/13510"}],"wp:attachment":[{"href":"https:\/\/www.audioibiza.com\/index.php\/wp-json\/wp\/v2\/media?parent=13509"}],"wp:term":[{"taxonomy":"product_cat","embeddable":true,"href":"https:\/\/www.audioibiza.com\/index.php\/wp-json\/wp\/v2\/product_cat?post=13509"},{"taxonomy":"product_tag","embeddable":true,"href":"https:\/\/www.audioibiza.com\/index.php\/wp-json\/wp\/v2\/product_tag?post=13509"}],"curies":[{"name":"wp","href":"https:\/\/api.w.org\/{rel}","templated":true}]}}