{"id":13288,"date":"2019-08-01T21:49:05","date_gmt":"2019-08-01T19:49:05","guid":{"rendered":"https:\/\/www.audioibiza.com\/index.php\/producto\/trolley-u9679bl-or-ultimate-slingbag-trolley-set-deluxe-black-orange-inside-udg\/"},"modified":"2025-11-17T09:32:32","modified_gmt":"2025-11-17T08:32:32","slug":"trolley-u9679bl-or-ultimate-slingbag-trolley-set-deluxe-black-orange-inside-udg","status":"publish","type":"product","link":"https:\/\/www.audioibiza.com\/index.php\/trolley-u9679bl-or-ultimate-slingbag-trolley-set-deluxe-black-orange-inside-udg\/","title":{"rendered":"Trolley UDG U9679BL\/OR &#8211; ULTIMATE SLINGBAG TROLLEY SET DELUXE negra, Interior naranja"},"content":{"rendered":"<p>FUNDA PARA EQUIPO DJ U9679BL\/OR &#8211; Trolley para DJ &#8211; Magn\u00edfico trolleyde transporte para DJ&#8217;s de grandes directos. Organizado en dos pisos y con asa y ruedas reforzadas comparado con el dise\u00f1o original (que fu\u00e9 uno de los trolleys m\u00e1s vendidos de la historia de UDG) permite llevar hasta 60 vinilos y 50 m\u00e1s en el Slingbag (bolsa que se desliza en la misma asa de transporte del trolley) adem\u00e1s de controladores de mediano tama\u00f1o tipo Vestax VCI 100 o Hercules RMX, interfaces de audio como Audio 10, Maschine Mikro \/ Classic MK2 , Kontrol F1\/X1\/Z1, auriculares y accesorios de todo tipo, podr\u00edamos decir que es el trolley m\u00e1s grande de UDG sin lugar a dudas.EAN: 8717228272766 Color: Negfo, Naranja interior Peso:8,50 kg \/ 18.7 lbs Dimensiones externas: Trolley cm: 40 x 45.5 x 31 inch: 15.7 x 17.9 x 12.2 &#8211; SlingBag cm:39 x 38 x 21 inch: 15.4 x 15 x 8.3 Dimensiones internas: Trolley cm: 31.5 x 32 x 20 inch: 12.4 x 12.6 x 7.9 &#8211; SlingBag cm: 32 x 32 x 16 inch: 12.6 x 12.6 x 6.3 Materiales: Water Resistant Nylon 420D Protecciones: varias plachas de espuma desmontables Extra&#8217;s: Includes SlingBag Trolley Deluxe + SlingBag. Larger side and front pockets provides convenient storage for Accessories and smaller gears or laptop computer. Cierre por combinaci\u00f3n en la trolley ypermite mini candados en las otras cremalleras. Viene con 4 CD Wallet 24 para almacenar 24 CD&#8217;s en cada una. Sistema de trolley telescopico de tres pasos integrado y oculto en la propia maleta. Valido para: 60 + 50 LP&#8217;s or 2x Wallets 128 + 2x Wallets 280 and\/or 2 MIDI Controllers + misc. Accessories. Trolley fits up to 13&#8242; laptop. See description for details and check &#8216;By Device&#8217; in UDG website.<\/p>\n","protected":false},"excerpt":{"rendered":"<p>UL SLINGBAG TR SET DLX BL\/OR \/C<\/p>\n","protected":false},"featured_media":15205,"template":"","meta":[],"product_cat":[721,665,736],"product_tag":[],"class_list":{"0":"post-13288","1":"product","2":"type-product","3":"status-publish","4":"has-post-thumbnail","6":"product_brand-udg","7":"product_cat-cajas-y-bolsas-transporte","8":"product_cat-dj","9":"product_cat-trolley","11":"first","12":"outofstock","13":"taxable","14":"shipping-taxable","15":"purchasable","16":"product-type-simple","17":"col-xs-6 col-sm-4","18":"col-md-3 col-lg-3","19":"un-4-cols"},"_links":{"self":[{"href":"https:\/\/www.audioibiza.com\/index.php\/wp-json\/wp\/v2\/product\/13288","targetHints":{"allow":["GET"]}}],"collection":[{"href":"https:\/\/www.audioibiza.com\/index.php\/wp-json\/wp\/v2\/product"}],"about":[{"href":"https:\/\/www.audioibiza.com\/index.php\/wp-json\/wp\/v2\/types\/product"}],"wp:featuredmedia":[{"embeddable":true,"href":"https:\/\/www.audioibiza.com\/index.php\/wp-json\/wp\/v2\/media\/15205"}],"wp:attachment":[{"href":"https:\/\/www.audioibiza.com\/index.php\/wp-json\/wp\/v2\/media?parent=13288"}],"wp:term":[{"taxonomy":"product_cat","embeddable":true,"href":"https:\/\/www.audioibiza.com\/index.php\/wp-json\/wp\/v2\/product_cat?post=13288"},{"taxonomy":"product_tag","embeddable":true,"href":"https:\/\/www.audioibiza.com\/index.php\/wp-json\/wp\/v2\/product_tag?post=13288"}],"curies":[{"name":"wp","href":"https:\/\/api.w.org\/{rel}","templated":true}]}}