{"id":13234,"date":"2019-08-01T21:48:35","date_gmt":"2019-08-01T19:48:35","guid":{"rendered":"https:\/\/www.audioibiza.com\/index.php\/producto\/mesas-de-mezclas-dj-xone96-allen-heath\/"},"modified":"2025-11-17T09:32:19","modified_gmt":"2025-11-17T08:32:19","slug":"mesa-de-mezclas-dj-allenheath-xone96","status":"publish","type":"product","link":"https:\/\/www.audioibiza.com\/index.php\/mesa-de-mezclas-dj-allenheath-xone96\/","title":{"rendered":"Mesa de mezclas DJ ALLENHEATH XONE96"},"content":{"rendered":"<p><iframe title=\"Introducing Xone:96 ...\" width=\"840\" height=\"473\" src=\"https:\/\/www.youtube.com\/embed\/HjyiPQLt5Vk?feature=oembed\" frameborder=\"0\" allow=\"accelerometer; autoplay; clipboard-write; encrypted-media; gyroscope; picture-in-picture; web-share\" referrerpolicy=\"strict-origin-when-cross-origin\" allowfullscreen><\/iframe><\/p>\n<h1>MESA DE MEZCLAS DJ ALLENHEATH XONE96<\/h1>\n<p>La mesa de mezclas DJ <a href=\"https:\/\/www.audioibiza.com\/index.php\/mesa-de-mezclas-dj-allenheath-xone96\/\">AllenHeath Xone96<\/a> es un nuevo mezclador DJ anal\u00f3gico, dise\u00f1ado sin compromisos, destinado a convertirse en el centro neur\u00e1lgico de cualquier DJ profesional creativo, y que toma su esencia del legendario Xone:92, mejorando y reforzando sus prestaciones, y a\u00f1adiendo la conectividad digital m\u00e1s avanzada.<\/p>\n<p>Lo tiene todo. El grandioso, detallado y excitante sonido que solo puede proporcionar la serie Xone. Una redise\u00f1ada EQ de 4 bandas que ofrece la m\u00e1xima precisi\u00f3n. Los incomparables filtros dobles Xone:VCF con distorsi\u00f3n arm\u00f3nica CRUNCH. Y una doble tarjeta de sonido USB de 32 bit (24 canales @ 96 kHz) con certificaci\u00f3n Traktor Scratch.<\/p>\n<p>Adem\u00e1s, permite la conexi\u00f3n de todo tipo de equipos, desde ordenadores port\u00e1tiles a giradiscos, pedales, sintetizadores o cajas de ritmos. Cuenta tambi\u00e9n con dos env\u00edos FX exclusivos, cuatro canales de entrada est\u00e9reo (con EQ de 4 bandas), dos canales de entrada est\u00e9reo con una ecualizaci\u00f3n param\u00e9trica de 3 bandas, de dise\u00f1o totalmente nuevo, dos canales de retorno auxiliar est\u00e9reo, y una inserci\u00f3n master independiente para equipos externos.<\/p>\n<p>El equipo ofrece nuevas posibilidades que pueden manejarse a trav\u00e9s de una configuraci\u00f3n que le resultar\u00e1 totalmente familiar al usuario, y que cuenta adem\u00e1s con controles t\u00e1ctiles altamente precisos. Todo ello con una construcci\u00f3n de una robustez sorprendente que supera en gran medida las necesidades propias del uso diario, noche tras noche.<\/p>\n<p>Xone:96 se apoya en la rica herencia acumulada por Allen &amp; Heath para crear el mezclador anal\u00f3gico m\u00e1s avanzado del mercado, dise\u00f1ado totalmente para proporcionar el legendario sonido anal\u00f3gico Xone en un formato m\u00e1s flexible y potente.<\/p>\n<p>Los cuatro canales de entrada incorporan el dise\u00f1o m\u00e1s reciente y avanzado de la EQ de 4 bandas de Xone, que ya se ha convertido en la preferida de infinidad de DJs internacionales. Los canales de retorno est\u00e9reo A y B cuentan con todas las posibilidades, e incorporan una EQ param\u00e9trica de 3 bandas de nuevo dise\u00f1o, capaz de proporcionar un mayor control sobre el sonido.<\/p>\n<p>Xone:96 incluye tambi\u00e9n dos conexiones USB totalmente independientes, cada una de ellas con 6 entradas y salidas est\u00e9reo, que ofrecen multitud de opciones de direccionamiento.<\/p>\n<p>El avanzado procesado con resoluci\u00f3n 96 kHz\/32 bit asegura la m\u00e1xima calidad de sonido. Adem\u00e1s, las tarjetas de sonido de Xone:96 soportan el control DVS del software Traktor Scratch Pro 2 de Native Instruments. El mercado no ofrece nada que se aproxime a la calidad de sonido y potencia que ofrece el filtro VCF de Xone.<\/p>\n<p>En este nuevo modelo, se ha redefinido el dise\u00f1o cl\u00e1sico, preservando su inconfundible car\u00e1cter sonoro, pero dando un enorme paso adelante en cuanto a prestaciones. Adem\u00e1s de los cl\u00e1sicos HPF, BPF, LPF, control de resonancia y barrido de frecuencia, se ha a\u00f1adido CRUNCH, una funci\u00f3n de distorsi\u00f3n arm\u00f3nica controlada, situada en una posici\u00f3n pre filtro en el circuito, que proporciona un potente y novedoso efecto. Adem\u00e1s, Xone:96 permite direccionar cualquiera de los seis canales principales a cualquiera de los filtros.<\/p>\n<p>Subrayando sus credenciales como mezclador desinado a los clubs profesionales, Xone:96 ofrece tambi\u00e9n dos sistemas Cue totalmente independientes. Combinado con la tarjeta de sonido doble, permite realizar actuaciones simult\u00e1neas de dos DJs y facilita la transici\u00f3n entre DJs. La salida espec\u00edfica para el sistema de sonido en cabina cuenta con EQ de 3 bandas que permite ajustar perfectamente el sistema de monitoraje.<\/p>\n<p>Y aquellos DJs que utilicen software multicanal h\u00edbrido y complejo podr\u00e1n beneficiarse de la simplicidad de utilizar un \u00fanico USB para conectar su ordenador a Xone:96. Otro de los puntos fuertes que ofrece Xone:96 es su capacidad total de conectividad. Adem\u00e1s de las conexiones anal\u00f3gicas, se cuenta con 2 env\u00edos est\u00e9reo, 4 retornos est\u00e9reo y una inserci\u00f3n master espec\u00edfica.<\/p>\n<p>El Env\u00edo 1 es conmutable entre nivel de l\u00ednea y alta impedancia, permitiendo la incorporaci\u00f3n de efectos con nivel de instrumento como, por ejemplo, pedales cl\u00e1sicos de guitarra.<\/p>\n<p>X-Link permite la conexi\u00f3n de los controladores de la serie Xone:K, que permiten el control inmediato del software, ahorrando puertos en el ordenador. La entrada y salida MIDI puede realizarse a trav\u00e9s de la conexi\u00f3n de 5 pins situada en el panel posterior, o a trav\u00e9s de ambos USB.<\/p>\n<p>De s\u00f3lida construcci\u00f3n, Xone:96 incorpora faders de canal VCA lineales de 60 mm, perfectamente balanceados y que permiten un funcionamiento uniforme y un control preciso. En cuanto a crossfader, est\u00e1 equipado con el popular Innofader Mini, completado con el ajuste de corte de fader m\u00e1s abrupto conseguido hasta la fecha.<\/p>\n<p>Para m\u00e1s informaci\u00f3n del producto:<\/p>\n<p><a href=\"https:\/\/www.allen-heath.com\/ahproducts\/xone96\/\" target=\"_blank\" rel=\"noopener\">https:\/\/www.allen-heath.com\/ahproducts\/xone96\/<\/a><\/p>\n","protected":false},"excerpt":{"rendered":"<h4>Mesa de mezclas DJ AllenHeath Xone96, profesional para discoteca\/DJ con doble tarjeta de sonido USB<\/h4>\n","protected":false},"featured_media":13235,"template":"","meta":[],"product_cat":[665,729,728],"product_tag":[],"class_list":{"0":"post-13234","1":"product","2":"type-product","3":"status-publish","4":"has-post-thumbnail","6":"product_brand-allen-heath","7":"product_cat-dj","8":"product_cat-mesa-de-mezclas-dj","9":"product_cat-mesas-de-mezclas-dj","11":"first","12":"outofstock","13":"taxable","14":"shipping-taxable","15":"purchasable","16":"product-type-simple","17":"col-xs-6 col-sm-4","18":"col-md-3 col-lg-3","19":"un-4-cols"},"_links":{"self":[{"href":"https:\/\/www.audioibiza.com\/index.php\/wp-json\/wp\/v2\/product\/13234","targetHints":{"allow":["GET"]}}],"collection":[{"href":"https:\/\/www.audioibiza.com\/index.php\/wp-json\/wp\/v2\/product"}],"about":[{"href":"https:\/\/www.audioibiza.com\/index.php\/wp-json\/wp\/v2\/types\/product"}],"wp:featuredmedia":[{"embeddable":true,"href":"https:\/\/www.audioibiza.com\/index.php\/wp-json\/wp\/v2\/media\/13235"}],"wp:attachment":[{"href":"https:\/\/www.audioibiza.com\/index.php\/wp-json\/wp\/v2\/media?parent=13234"}],"wp:term":[{"taxonomy":"product_cat","embeddable":true,"href":"https:\/\/www.audioibiza.com\/index.php\/wp-json\/wp\/v2\/product_cat?post=13234"},{"taxonomy":"product_tag","embeddable":true,"href":"https:\/\/www.audioibiza.com\/index.php\/wp-json\/wp\/v2\/product_tag?post=13234"}],"curies":[{"name":"wp","href":"https:\/\/api.w.org\/{rel}","templated":true}]}}