{"id":12992,"date":"2019-08-01T21:45:02","date_gmt":"2019-08-01T19:45:02","guid":{"rendered":"https:\/\/www.audioibiza.com\/index.php\/producto\/mesas-de-mezclas-dj-m101-usb-black-numark\/"},"modified":"2025-11-17T09:31:30","modified_gmt":"2025-11-17T08:31:30","slug":"numark-m101usb","status":"publish","type":"product","link":"https:\/\/www.audioibiza.com\/index.php\/numark-m101usb\/","title":{"rendered":"Mesa de mezclas DJ NUMARK M101USB Black"},"content":{"rendered":"<p><iframe title=\"Numark M Series Mixers: Overview\" width=\"840\" height=\"630\" src=\"https:\/\/www.youtube.com\/embed\/f9FAwAU3Y_E?feature=oembed\" frameborder=\"0\" allow=\"accelerometer; autoplay; clipboard-write; encrypted-media; gyroscope; picture-in-picture; web-share\" referrerpolicy=\"strict-origin-when-cross-origin\" allowfullscreen><\/iframe><\/p>\n<h1><a href=\"https:\/\/www.audioibiza.com\/index.php\/numark-m101usb\/\">Mesa de mezclas DJ NUMARK M101USB Black<\/a><\/h1>\n<p>Para m\u00e1s informaci\u00f3n del producto:<\/p>\n<p><a href=\"https:\/\/www.numark.com\/product\/m101usb\" target=\"_blank\" rel=\"noopener\">https:\/\/www.numark.com\/product\/m101usb<\/a><\/p>\n","protected":false},"excerpt":{"rendered":"<h4>MESA DE MEZCLAS DJ NUMARK M101USB Black<\/h4>\n<p>Numark M101USB es un mezclador de dos canales altamente adaptable, destinado a pr\u00e1cticamente cualquier tipo de DJ. Permite trabajar de forma inmediata en cualquier situaci\u00f3n, ya sea trabajando con ordenador, giradiscos o CDs, en cualquier entorno profesional o dom\u00e9stico.<\/p>\n<p>El M101USB se basa en el dise\u00f1o del mezclador de dos canales M101, al que se le ha a\u00f1adido un interface de audio USB de f\u00e1cil uso. M101USB dispone de una potente y flexible ecualizaci\u00f3n que permite modelar la mezcla dependiendo de las caracter\u00edsticas ac\u00fasticas de la sala o de las pistas en s\u00ed mismas.<\/p>\n<p>Se incluyen dos pares de entradas conmutables fono\/l\u00ednea, junto con un crossfader, una entrada de micro a trav\u00e9s de conector de \u00bc&#8217; y una salida de l\u00ednea est\u00e9reo a trav\u00e9s de RCA, para la conexi\u00f3n a un amplificador, altavoces autoamplificados u otro mezclador. M101USB puede ser montado en rack.<\/p>\n","protected":false},"featured_media":7616,"template":"","meta":[],"product_cat":[665,729,728],"product_tag":[],"class_list":{"0":"post-12992","1":"product","2":"type-product","3":"status-publish","4":"has-post-thumbnail","6":"product_brand-numark","7":"product_cat-dj","8":"product_cat-mesa-de-mezclas-dj","9":"product_cat-mesas-de-mezclas-dj","10":"product_shipping_class-pequeno-y-barato-10","12":"first","13":"outofstock","14":"taxable","15":"shipping-taxable","16":"purchasable","17":"product-type-simple","18":"col-xs-6 col-sm-4","19":"col-md-3 col-lg-3","20":"un-4-cols"},"_links":{"self":[{"href":"https:\/\/www.audioibiza.com\/index.php\/wp-json\/wp\/v2\/product\/12992","targetHints":{"allow":["GET"]}}],"collection":[{"href":"https:\/\/www.audioibiza.com\/index.php\/wp-json\/wp\/v2\/product"}],"about":[{"href":"https:\/\/www.audioibiza.com\/index.php\/wp-json\/wp\/v2\/types\/product"}],"wp:featuredmedia":[{"embeddable":true,"href":"https:\/\/www.audioibiza.com\/index.php\/wp-json\/wp\/v2\/media\/7616"}],"wp:attachment":[{"href":"https:\/\/www.audioibiza.com\/index.php\/wp-json\/wp\/v2\/media?parent=12992"}],"wp:term":[{"taxonomy":"product_cat","embeddable":true,"href":"https:\/\/www.audioibiza.com\/index.php\/wp-json\/wp\/v2\/product_cat?post=12992"},{"taxonomy":"product_tag","embeddable":true,"href":"https:\/\/www.audioibiza.com\/index.php\/wp-json\/wp\/v2\/product_tag?post=12992"}],"curies":[{"name":"wp","href":"https:\/\/api.w.org\/{rel}","templated":true}]}}