{"id":12989,"date":"2019-08-01T21:44:48","date_gmt":"2019-08-01T19:44:48","guid":{"rendered":"https:\/\/www.audioibiza.com\/index.php\/producto\/mesas-de-mezclas-dj-m4-black-numark\/"},"modified":"2025-11-17T09:31:27","modified_gmt":"2025-11-17T08:31:27","slug":"numark-m4","status":"publish","type":"product","link":"https:\/\/www.audioibiza.com\/index.php\/numark-m4\/","title":{"rendered":"Mesa de mezclas DJ NUMARK M4 Black"},"content":{"rendered":"<p><iframe title=\"Numark M Series Mixers: Overview\" width=\"840\" height=\"630\" src=\"https:\/\/www.youtube.com\/embed\/f9FAwAU3Y_E?feature=oembed\" frameborder=\"0\" allow=\"accelerometer; autoplay; clipboard-write; encrypted-media; gyroscope; picture-in-picture; web-share\" referrerpolicy=\"strict-origin-when-cross-origin\" allowfullscreen><\/iframe><\/p>\n<h1><a href=\"https:\/\/www.audioibiza.com\/index.php\/numark-m4\/\">Mesa de mezclas DJ NUMARK M4 Black<\/a><\/h1>\n<p>Para m\u00e1s informaci\u00f3n del producto:<\/p>\n<p><a href=\"https:\/\/www.numark.com\/product\/m4\" target=\"_blank\" rel=\"noopener\">https:\/\/www.numark.com\/product\/m4<\/a><\/p>\n","protected":false},"excerpt":{"rendered":"<h4>MESA DE MEZCLAS DJ NUMARK M4 Black de 3 canales para scratch<\/h4>\n<p>El M4 es un mezclador de tres canales para DJ que ofrece el m\u00e1s alto grado de flexibilidad. Dispone de fader reemplazable con controles de inversi\u00f3n y curva, una entrada de micro con entrada jack de \u00bc\u00bb y EQ, amplias posibilidades de conexi\u00f3n y direccionamiento de equipos con niveles fono y l\u00ednea.<\/p>\n<p>El M4 dispone de una impresionante secci\u00f3n de entradas. Ofrece un total de 6 entradas: 2 conmutables fono \/ l\u00ednea y 4 de l\u00ednea, adem\u00e1s de salidas master y grabaci\u00f3n. Cada canal cuenta tambi\u00e9n con ecualizaci\u00f3n\/kill de 3 bandas, por pasos.<\/p>\n","protected":false},"featured_media":7606,"template":"","meta":[],"product_cat":[665,729,728],"product_tag":[],"class_list":{"0":"post-12989","1":"product","2":"type-product","3":"status-publish","4":"has-post-thumbnail","6":"product_brand-numark","7":"product_cat-dj","8":"product_cat-mesa-de-mezclas-dj","9":"product_cat-mesas-de-mezclas-dj","10":"product_shipping_class-pequeno-y-barato-10","12":"first","13":"instock","14":"taxable","15":"shipping-taxable","16":"purchasable","17":"product-type-simple","18":"col-xs-6 col-sm-4","19":"col-md-3 col-lg-3","20":"un-4-cols"},"_links":{"self":[{"href":"https:\/\/www.audioibiza.com\/index.php\/wp-json\/wp\/v2\/product\/12989","targetHints":{"allow":["GET"]}}],"collection":[{"href":"https:\/\/www.audioibiza.com\/index.php\/wp-json\/wp\/v2\/product"}],"about":[{"href":"https:\/\/www.audioibiza.com\/index.php\/wp-json\/wp\/v2\/types\/product"}],"wp:featuredmedia":[{"embeddable":true,"href":"https:\/\/www.audioibiza.com\/index.php\/wp-json\/wp\/v2\/media\/7606"}],"wp:attachment":[{"href":"https:\/\/www.audioibiza.com\/index.php\/wp-json\/wp\/v2\/media?parent=12989"}],"wp:term":[{"taxonomy":"product_cat","embeddable":true,"href":"https:\/\/www.audioibiza.com\/index.php\/wp-json\/wp\/v2\/product_cat?post=12989"},{"taxonomy":"product_tag","embeddable":true,"href":"https:\/\/www.audioibiza.com\/index.php\/wp-json\/wp\/v2\/product_tag?post=12989"}],"curies":[{"name":"wp","href":"https:\/\/api.w.org\/{rel}","templated":true}]}}