{"id":12962,"date":"2019-08-01T21:44:32","date_gmt":"2019-08-01T19:44:32","guid":{"rendered":"https:\/\/www.audioibiza.com\/index.php\/producto\/monitor-estudio-8040b-pm-genelec\/"},"modified":"2025-11-28T01:01:41","modified_gmt":"2025-11-28T00:01:41","slug":"monitor-estudio-genelec-8040b-pm","status":"publish","type":"product","link":"https:\/\/www.audioibiza.com\/index.php\/monitor-estudio-genelec-8040b-pm\/","title":{"rendered":"Monitor Estudio GENELEC 8040B PM"},"content":{"rendered":"<p><iframe title=\"Genelec 8000 Series features\" width=\"840\" height=\"473\" src=\"https:\/\/www.youtube.com\/embed\/YxF7fYTR2TY?feature=oembed\" frameborder=\"0\" allow=\"accelerometer; autoplay; clipboard-write; encrypted-media; gyroscope; picture-in-picture; web-share\" referrerpolicy=\"strict-origin-when-cross-origin\" allowfullscreen><\/iframe><\/p>\n<h1><a href=\"https:\/\/www.audioibiza.com\/index.php\/monitor-estudio-genelec-8040b-pm\/\">MONITOR ESTUDIO GENELEC 8040B PM<\/a><\/h1>\n<p>Ofreciendo un rendimiento comparable a sistemas mucho m\u00e1s grandes, pero con un formato compacto, el monitor biamplificado 8040B es ideal para ser utilizado en muchas situaciones donde se requiere una amplia respuesta en frecuencia pero se dispone de un espacio limitado.<\/p>\n<p>Su campo de aplicaciones incluye monitorizaci\u00f3n de campo cercano, estudios dom\u00e9sticos o de maquetas, workstations, salas de control en radiodifusi\u00f3n o televisi\u00f3n, o veh\u00edculos m\u00f3viles de producci\u00f3n. Incorpora un altavoz de graves de 6,5\u2033 y una unidad de agudos de \u00be\u00bb con c\u00fapula met\u00e1lica y guiaondas DCW.<\/p>\n<p>El ingenioso y optimizado puerto r\u00e9flex consigue unos graves claros, profundos y perfectamente articulados, sin compresi\u00f3n ni ruidos provocados en el puerto.<\/p>\n<p>La combinaci\u00f3n del avanzado Directivity Control Waveguide (DCW) y los bordes redondeados y el frontal y laterales curvados del recinto MDE (Minimum Diffraction Enclosure), san como resultado una respuesta en frecuencia sorprendentemente ancha y plana, tanto dentro como fuera del eje.<\/p>\n<p>Dispone de filtros crossover, cuidadosamente dise\u00f1ados, y amplificadores espec\u00edficos para cada uno de los transductores de baja distorsi\u00f3n. Tambi\u00e9n ofrece blindaje magn\u00e9tico, circuito de protecci\u00f3n frente a sobrecargas y vers\u00e1tiles controles para modificar la respuesta de la habitaci\u00f3n.<\/p>\n<p>El 8040B incorpora el soporte Iso-Pod (Isolation Positioner\/Decoupler), que elimina la coloraci\u00f3n del sonido desacoplando el monitor de la superficie sobre la que descansa. El Iso-Pod tambi\u00e9n permite que el monitor pueda ser colocado en un \u00e1ngulo en el que su eje ac\u00fastico se oriente directamente hacia el oyente.<\/p>\n<p>Pata ofrece posibilidades de montaje en diferentes entornos, el monitor incluye tambi\u00e9n puntos posteriores de soporte para soportes de pared y de suelo, y un punto roscado M10 adicional en la base del recinto.<\/p>\n<p>Disponible en colores negro mate, blanco y aluminio pulido.<\/p>\n<p>\u00a0<\/p>\n<p>Para m\u00e1s informaci\u00f3n del producto:<\/p>\n<p><a href=\"https:\/\/www.genelec.com\/8040b\" target=\"_blank\" rel=\"noopener\">https:\/\/www.genelec.com\/8040b<\/a><\/p>\n","protected":false},"excerpt":{"rendered":"<h4>MONITOR ESTUDIO GENELEC 8040B PM. Monitor 2 v\u00edas biamplificado, color negro mate<\/h4>\n","protected":false},"featured_media":5705,"template":"","meta":[],"product_cat":[665,663,706],"product_tag":[],"class_list":{"0":"post-12962","1":"product","2":"type-product","3":"status-publish","4":"has-post-thumbnail","6":"product_brand-genelec","7":"product_cat-dj","8":"product_cat-monitor-estudio","9":"product_cat-produccion-musical","11":"first","12":"outofstock","13":"taxable","14":"shipping-taxable","15":"purchasable","16":"product-type-simple","17":"col-xs-6 col-sm-4","18":"col-md-3 col-lg-3","19":"un-4-cols"},"_links":{"self":[{"href":"https:\/\/www.audioibiza.com\/index.php\/wp-json\/wp\/v2\/product\/12962","targetHints":{"allow":["GET"]}}],"collection":[{"href":"https:\/\/www.audioibiza.com\/index.php\/wp-json\/wp\/v2\/product"}],"about":[{"href":"https:\/\/www.audioibiza.com\/index.php\/wp-json\/wp\/v2\/types\/product"}],"wp:featuredmedia":[{"embeddable":true,"href":"https:\/\/www.audioibiza.com\/index.php\/wp-json\/wp\/v2\/media\/5705"}],"wp:attachment":[{"href":"https:\/\/www.audioibiza.com\/index.php\/wp-json\/wp\/v2\/media?parent=12962"}],"wp:term":[{"taxonomy":"product_cat","embeddable":true,"href":"https:\/\/www.audioibiza.com\/index.php\/wp-json\/wp\/v2\/product_cat?post=12962"},{"taxonomy":"product_tag","embeddable":true,"href":"https:\/\/www.audioibiza.com\/index.php\/wp-json\/wp\/v2\/product_tag?post=12962"}],"curies":[{"name":"wp","href":"https:\/\/api.w.org\/{rel}","templated":true}]}}