{"id":12953,"date":"2019-08-01T21:44:32","date_gmt":"2019-08-01T19:44:32","guid":{"rendered":"https:\/\/www.audioibiza.com\/index.php\/producto\/live-directo-zedi-8-allen-heath\/"},"modified":"2025-11-28T01:01:31","modified_gmt":"2025-11-28T00:01:31","slug":"mesa-de-mezclas-allenheath-zedi-8","status":"publish","type":"product","link":"https:\/\/www.audioibiza.com\/index.php\/mesa-de-mezclas-allenheath-zedi-8\/","title":{"rendered":"Mesa de mezclas ALLENHEATH ZEDi-8"},"content":{"rendered":"<p><iframe title=\"ZEDi Mixer\/Interface - For Podcasters, Streamers, Musicians and more....\" width=\"840\" height=\"473\" src=\"https:\/\/www.youtube.com\/embed\/rmZHEMUiZjY?feature=oembed\" frameborder=\"0\" allow=\"accelerometer; autoplay; clipboard-write; encrypted-media; gyroscope; picture-in-picture; web-share\" referrerpolicy=\"strict-origin-when-cross-origin\" allowfullscreen><\/iframe><\/p>\n<p>\u00a0<\/p>\n<h1>MESA DE MEZCLAS ALLENHEATH ZEDi-8<\/h1>\n<p>La mesa de mezclas <a href=\"https:\/\/www.audioibiza.com\/index.php\/mesa-de-mezclas-allenheath-zedi-8\/\">AllenHeath ZEDi-8<\/a> proporciona a los m\u00fasicos, tanto en directo como en grabaci\u00f3n, y a los peque\u00f1os locales la robustez y control inmediato de un mezclador anal\u00f3gico, combinado con la versatilidad y efectividad de un interface USB 2\u00d72.<\/p>\n<p>Incorporando los nuevos pramplificadores GSPre, desarrollados a partir de la reverenciada consola de estudio GS-R24, el mezclador ZED presenta un ruido excepcionalmente bajo y un elevad\u00edsimo techo din\u00e1mico, con un sonido anal\u00f3gico c\u00e1lido y profundo.<\/p>\n<p>Los guitarristas encontrar\u00e1n especialmente interesantes las dos entradas DI de alta impedancia para guitarra que incorpora ZEDi-8, que permite que las guitarras puedan ser conectadas directamente al mezclador sin necesidad de contar con las caras cajas DI externas.<\/p>\n<p>ZEDi-8 incorpora un interface de audio USB de 2 entradas y 2 salidas, con una resoluci\u00f3n de 24-bit\/96kHz, que permite la grabaci\u00f3n y reproducci\u00f3n de\/hacia un ordenador PC o Mac, o tambi\u00e9n hacia un dispositivo iOS utilizando el iOS camera kit.<\/p>\n<p>La fuente de salida USB puede ser configurada de formas diferentes para que se adapte al modo de trabajar del usuario. ZEDi-8 incluye el popular software Cubase LE, que ofrece un interface de usuario potente, aunque f\u00e1ciles de utilizar, herramientas software para la grabaci\u00f3n de audio, edici\u00f3n, secuenciado MIDI y mezcla.<\/p>\n<p>El mezclador tambi\u00e9n incluye la app Cubasis LE, que proporciona caracter\u00edsticas similares a Cubasis, y que ha sido dise\u00f1ado para ofrecer un manejo r\u00e1pido y extremadamente sencillo, permitiendo la grabaci\u00f3n, edici\u00f3n y mezcla.<\/p>\n<p>Todos los canales se encuentran alojados en placas de circuito impreso individuales, montadas de forma vertical, y todos los controles rotativos est\u00e1n fijados al panel frontal por medio de una tuerca de acero, con el fin de protegerlos frente a los posibles da\u00f1os producidos por impactos.<\/p>\n<p>\u00a0<\/p>\n<p>Para m\u00e1s informaci\u00f3n del producto:<\/p>\n<p><a href=\"https:\/\/www.allen-heath.com\/ahproducts\/zedi-8\/\" target=\"_blank\" rel=\"noopener\">https:\/\/www.allen-heath.com\/ahproducts\/zedi-8\/<\/a><\/p>\n","protected":false},"excerpt":{"rendered":"<h4>Mesa de mezclas AllenHeath ZEDi-8 \/ interface USB compacto<\/h4>\n","protected":false},"featured_media":11432,"template":"","meta":[],"product_cat":[661,688,687],"product_tag":[],"class_list":{"0":"post-12953","1":"product","2":"type-product","3":"status-publish","4":"has-post-thumbnail","6":"product_brand-allen-heath","7":"product_cat-audio-profesional","8":"product_cat-live-directo","9":"product_cat-mesa-de-mezclas","10":"product_shipping_class-pequeno-y-barato-10","12":"first","13":"outofstock","14":"taxable","15":"shipping-taxable","16":"purchasable","17":"product-type-simple","18":"col-xs-6 col-sm-4","19":"col-md-3 col-lg-3","20":"un-4-cols"},"_links":{"self":[{"href":"https:\/\/www.audioibiza.com\/index.php\/wp-json\/wp\/v2\/product\/12953","targetHints":{"allow":["GET"]}}],"collection":[{"href":"https:\/\/www.audioibiza.com\/index.php\/wp-json\/wp\/v2\/product"}],"about":[{"href":"https:\/\/www.audioibiza.com\/index.php\/wp-json\/wp\/v2\/types\/product"}],"wp:featuredmedia":[{"embeddable":true,"href":"https:\/\/www.audioibiza.com\/index.php\/wp-json\/wp\/v2\/media\/11432"}],"wp:attachment":[{"href":"https:\/\/www.audioibiza.com\/index.php\/wp-json\/wp\/v2\/media?parent=12953"}],"wp:term":[{"taxonomy":"product_cat","embeddable":true,"href":"https:\/\/www.audioibiza.com\/index.php\/wp-json\/wp\/v2\/product_cat?post=12953"},{"taxonomy":"product_tag","embeddable":true,"href":"https:\/\/www.audioibiza.com\/index.php\/wp-json\/wp\/v2\/product_tag?post=12953"}],"curies":[{"name":"wp","href":"https:\/\/api.w.org\/{rel}","templated":true}]}}