{"id":12951,"date":"2019-08-01T21:44:16","date_gmt":"2019-08-01T19:44:16","guid":{"rendered":"https:\/\/www.audioibiza.com\/index.php\/producto\/live-directo-zed-6-allen-heath\/"},"modified":"2025-11-28T01:01:29","modified_gmt":"2025-11-28T00:01:29","slug":"mesa-de-mezclas-allenheath-zed6","status":"publish","type":"product","link":"https:\/\/www.audioibiza.com\/index.php\/mesa-de-mezclas-allenheath-zed6\/","title":{"rendered":"Mesa de mezclas ALLENHEATH ZED6"},"content":{"rendered":"<p><iframe title=\"Allen & Heath ZED Mixers - Jam, Perform, Record & Share. Feat. Hart Sawyer.\" width=\"840\" height=\"473\" src=\"https:\/\/www.youtube.com\/embed\/oVEX3S4InbM?feature=oembed\" frameborder=\"0\" allow=\"accelerometer; autoplay; clipboard-write; encrypted-media; gyroscope; picture-in-picture; web-share\" referrerpolicy=\"strict-origin-when-cross-origin\" allowfullscreen><\/iframe><\/p>\n<h1>MESA DE MEZCLAS ALLENHEATH ZED6<\/h1>\n<p>La mesa de mezclas <a href=\"https:\/\/www.audioibiza.com\/index.php\/mesa-de-mezclas-allenheath-zed6\/\">ALLENHEATH ZED6<\/a> ha sido creado pensando en los m\u00fasicos, cantantes, compositores y peque\u00f1os locales que buscan disfrutar de la renovada calidad de audio y construcci\u00f3n de Allen & Heath en un formato compacto y port\u00e1til.<\/p>\n<p>El mezclador ZED presenta un ruido excepcionalmente bajo y un elevad\u00edsimo techo din\u00e1mico, con un sonido anal\u00f3gico c\u00e1lido y profundo.<\/p>\n<p>Los guitarristas encontrar\u00e1n especialmente interesantes las dos entradas DI de alta impedancia para guitarra que incorpora ZED-6, que permite que las guitarras puedan ser conectadas directamente al mezclador sin necesidad de contar con las caras cajas DI externas.<\/p>\n<p>Todos los canales se encuentran alojados en placas de circuito impreso individuales, montadas de forma vertical, y todos los controles rotativos est\u00e1n fijados al panel frontal por medio de una tuerca de acero, con el fin de protegerlos frente a los posibles da\u00f1os producidos por impactos.<\/p>\n<p>\u00a0<\/p>\n<p>Para m\u00e1s informaci\u00f3n del producto:<\/p>\n<p><a href=\"https:\/\/www.allen-heath.com\/ahproducts\/zed-6\/\" target=\"_blank\" rel=\"noopener\">https:\/\/www.allen-heath.com\/ahproducts\/zed-6\/<\/a><\/p>\n","protected":false},"excerpt":{"rendered":"<h4>Mesa de mezclas AllenHeath ZED6 anal\u00f3gico compacto de 6 entradas<\/h4>\n","protected":false},"featured_media":11424,"template":"","meta":[],"product_cat":[661,688,687],"product_tag":[],"class_list":{"0":"post-12951","1":"product","2":"type-product","3":"status-publish","4":"has-post-thumbnail","6":"product_brand-allen-heath","7":"product_cat-audio-profesional","8":"product_cat-live-directo","9":"product_cat-mesa-de-mezclas","10":"product_shipping_class-pequeno-y-barato-10","12":"first","13":"outofstock","14":"taxable","15":"shipping-taxable","16":"purchasable","17":"product-type-simple","18":"col-xs-6 col-sm-4","19":"col-md-3 col-lg-3","20":"un-4-cols"},"_links":{"self":[{"href":"https:\/\/www.audioibiza.com\/index.php\/wp-json\/wp\/v2\/product\/12951","targetHints":{"allow":["GET"]}}],"collection":[{"href":"https:\/\/www.audioibiza.com\/index.php\/wp-json\/wp\/v2\/product"}],"about":[{"href":"https:\/\/www.audioibiza.com\/index.php\/wp-json\/wp\/v2\/types\/product"}],"wp:featuredmedia":[{"embeddable":true,"href":"https:\/\/www.audioibiza.com\/index.php\/wp-json\/wp\/v2\/media\/11424"}],"wp:attachment":[{"href":"https:\/\/www.audioibiza.com\/index.php\/wp-json\/wp\/v2\/media?parent=12951"}],"wp:term":[{"taxonomy":"product_cat","embeddable":true,"href":"https:\/\/www.audioibiza.com\/index.php\/wp-json\/wp\/v2\/product_cat?post=12951"},{"taxonomy":"product_tag","embeddable":true,"href":"https:\/\/www.audioibiza.com\/index.php\/wp-json\/wp\/v2\/product_tag?post=12951"}],"curies":[{"name":"wp","href":"https:\/\/api.w.org\/{rel}","templated":true}]}}