{"id":12949,"date":"2019-08-01T21:44:16","date_gmt":"2019-08-01T19:44:16","guid":{"rendered":"https:\/\/www.audioibiza.com\/index.php\/producto\/live-directo-wz41442-allen-heath\/"},"modified":"2025-11-28T01:01:27","modified_gmt":"2025-11-28T00:01:27","slug":"mesa-de-mezclas-allenheath-wz4-14-4-2","status":"publish","type":"product","link":"https:\/\/www.audioibiza.com\/index.php\/mesa-de-mezclas-allenheath-wz4-14-4-2\/","title":{"rendered":"Mesa de mezclas ALLENHEATH WZ4 14 4 2"},"content":{"rendered":"<p><iframe title=\"Allen & Heath MixWizard4 Series\" width=\"840\" height=\"473\" src=\"https:\/\/www.youtube.com\/embed\/XopzdQI7Wh0?feature=oembed\" frameborder=\"0\" allow=\"accelerometer; autoplay; clipboard-write; encrypted-media; gyroscope; picture-in-picture; web-share\" referrerpolicy=\"strict-origin-when-cross-origin\" allowfullscreen><\/iframe><\/p>\n<h1>MESA DE MEZCLAS ALLENHEATH WZ4 14 4 2<\/h1>\n<p>Dise\u00f1ado como un vers\u00e1til mezclador para directo de caracter\u00edsticas \u00fanicas, <a href=\"https:\/\/www.audioibiza.com\/index.php\/mesa-de-mezclas-allenheath-wz4-14-4-2\/\">WZ4 14 4 2<\/a> puede utilizarse tanto en FOH como en monitores, o realizando ambas tareas al mismo tiempo.<\/p>\n<p>WZ4 14 4 2 dispone de la aclamada ecualizaci\u00f3n de 4 bandas con barrido en los dos medios, faders de 100 mm de alta calidad, 6 env\u00edos auxiliares, medidores formados por 12 segmentos LED y el exclusivo sistema de conectores QCC, que facilita el montaje tanto en rack como en modo sobremesa.<\/p>\n<p>Esta 4\u00aa generaci\u00f3n de consolas MixWizard ofrecen ahora la opci\u00f3n de permitir la instalaci\u00f3n de un interface USB multicanal con tarjetas de sonido de alta calidad de 16 canales, que facilitan la grabaci\u00f3n multipista y la reproducci\u00f3n sobre dos pistas.<\/p>\n<p>Estos mezcladores anal\u00f3gicos de uso general ofrecen un formato compacto y que permite tambi\u00e9n su montaje en rack.<\/p>\n<p>El mezclador puede trabajar en tres modos: FoH \/ Monitor \/ Modo Dual. En modo FoH, los cuatro grupos con inserciones, los faders de 100 mm y las salidas a trav\u00e9s de XLR pueden ser direccionadas y panoramizadas a la mezcla LR para obtener una flexible sub mezcla.<\/p>\n<p>La mezcla LR principal dispone de inserci\u00f3n, faders izquierda y derecha independientes, y salidas XLR para enviar la se\u00f1al al sistema de sonido principal. La EQ y el procesado de se\u00f1al pueden ser insertados f\u00e1cilmente en las salidas de grupo y en las salidas principales.<\/p>\n<p>En Modo Monitor, las mezclas auxiliares son direccionadas a los faders de de grupo y LR, inserciones y salidas XLR. El sistema AFL y PFL es conmutado a la salida mono para proporcionar una salida para la cu\u00f1a del ingeniero.<\/p>\n<p>En esencia, es la perfecta consola de monitores de 6 mezclas, con disponibilidad de salidas adicionales desde los buses de grupo, a trav\u00e9s de los controles de master auxiliar.<\/p>\n<p>En modo Dual, algunos auxiliares pueden ser utilizados como mezclas de monitor, y algunos sub grupos pueden ser utilizados junto a las salidas principales LR, permitiendo que el ingeniero pueda manejar el sonido FoH y algunas mezclas para monitores desde la misma consola.<\/p>\n<p>Para m\u00e1s informaci\u00f3n del producto:<\/p>\n<p><a href=\"https:\/\/www.allen-heath.com\/ahproducts\/wz4-14-4-2\/\" target=\"_blank\" rel=\"noopener\">https:\/\/www.allen-heath.com\/ahproducts\/wz4-14-4-2\/<\/a><\/p>\n","protected":false},"excerpt":{"rendered":"<h4>MESA DE MEZCLAS ALLENHEATH WZ4 14 4 2 rack \/ sobremesa para uso general<\/h4>\n","protected":false},"featured_media":11418,"template":"","meta":[],"product_cat":[661,688,687],"product_tag":[],"class_list":{"0":"post-12949","1":"product","2":"type-product","3":"status-publish","4":"has-post-thumbnail","6":"product_brand-allen-heath","7":"product_cat-audio-profesional","8":"product_cat-live-directo","9":"product_cat-mesa-de-mezclas","11":"first","12":"outofstock","13":"taxable","14":"shipping-taxable","15":"purchasable","16":"product-type-simple","17":"col-xs-6 col-sm-4","18":"col-md-3 col-lg-3","19":"un-4-cols"},"_links":{"self":[{"href":"https:\/\/www.audioibiza.com\/index.php\/wp-json\/wp\/v2\/product\/12949","targetHints":{"allow":["GET"]}}],"collection":[{"href":"https:\/\/www.audioibiza.com\/index.php\/wp-json\/wp\/v2\/product"}],"about":[{"href":"https:\/\/www.audioibiza.com\/index.php\/wp-json\/wp\/v2\/types\/product"}],"wp:featuredmedia":[{"embeddable":true,"href":"https:\/\/www.audioibiza.com\/index.php\/wp-json\/wp\/v2\/media\/11418"}],"wp:attachment":[{"href":"https:\/\/www.audioibiza.com\/index.php\/wp-json\/wp\/v2\/media?parent=12949"}],"wp:term":[{"taxonomy":"product_cat","embeddable":true,"href":"https:\/\/www.audioibiza.com\/index.php\/wp-json\/wp\/v2\/product_cat?post=12949"},{"taxonomy":"product_tag","embeddable":true,"href":"https:\/\/www.audioibiza.com\/index.php\/wp-json\/wp\/v2\/product_tag?post=12949"}],"curies":[{"name":"wp","href":"https:\/\/api.w.org\/{rel}","templated":true}]}}