{"id":12947,"date":"2019-08-01T21:44:16","date_gmt":"2019-08-01T19:44:16","guid":{"rendered":"https:\/\/www.audioibiza.com\/index.php\/producto\/live-directo-wz4122-allen-heath\/"},"modified":"2025-11-28T01:01:25","modified_gmt":"2025-11-28T00:01:25","slug":"mesa-de-mezclas-allenheath-wz4-12-2","status":"publish","type":"product","link":"https:\/\/www.audioibiza.com\/index.php\/mesa-de-mezclas-allenheath-wz4-12-2\/","title":{"rendered":"Mesa de mezclas ALLENHEATH WZ4 12 2"},"content":{"rendered":"<p><iframe title=\"Allen & Heath MixWizard4 Series\" width=\"840\" height=\"473\" src=\"https:\/\/www.youtube.com\/embed\/XopzdQI7Wh0?feature=oembed\" frameborder=\"0\" allow=\"accelerometer; autoplay; clipboard-write; encrypted-media; gyroscope; picture-in-picture; web-share\" referrerpolicy=\"strict-origin-when-cross-origin\" allowfullscreen><\/iframe><\/p>\n<h1>MESA DE MEZCLAS ALLENHEATH WZ4 12 2<\/h1>\n<p><a href=\"https:\/\/www.audioibiza.com\/index.php\/mesa-de-mezclas-allenheath-wz4-12-2\/\">Mesa de mezclas AllenHeath WZ4 12 2<\/a><\/p>\n<p>Para m\u00e1s informaci\u00f3n del producto:<\/p>\n<p><a href=\"https:\/\/www.allen-heath.com\/ahproducts\/mixwizard-wz4-12-2\/\" target=\"_blank\" rel=\"noopener\">https:\/\/www.allen-heath.com\/ahproducts\/mixwizard-wz4-12-2\/<\/a><\/p>\n","protected":false},"excerpt":{"rendered":"<h4>MESA DE MEZCLAS ALLENHEATH WZ4 12 2 rack \/ sobremesa para uso general<\/h4>\n<p>WZ4 12:2 es la herramienta ideal para aquellas situaciones en las que no se precisa un n\u00famero muy elevado de canales, pero s\u00ed es necesario disponer de un sonido de la m\u00e1xima calidad. Los dos canales dual est\u00e9reo son perfectos para la reproducci\u00f3n en est\u00e9reo o para manejar teclados y otros instrumentos est\u00e9reo.<\/p>\n<p>WZ4 12:2 dispone de la aclamada ecualizaci\u00f3n de 4 bandas con barrido en los dos medios, faders de 100 mm de alta calidad, 6 env\u00edos auxiliares, medidores formados por 12 segmentos LED y el exclusivo sistema de conectores QCC, que facilita el montaje tanto en rack como en modo sobremesa.<\/p>\n<p>Las nuevas prestaciones que ofrece esta cuarta generaci\u00f3n de MixWizard incluyen dos motores FX de nuevo dise\u00f1o con 20 presets FX con calidad de estudio, conmutador EQ In\/Out y la opci\u00f3n de instalar un interface USB multicanal con una tarjeta de sonido de alta calidad de 16 canales que facilita la grabaci\u00f3n multipista y la reproducci\u00f3n a 2 pistas.<\/p>\n","protected":false},"featured_media":11410,"template":"","meta":[],"product_cat":[661,688,687],"product_tag":[],"class_list":{"0":"post-12947","1":"product","2":"type-product","3":"status-publish","4":"has-post-thumbnail","6":"product_brand-allen-heath","7":"product_cat-audio-profesional","8":"product_cat-live-directo","9":"product_cat-mesa-de-mezclas","11":"first","12":"outofstock","13":"taxable","14":"shipping-taxable","15":"purchasable","16":"product-type-simple","17":"col-xs-6 col-sm-4","18":"col-md-3 col-lg-3","19":"un-4-cols"},"_links":{"self":[{"href":"https:\/\/www.audioibiza.com\/index.php\/wp-json\/wp\/v2\/product\/12947","targetHints":{"allow":["GET"]}}],"collection":[{"href":"https:\/\/www.audioibiza.com\/index.php\/wp-json\/wp\/v2\/product"}],"about":[{"href":"https:\/\/www.audioibiza.com\/index.php\/wp-json\/wp\/v2\/types\/product"}],"wp:featuredmedia":[{"embeddable":true,"href":"https:\/\/www.audioibiza.com\/index.php\/wp-json\/wp\/v2\/media\/11410"}],"wp:attachment":[{"href":"https:\/\/www.audioibiza.com\/index.php\/wp-json\/wp\/v2\/media?parent=12947"}],"wp:term":[{"taxonomy":"product_cat","embeddable":true,"href":"https:\/\/www.audioibiza.com\/index.php\/wp-json\/wp\/v2\/product_cat?post=12947"},{"taxonomy":"product_tag","embeddable":true,"href":"https:\/\/www.audioibiza.com\/index.php\/wp-json\/wp\/v2\/product_tag?post=12947"}],"curies":[{"name":"wp","href":"https:\/\/api.w.org\/{rel}","templated":true}]}}