{"id":12941,"date":"2019-08-01T21:44:16","date_gmt":"2019-08-01T19:44:16","guid":{"rendered":"https:\/\/www.audioibiza.com\/index.php\/producto\/live-directo-zed-420-allen-heath\/"},"modified":"2025-11-28T01:01:18","modified_gmt":"2025-11-28T00:01:18","slug":"mesa-de-mezclas-allenheath-zed-420","status":"publish","type":"product","link":"https:\/\/www.audioibiza.com\/index.php\/mesa-de-mezclas-allenheath-zed-420\/","title":{"rendered":"Mesa de mezclas ALLENHEATH ZED-420"},"content":{"rendered":"<h1>MESA DE MEZCLAS ALLENHEATH ZED-420<\/h1>\n<p>Incorporan el nuevo preamplificador de micro \/ l\u00ednea DuoPre, que ofrece un elevado techo din\u00e1mico y bajo ruido. Este preamplificador utiliza un dise\u00f1o distribuido en dos bloques, con ganancias cuidadosamente controladas en cada uno de ellos.<\/p>\n<p>Cuando se amplifica una se\u00f1al procedente de la entrada XLR, la gama de ganancia es muy elevada (69 dB), y se distribuye equitativamente alrededor del control de ganancia, lo que permite un mejor control del nivel de la se\u00f1al.<\/p>\n<p>Las se\u00f1ales de l\u00ednea son introducidas directamente en el segundo bloque del preamplificador, a trav\u00e9s del jack de entrada de l\u00ednea, de forma que el ruido es mucho menor cuando se utiliza la entrada de l\u00ednea.<\/p>\n<p>El interface de audio USB ofrece una flexibilidad sin precedentes, permitiendo enviar a USB diferentes se\u00f1ales, ya sea la se\u00f1al LR o la de los buses auxiliares seleccionados. La se\u00f1al USB de retorno puede ser direccionada directamente a la mezcla LR o a un canal est\u00e9reo.<\/p>\n<p>Los conectores se han situado en la parte superior de la consola para facilitar su conexi\u00f3n.<\/p>\n<p><a href=\"https:\/\/www.audioibiza.com\/index.php\/mesa-de-mezclas-allenheath-zed-420\/\">Para m\u00e1s informaci\u00f3n del producto:<\/a><\/p>\n<p><a href=\"https:\/\/www.allen-heath.com\/ahproducts\/zed-420\/\" target=\"_blank\" rel=\"noopener\">https:\/\/www.allen-heath.com\/ahproducts\/zed-420\/<\/a><\/p>\n","protected":false},"excerpt":{"rendered":"<h4>Mezclador AllenHeath ZED-420 de 20 canales y 4 buses con USB<\/h4>\n","protected":false},"featured_media":11391,"template":"","meta":[],"product_cat":[661,688,687],"product_tag":[],"class_list":{"0":"post-12941","1":"product","2":"type-product","3":"status-publish","4":"has-post-thumbnail","6":"product_brand-allen-heath","7":"product_cat-audio-profesional","8":"product_cat-live-directo","9":"product_cat-mesa-de-mezclas","11":"first","12":"outofstock","13":"taxable","14":"shipping-taxable","15":"purchasable","16":"product-type-simple","17":"col-xs-6 col-sm-4","18":"col-md-3 col-lg-3","19":"un-4-cols"},"_links":{"self":[{"href":"https:\/\/www.audioibiza.com\/index.php\/wp-json\/wp\/v2\/product\/12941","targetHints":{"allow":["GET"]}}],"collection":[{"href":"https:\/\/www.audioibiza.com\/index.php\/wp-json\/wp\/v2\/product"}],"about":[{"href":"https:\/\/www.audioibiza.com\/index.php\/wp-json\/wp\/v2\/types\/product"}],"wp:featuredmedia":[{"embeddable":true,"href":"https:\/\/www.audioibiza.com\/index.php\/wp-json\/wp\/v2\/media\/11391"}],"wp:attachment":[{"href":"https:\/\/www.audioibiza.com\/index.php\/wp-json\/wp\/v2\/media?parent=12941"}],"wp:term":[{"taxonomy":"product_cat","embeddable":true,"href":"https:\/\/www.audioibiza.com\/index.php\/wp-json\/wp\/v2\/product_cat?post=12941"},{"taxonomy":"product_tag","embeddable":true,"href":"https:\/\/www.audioibiza.com\/index.php\/wp-json\/wp\/v2\/product_tag?post=12941"}],"curies":[{"name":"wp","href":"https:\/\/api.w.org\/{rel}","templated":true}]}}