{"id":12940,"date":"2019-08-01T21:44:16","date_gmt":"2019-08-01T19:44:16","guid":{"rendered":"https:\/\/www.audioibiza.com\/index.php\/producto\/live-directo-zed-22-fx-allen-heath\/"},"modified":"2025-11-28T01:01:17","modified_gmt":"2025-11-28T00:01:17","slug":"mesa-de-mezclas-allenheath-zed22fx","status":"publish","type":"product","link":"https:\/\/www.audioibiza.com\/index.php\/mesa-de-mezclas-allenheath-zed22fx\/","title":{"rendered":"Mesa de mezclas ALLENHEATH ZED22FX"},"content":{"rendered":"<p><iframe title=\"Allen & Heath ZED Mixers - Jam, Perform, Record & Share.  Feat. Hart Sawyer - Full Song\" width=\"840\" height=\"473\" src=\"https:\/\/www.youtube.com\/embed\/dSF-6SAU6Mo?feature=oembed\" frameborder=\"0\" allow=\"accelerometer; autoplay; clipboard-write; encrypted-media; gyroscope; picture-in-picture; web-share\" referrerpolicy=\"strict-origin-when-cross-origin\" allowfullscreen><\/iframe><\/p>\n<h1>MESA DE MEZCLAS ALLENHEATH ZED22FX<\/h1>\n<p>La mesa de mezclas <a href=\"https:\/\/www.audioibiza.com\/index.php\/mesa-de-mezclas-allenheath-zed22fx\/\">AllenHeath ZED22FX<\/a> es un mezclador est\u00e9reo de peque\u00f1o formato, equipado con USB y una unidad de efectos, destinado a la sonorizaci\u00f3n en directo, grabaci\u00f3n y producci\u00f3n. Dispone de 16 canales mono y 3 canales est\u00e9reo. Su interface USB permite la grabaci\u00f3n y reproducci\u00f3n de audio sobre ordenadores PC o Mac.<\/p>\n<p>Los mezcladores de la serie ZED-FX disponen de un procesador interno que ofrece 16 efectos, entre los que se incluyen reverberaci\u00f3n, retardo, retardo ping-pong, flanger, chorus, etc. Disponen de par\u00e1metros ajustables, y su salida puede ser monitorizada por medio de FX PFL. Incorporan tambi\u00e9n el nuevo preamplificador DuoPre, que utiliza un dise\u00f1o de dos etapas, cada una de ellas con una ganancia cuidadosamente controlada.<\/p>\n<p>La mayor parte de la ganancia se obtiene en la primera etapa; las se\u00f1ales con nivel de l\u00ednea se conectan directamente a la segunda etapa, lo que mantiene los niveles de ruido extremadamente bajos. Dispone de un ecualizador de 3 bandas, con barrido de medios, cuyo dise\u00f1o est\u00e1 basado en el que incorpora el popular mezclador GL2400. Este dise\u00f1o utiliza MusiQ, optimizada para la ecualizaci\u00f3n de instrumentos musicales.<\/p>\n<p>El interface de audio USB permite enviar diferentes se\u00f1ales a trav\u00e9s de USB, desde LR o desde los buses de auxiliar. La se\u00f1al de retorno USB puede ser enviada directamente a la mezcla LR o a un canal est\u00e9reo. Est\u00e1 equipado con 4 env\u00edos auxiliares; dos de tipo pre fader y otros dos de tipo post fader; los dos primeros pueden ser enviados al bus USB, lo que permite la grabaci\u00f3n de se\u00f1al pre-fader, independientemente de la mezcla principal.<\/p>\n<p>Estos \u00faltimos tambi\u00e9n pueden ser enviados al bus USB para ser utilizados como env\u00edo de efectos. Estos mezcladores han sido construidos utilizando circuitos independientes montados en vertical, con cada uno de los potenci\u00f3metros fijados al panel frontal por medio de una tuerca met\u00e1lica, lo que proporciona una mayor robustez al producto. Est\u00e1 equipado con faders profesionales de 100 mm. Incluye el software de grabaci\u00f3n Sonar LE.<\/p>\n<p>\u00a0<\/p>\n<p>Para m\u00e1s informaci\u00f3n del producto:<\/p>\n<p><a href=\"https:\/\/www.allen-heath.com\/ahproducts\/zed-22fx\/\" target=\"_blank\" rel=\"noopener\">https:\/\/www.allen-heath.com\/ahproducts\/zed-22fx\/<\/a><\/p>\n","protected":false},"excerpt":{"rendered":"<h4>Mesa de mezclas AllenHeath ZED22FX con USB y efectos<\/h4>\n","protected":false},"featured_media":11388,"template":"","meta":[],"product_cat":[661,688,687],"product_tag":[],"class_list":{"0":"post-12940","1":"product","2":"type-product","3":"status-publish","4":"has-post-thumbnail","6":"product_brand-allen-heath","7":"product_cat-audio-profesional","8":"product_cat-live-directo","9":"product_cat-mesa-de-mezclas","11":"first","12":"outofstock","13":"taxable","14":"shipping-taxable","15":"purchasable","16":"product-type-simple","17":"col-xs-6 col-sm-4","18":"col-md-3 col-lg-3","19":"un-4-cols"},"_links":{"self":[{"href":"https:\/\/www.audioibiza.com\/index.php\/wp-json\/wp\/v2\/product\/12940","targetHints":{"allow":["GET"]}}],"collection":[{"href":"https:\/\/www.audioibiza.com\/index.php\/wp-json\/wp\/v2\/product"}],"about":[{"href":"https:\/\/www.audioibiza.com\/index.php\/wp-json\/wp\/v2\/types\/product"}],"wp:featuredmedia":[{"embeddable":true,"href":"https:\/\/www.audioibiza.com\/index.php\/wp-json\/wp\/v2\/media\/11388"}],"wp:attachment":[{"href":"https:\/\/www.audioibiza.com\/index.php\/wp-json\/wp\/v2\/media?parent=12940"}],"wp:term":[{"taxonomy":"product_cat","embeddable":true,"href":"https:\/\/www.audioibiza.com\/index.php\/wp-json\/wp\/v2\/product_cat?post=12940"},{"taxonomy":"product_tag","embeddable":true,"href":"https:\/\/www.audioibiza.com\/index.php\/wp-json\/wp\/v2\/product_tag?post=12940"}],"curies":[{"name":"wp","href":"https:\/\/api.w.org\/{rel}","templated":true}]}}