{"id":12936,"date":"2019-08-01T21:44:16","date_gmt":"2019-08-01T19:44:16","guid":{"rendered":"https:\/\/www.audioibiza.com\/index.php\/producto\/live-directo-zed-14-allen-heath\/"},"modified":"2025-11-28T01:01:09","modified_gmt":"2025-11-28T00:01:09","slug":"mesa-de-mezclas-allenheath-zed14","status":"publish","type":"product","link":"https:\/\/www.audioibiza.com\/index.php\/mesa-de-mezclas-allenheath-zed14\/","title":{"rendered":"Mesa de mezclas ALLENHEATH ZED14"},"content":{"rendered":"<p><iframe title=\"Allen & Heath ZED Mixers - Jam, Perform, Record & Share. Feat. Hart Sawyer.\" width=\"840\" height=\"473\" src=\"https:\/\/www.youtube.com\/embed\/oVEX3S4InbM?feature=oembed\" frameborder=\"0\" allow=\"accelerometer; autoplay; clipboard-write; encrypted-media; gyroscope; picture-in-picture; web-share\" referrerpolicy=\"strict-origin-when-cross-origin\" allowfullscreen><\/iframe><\/p>\n<h1><a href=\"https:\/\/www.audioibiza.com\/index.php\/mesa-de-mezclas-allenheath-zed14\/\">MESA DE MEZCLAS ALLENHEATH ZED14<\/a><\/h1>\n<p>Para m\u00e1s informaci\u00f3n del producto:<\/p>\n<p><a href=\"https:\/\/www.allen-heath.com\/ahproducts\/zed-14\/\" target=\"_blank\" rel=\"noopener\">https:\/\/www.allen-heath.com\/ahproducts\/zed-14\/<\/a><\/p>\n","protected":false},"excerpt":{"rendered":"<h4>Mesa de mezclas AllenHeath ZED14 con USB<\/h4>\n<p>ZED14 es un mezclador est\u00e9reo de peque\u00f1o formato, equipado con USB, destinado a la sonorizaci\u00f3n en directo, grabaci\u00f3n y producci\u00f3n. Sus prestaciones son incre\u00edblemente avanzadas para su nivel; dispone de 13 fuentes independientes en mezcla, 10 salidas independientes, 4 env\u00edos auxiliares, env\u00edo y retorno USB para grabaci\u00f3n, reproducci\u00f3n y efectos sobre ordenadores PC o Mac, una exclusiva entrada est\u00e9reo dual.<\/p>\n<p>Incorpora el nuevo preamplificador microf\u00f3nico DuoPre, que ofrece un sonido totalmente transparente y bajo ruido. Incluye el software SONAR LE de Cakewalk, con lo que el usuario dispone de un sistema de grabaci\u00f3n digital listo para empezar a trabajar de forma inmediata.<\/p>\n","protected":false},"featured_media":11374,"template":"","meta":[],"product_cat":[661,688,687],"product_tag":[],"class_list":{"0":"post-12936","1":"product","2":"type-product","3":"status-publish","4":"has-post-thumbnail","6":"product_brand-allen-heath","7":"product_cat-audio-profesional","8":"product_cat-live-directo","9":"product_cat-mesa-de-mezclas","11":"first","12":"outofstock","13":"taxable","14":"shipping-taxable","15":"purchasable","16":"product-type-simple","17":"col-xs-6 col-sm-4","18":"col-md-3 col-lg-3","19":"un-4-cols"},"_links":{"self":[{"href":"https:\/\/www.audioibiza.com\/index.php\/wp-json\/wp\/v2\/product\/12936","targetHints":{"allow":["GET"]}}],"collection":[{"href":"https:\/\/www.audioibiza.com\/index.php\/wp-json\/wp\/v2\/product"}],"about":[{"href":"https:\/\/www.audioibiza.com\/index.php\/wp-json\/wp\/v2\/types\/product"}],"wp:featuredmedia":[{"embeddable":true,"href":"https:\/\/www.audioibiza.com\/index.php\/wp-json\/wp\/v2\/media\/11374"}],"wp:attachment":[{"href":"https:\/\/www.audioibiza.com\/index.php\/wp-json\/wp\/v2\/media?parent=12936"}],"wp:term":[{"taxonomy":"product_cat","embeddable":true,"href":"https:\/\/www.audioibiza.com\/index.php\/wp-json\/wp\/v2\/product_cat?post=12936"},{"taxonomy":"product_tag","embeddable":true,"href":"https:\/\/www.audioibiza.com\/index.php\/wp-json\/wp\/v2\/product_tag?post=12936"}],"curies":[{"name":"wp","href":"https:\/\/api.w.org\/{rel}","templated":true}]}}