{"id":12934,"date":"2019-08-01T21:44:16","date_gmt":"2019-08-01T19:44:16","guid":{"rendered":"https:\/\/www.audioibiza.com\/index.php\/producto\/live-directo-zed-10-allen-heath\/"},"modified":"2025-11-28T01:01:07","modified_gmt":"2025-11-28T00:01:07","slug":"mesa-de-mezclas-allenheath-zed10","status":"publish","type":"product","link":"https:\/\/www.audioibiza.com\/index.php\/mesa-de-mezclas-allenheath-zed10\/","title":{"rendered":"Mesa de mezclas ALLENHEATH ZED10"},"content":{"rendered":"<p><iframe title=\"Allen & Heath ZED Mixers - Jam, Perform, Record & Share. Feat. Hart Sawyer.\" width=\"840\" height=\"473\" src=\"https:\/\/www.youtube.com\/embed\/oVEX3S4InbM?feature=oembed\" frameborder=\"0\" allow=\"accelerometer; autoplay; clipboard-write; encrypted-media; gyroscope; picture-in-picture; web-share\" referrerpolicy=\"strict-origin-when-cross-origin\" allowfullscreen><\/iframe><\/p>\n<h1><a href=\"https:\/\/www.audioibiza.com\/index.php\/mesa-de-mezclas-allenheath-zed10\/\">MESA DE MEZCLAS ALLENHEATH ZED10<\/a><\/h1>\n<p>Para m\u00e1s informaci\u00f3n del producto:<\/p>\n<p><a href=\"https:\/\/www.allen-heath.com\/ahproducts\/zed-10\/\" target=\"_blank\" rel=\"noopener\">https:\/\/www.allen-heath.com\/ahproducts\/zed-10\/<\/a><\/p>\n","protected":false},"excerpt":{"rendered":"<h4>Mesa de mezclas AllenHeath ZED10 con USB<\/h4>\n<p>ZED10 es un mezclador est\u00e9reo de peque\u00f1o formato, equipado con USB, destinado a la sonorizaci\u00f3n en directo, grabaci\u00f3n y producci\u00f3n. Dispone de 4 entradas mono para micro \/ l\u00ednea y dos entradas est\u00e9reo compatibles con reproductores MP3. Incorpora tambi\u00e9n el nuevo preamplificador DuoPre, que utiliza un dise\u00f1o de dos etapas, cada una de ellas con una ganancia cuidadosamente controlada.<\/p>\n<p>La mayor parte de la ganancia se obtiene en la primera etapa; las se\u00f1ales con nivel de l\u00ednea se conectan directamente a la segunda etapa, lo que mantiene los niveles de ruido extremadamente bajos. El interface de audio USB permite enviar diferentes se\u00f1ales a trav\u00e9s de USB, desde LR o desde los buses de auxiliar. La se\u00f1al de retorno USB puede ser enviada directamente a la mezcla LR o a un canal est\u00e9reo.<\/p>\n<p>Ha sido construido utilizando circuitos independientes montados en vertical, con cada uno de los potenci\u00f3metros fijados al panel frontal por medio de una tuerca met\u00e1lica, lo que proporciona una mayor robustez al producto. Est\u00e1 equipado con faders profesionales de 100 mm. Incluye el acceso al software modular IK Multimedia&#8217;s AmpliTube X-GEAR.<\/p>\n","protected":false},"featured_media":11368,"template":"","meta":[],"product_cat":[661,688,687],"product_tag":[],"class_list":{"0":"post-12934","1":"product","2":"type-product","3":"status-publish","4":"has-post-thumbnail","6":"product_brand-allen-heath","7":"product_cat-audio-profesional","8":"product_cat-live-directo","9":"product_cat-mesa-de-mezclas","11":"first","12":"outofstock","13":"taxable","14":"shipping-taxable","15":"purchasable","16":"product-type-simple","17":"col-xs-6 col-sm-4","18":"col-md-3 col-lg-3","19":"un-4-cols"},"_links":{"self":[{"href":"https:\/\/www.audioibiza.com\/index.php\/wp-json\/wp\/v2\/product\/12934","targetHints":{"allow":["GET"]}}],"collection":[{"href":"https:\/\/www.audioibiza.com\/index.php\/wp-json\/wp\/v2\/product"}],"about":[{"href":"https:\/\/www.audioibiza.com\/index.php\/wp-json\/wp\/v2\/types\/product"}],"wp:featuredmedia":[{"embeddable":true,"href":"https:\/\/www.audioibiza.com\/index.php\/wp-json\/wp\/v2\/media\/11368"}],"wp:attachment":[{"href":"https:\/\/www.audioibiza.com\/index.php\/wp-json\/wp\/v2\/media?parent=12934"}],"wp:term":[{"taxonomy":"product_cat","embeddable":true,"href":"https:\/\/www.audioibiza.com\/index.php\/wp-json\/wp\/v2\/product_cat?post=12934"},{"taxonomy":"product_tag","embeddable":true,"href":"https:\/\/www.audioibiza.com\/index.php\/wp-json\/wp\/v2\/product_tag?post=12934"}],"curies":[{"name":"wp","href":"https:\/\/api.w.org\/{rel}","templated":true}]}}