{"id":12932,"date":"2019-08-01T21:44:16","date_gmt":"2019-08-01T19:44:16","guid":{"rendered":"https:\/\/www.audioibiza.com\/index.php\/producto\/mesas-de-mezclas-dj-xone43-allen-heath\/"},"modified":"2025-11-28T01:01:05","modified_gmt":"2025-11-28T00:01:05","slug":"mesa-de-mezclas-dj-allenheath-xone43","status":"publish","type":"product","link":"https:\/\/www.audioibiza.com\/index.php\/mesa-de-mezclas-dj-allenheath-xone43\/","title":{"rendered":"Mesa de mezclas DJ ALLENHEATH XONE43"},"content":{"rendered":"<p><iframe title=\"Xone:43 4+1 Channel DJ Mixer\" width=\"840\" height=\"473\" src=\"https:\/\/www.youtube.com\/embed\/qMWum--Dwts?feature=oembed\" frameborder=\"0\" allow=\"accelerometer; autoplay; clipboard-write; encrypted-media; gyroscope; picture-in-picture; web-share\" referrerpolicy=\"strict-origin-when-cross-origin\" allowfullscreen><\/iframe><\/p>\n<h1>MESA DE MEZCLAS DJ ALLENHEATH XONE43<\/h1>\n<p>La mesa de mezclas DJ <a href=\"https:\/\/www.audioibiza.com\/index.php\/mesa-de-mezclas-dj-allenheath-xone43\/\">AllenHeath Xone43<\/a> est\u00e1 dise\u00f1ado pensando en los DJs y en los puristas de la m\u00fasica electr\u00f3nica. El crossfader dispone de 3 curvas conmutables para diferentes estilos de mezcla o scratching, y puede ser sustituido muy f\u00e1cilmente o actualizado para disponer de un Innofader.<\/p>\n<p>Es un mezclador DJ de 4+1 canales que ofrece la mejor calidad de audio anal\u00f3gico, incluyendo el legendario filtro Xone con control de resonancia, EQ de 3 bandas, crossfader con tres ajustes de curva y X:FX para disponer de env\u00edo \/ retorno hacia una unidad de FX externa.<\/p>\n<p>Incorpora el filtro Xone original, que ya se ha convertido en legendario y que se sit\u00faa muy por delante de sus competidores. Para mayor creatividad, tambi\u00e9n es posible direccionar X:FX hacia el filtro Xone de modo que sea posible a\u00f1adir capas de FX y filtrado.<\/p>\n<p>El filtro incluye HPF, BPF, LPF, control de resonancia y barrido de frecuencia, adem\u00e1s de la opci\u00f3n de direccionar X:FX al filtro. X:FX es un modo muy intuitivo y simple de trabajar con FX, ya que proporciona un \u00fanico control por canal sobre el env\u00edo\/retorno para trabajar con unidades FX externas.<\/p>\n<p>Dispone de cuatro canales fono\/l\u00ednea completos, y dispone tambi\u00e9n de una flexible entrada micro\/auxiliar con conectores XLR y fono. Las salidas principales disponen de XLR balanceados y salidas independientes para cabina y grabaci\u00f3n.<\/p>\n<p>Para m\u00e1s informaci\u00f3n del producto:<\/p>\n<p><a href=\"https:\/\/www.allen-heath.com\/ahproducts\/xone43\/\" target=\"_blank\" rel=\"noopener\">https:\/\/www.allen-heath.com\/ahproducts\/xone43\/<\/a><\/p>\n","protected":false},"excerpt":{"rendered":"<h4>Mesa de mezclas DJ AllenHeath Xone43 para discoteca\/DJ de 4 canales<\/h4>\n","protected":false},"featured_media":11360,"template":"","meta":[],"product_cat":[665,729,728],"product_tag":[],"class_list":{"0":"post-12932","1":"product","2":"type-product","3":"status-publish","4":"has-post-thumbnail","6":"product_brand-allen-heath","7":"product_cat-dj","8":"product_cat-mesa-de-mezclas-dj","9":"product_cat-mesas-de-mezclas-dj","11":"first","12":"outofstock","13":"taxable","14":"shipping-taxable","15":"purchasable","16":"product-type-simple","17":"col-xs-6 col-sm-4","18":"col-md-3 col-lg-3","19":"un-4-cols"},"_links":{"self":[{"href":"https:\/\/www.audioibiza.com\/index.php\/wp-json\/wp\/v2\/product\/12932","targetHints":{"allow":["GET"]}}],"collection":[{"href":"https:\/\/www.audioibiza.com\/index.php\/wp-json\/wp\/v2\/product"}],"about":[{"href":"https:\/\/www.audioibiza.com\/index.php\/wp-json\/wp\/v2\/types\/product"}],"wp:featuredmedia":[{"embeddable":true,"href":"https:\/\/www.audioibiza.com\/index.php\/wp-json\/wp\/v2\/media\/11360"}],"wp:attachment":[{"href":"https:\/\/www.audioibiza.com\/index.php\/wp-json\/wp\/v2\/media?parent=12932"}],"wp:term":[{"taxonomy":"product_cat","embeddable":true,"href":"https:\/\/www.audioibiza.com\/index.php\/wp-json\/wp\/v2\/product_cat?post=12932"},{"taxonomy":"product_tag","embeddable":true,"href":"https:\/\/www.audioibiza.com\/index.php\/wp-json\/wp\/v2\/product_tag?post=12932"}],"curies":[{"name":"wp","href":"https:\/\/api.w.org\/{rel}","templated":true}]}}