{"id":6663,"date":"2019-05-27T14:08:18","date_gmt":"2019-05-27T12:08:18","guid":{"rendered":"https:\/\/www.audioibiza.com\/?page_id=6663"},"modified":"2025-11-10T10:20:16","modified_gmt":"2025-11-10T09:20:16","slug":"empresa","status":"publish","type":"page","link":"https:\/\/www.audioibiza.com\/index.php\/empresa\/","title":{"rendered":"Empresa"},"content":{"rendered":"<div class=\"wpb-content-wrapper\"><p>[vc_row][vc_column][vc_column_text]<\/p>\n<table width=\"100%\" cellspacing=\"15\" cellpadding=\"10\">\n<tbody>\n<tr>\n<td class=\"rotulodatos\" valign=\"top\">SALUDO<\/td>\n<td class=\"contenidodatos\" valign=\"top\">AUDIOIBIZA les da la bienvenida a su tienda virtual, donde le ofrecemos una selecta gama de productos dedicados al mundo del sonido y la imagen. La calidad y precio de nuestros productos los hacen aptos tanto para el mundo profesional como para el aficionado.<\/td>\n<\/tr>\n<tr>\n<td class=\"rotulodatos\" valign=\"top\">HISTORIA<\/td>\n<td class=\"contenidodatos\" valign=\"top\">En 1987 nace en Ibiza AUDIO como empresa especializada en instalaciones de sonido profesional.<br \/>\nA lo largo de estos 20 a\u00f1os son numerosos los montajes realizados para peque\u00f1os clubs, discotecas y profesionales, entre ellos, la instalaci\u00f3n de la discoteca SPACE durante mas de diez a\u00f1os a la que se concedi\u00f3 el premio por primera vez a la mejor discoteca del mundo en el a\u00f1o 2001.<br \/>\nEn el a\u00f1o 2006 nos trasladamos a unas nuevas instalaciones en el pol\u00edgono Montecristo de Ibiza donde disponemos de 800 mts.2 de exposici\u00f3n destinada tanto a profesionales como a particulares.<br \/>\nLa dilatada experiencia adquirida estos a\u00f1os nos permite ofrecer a nuestros clientes una amplia gama de productos de primeras marcas junto a un asesoramiento personalizado.<\/p>\n<table style=\"height: 14px;\" border=\"0\" width=\"14\" cellspacing=\"0\" cellpadding=\"0\" align=\"center\">\n<tbody>\n<tr>\n<td align=\"left\"><\/td>\n<td align=\"right\"><\/td>\n<\/tr>\n<tr>\n<td><\/td>\n<td align=\"right\"><\/td>\n<\/tr>\n<\/tbody>\n<\/table>\n<p>\u00a0<\/td>\n<\/tr>\n<tr>\n<td class=\"rotulodatos\" valign=\"top\">FILOSOFIA<\/td>\n<td class=\"contenidodatos\" valign=\"top\">La calidad, entendida como la satisfacci\u00f3n de las necesidades del cliente es prioritaria en la actividad de AUDIOIBIZA.<\/td>\n<\/tr>\n<tr>\n<td class=\"rotulodatos\" valign=\"top\">INFORMACI\u00d3N LEGAL<\/td>\n<td class=\"contenidodatos\" valign=\"top\">\n<p>Audio, CB.<\/p>\n<p>N.I.F. E-07448004<\/p>\n<p>Puede contactar con nosotros en a trav\u00e9s del formulario de contacto o en la siguiente direcci\u00f3n:<\/p>\n<p>Avda. Llauradors, S\/N. Pol\u00edgono Montecristo. CP 07820 Sant Antoni de Portmany. Ibiza. Baleares. Espa\u00f1a.<\/p>\n<p>Tel. 971317217.<\/p>\n<p>Email: <a href=\"mailto:info@audioibiza.com\">info@audioibiza.com<\/a><\/p>\n<p>Horario de atenci\u00f3n telef\u00f3nica:<\/p>\n<p>De Lunes a Viernes, de 9:00h-13:30h.<\/p>\n<p>S\u00e1bados, Domingos y festivos sin atenci\u00f3n telef\u00f3nica<\/p>\n<p>WhatsApp: +34 678337578<\/td>\n<\/tr>\n<\/tbody>\n<\/table>\n<p>[\/vc_column_text][\/vc_column][\/vc_row]<\/p>\n<\/div>","protected":false},"excerpt":{"rendered":"<p>[vc_row][vc_column][vc_column_text] SALUDO AUDIOIBIZA les da la bienvenida a su tienda virtual, donde le ofrecemos una selecta gama de productos dedicados al mundo del sonido y la imagen. La calidad y precio de nuestros productos los hacen aptos tanto para el mundo profesional como para el aficionado. HISTORIA En 1987 nace en Ibiza AUDIO como empresa&hellip;<\/p>\n","protected":false},"author":1,"featured_media":0,"parent":0,"menu_order":0,"comment_status":"closed","ping_status":"closed","template":"","meta":{"footnotes":""},"class_list":["post-6663","page","type-page","status-publish","hentry"],"_links":{"self":[{"href":"https:\/\/www.audioibiza.com\/index.php\/wp-json\/wp\/v2\/pages\/6663","targetHints":{"allow":["GET"]}}],"collection":[{"href":"https:\/\/www.audioibiza.com\/index.php\/wp-json\/wp\/v2\/pages"}],"about":[{"href":"https:\/\/www.audioibiza.com\/index.php\/wp-json\/wp\/v2\/types\/page"}],"author":[{"embeddable":true,"href":"https:\/\/www.audioibiza.com\/index.php\/wp-json\/wp\/v2\/users\/1"}],"replies":[{"embeddable":true,"href":"https:\/\/www.audioibiza.com\/index.php\/wp-json\/wp\/v2\/comments?post=6663"}],"version-history":[{"count":0,"href":"https:\/\/www.audioibiza.com\/index.php\/wp-json\/wp\/v2\/pages\/6663\/revisions"}],"wp:attachment":[{"href":"https:\/\/www.audioibiza.com\/index.php\/wp-json\/wp\/v2\/media?parent=6663"}],"curies":[{"name":"wp","href":"https:\/\/api.w.org\/{rel}","templated":true}]}}