{"id":5555,"date":"2017-11-28T08:27:58","date_gmt":"2017-11-28T07:27:58","guid":{"rendered":"http:\/\/demo2.drfuri.com\/martfury3\/?page_id=131"},"modified":"2025-11-10T10:17:19","modified_gmt":"2025-11-10T09:17:19","slug":"contactar-con-audioibiza","status":"publish","type":"page","link":"https:\/\/www.audioibiza.com\/index.php\/contactar-con-audioibiza\/","title":{"rendered":"Contactar con AudioIbiza"},"content":{"rendered":"<div class=\"wpb-content-wrapper\"><p>[vc_row full_width=\u00bbstretch_row_content_no_spaces\u00bb][vc_column][vc_gmaps link=\u00bb#E-8_JTNDaWZyYW1lJTIwc3JjJTNEJTIyaHR0cHMlM0ElMkYlMkZ3d3cuZ29vZ2xlLmNvbSUyRm1hcHMlMkZlbWJlZCUzRnBiJTNEJTIxMW0xNCUyMTFtOCUyMTFtMyUyMTFkMTI0MTIuOTQ4NDc5NTgwODg0JTIxMmQxLjQxMzM0MSUyMTNkMzguOTQxNDExJTIxM20yJTIxMWkxMDI0JTIxMmk3NjglMjE0ZjEzLjElMjEzbTMlMjExbTIlMjExczB4MCUyNTNBMHg1M2IzYmU2ZjBiNWU3M2NkJTIxMnNBdWRpbyUyQiUyNTI2JTJCU2VyeXRlbCUyQiUyOEF1ZGlvSWJpemEuY29tJTI5JTIxNWUwJTIxM20yJTIxMXNlcyUyMTJzZXMlMjE0djE1NTQ0MzczMjQ0NDYlMjE1bTIlMjExc2VzJTIxMnNlcyUyMiUyMHdpZHRoJTNEJTIyNjAwJTIyJTIwaGVpZ2h0JTNEJTIyNDUwJTIyJTIwZnJhbWVib3JkZXIlM0QlMjIwJTIyJTIwc3R5bGUlM0QlMjJib3JkZXIlM0EwJTIyJTIwYWxsb3dmdWxsc2NyZWVuJTNFJTNDJTJGaWZyYW1lJTNF\u00bb][\/vc_column][\/vc_row][vc_row][vc_column]<div class=\"martfury-empty-space \"><div class=\"mf_empty_space_lg\"  style=\"height: 75px\"><\/div><div class=\"mf_empty_space_md\"  style=\"height: 75px\"><\/div><div class=\"mf_empty_space_xs\"  style=\"height: 75px\"><\/div><\/div>[vc_custom_heading text=\u00bbPuede contactar con nosotros para cualquier cuesti\u00f3n\u00bb font_container=\u00bbtag:h2|font_size:25|text_align:center\u00bb use_theme_fonts=\u00bbyes\u00bb css=\u00bb.vc_custom_1574268081942{margin-top: 0px !important;margin-bottom: 0px !important;}\u00bb el_class=\u00bbmf-semi-bold\u00bb]<div class=\"martfury-empty-space \"><div class=\"mf_empty_space_lg\"  style=\"height: 25px\"><\/div><div class=\"mf_empty_space_md\"  style=\"height: 25px\"><\/div><div class=\"mf_empty_space_xs\"  style=\"height: 25px\"><\/div><\/div>[vc_row_inner][vc_column_inner width=\u00bb1\/4&#8243;]<div class=\"martfury-empty-space \"><div class=\"mf_empty_space_lg\"  style=\"height: 25px\"><\/div><div class=\"mf_empty_space_md\"  style=\"height: 25px\"><\/div><div class=\"mf_empty_space_xs\"  style=\"height: 25px\"><\/div><\/div>[vc_custom_heading text=\u00bbNuestros datos identificativos\u00bb font_container=\u00bbtag:h3|font_size:20|text_align:center\u00bb use_theme_fonts=\u00bbyes\u00bb css=\u00bb.vc_custom_1554437728235{margin-top: 0px !important;margin-bottom: 0px !important;}\u00bb el_class=\u00bbmf-semi-bold\u00bb]<div class=\"martfury-empty-space \"><div class=\"mf_empty_space_lg\"  style=\"height: 50px\"><\/div><div class=\"mf_empty_space_md\"  style=\"height: 50px\"><\/div><div class=\"mf_empty_space_xs\"  style=\"height: 50px\"><\/div><\/div>[\/vc_column_inner][vc_column_inner width=\u00bb3\/4&#8243;]<div class=\"martfury-empty-space \"><div class=\"mf_empty_space_lg\"  style=\"height: 25px\"><\/div><div class=\"mf_empty_space_md\"  style=\"height: 25px\"><\/div><div class=\"mf_empty_space_xs\"  style=\"height: 25px\"><\/div><\/div>[vc_column_text el_class=\u00bbtext-center\u00bb]<\/p>\n<p style=\"text-align: left;\">Audio, CB.<\/p>\n<p style=\"text-align: left;\">N.I.F. E-07448004<\/p>\n<p style=\"text-align: left;\">Puede contactar con AudioIbiza a trav\u00e9s del formulario de contacto o en la siguiente direcci\u00f3n:<\/p>\n<p style=\"text-align: left;\">Avda. Llauradors, S\/N. Pol\u00edgono Montecristo. CP 07820 Sant Antoni de Portmany. Ibiza. Baleares. Espa\u00f1a. Tel. +34 971 317217. Email: <a href=\"mailto:info@audioibiza.com\">info@audioibiza.com<\/a><\/p>\n<p style=\"text-align: left;\">Horario de atenci\u00f3n telef\u00f3nica:<\/p>\n<p style=\"text-align: left;\">De Lunes a Viernes, de 9:00-13:30 horas.<\/p>\n<p style=\"text-align: left;\">S\u00e1bados, Domingos y festivos sin atenci\u00f3n telef\u00f3nica<\/p>\n<p style=\"text-align: left;\">WhatsApp: +34 678337578<\/p>\n<p>[\/vc_column_text]<div class=\"martfury-empty-space \"><div class=\"mf_empty_space_lg\"  style=\"height: 50px\"><\/div><div class=\"mf_empty_space_md\"  style=\"height: 50px\"><\/div><div class=\"mf_empty_space_xs\"  style=\"height: 50px\"><\/div><\/div>[\/vc_column_inner][\/vc_row_inner]<div class=\"martfury-empty-space \"><div class=\"mf_empty_space_lg\"  style=\"height: 10px\"><\/div><div class=\"mf_empty_space_md\"  style=\"height: 10px\"><\/div><div class=\"mf_empty_space_xs\"  style=\"height: 10px\"><\/div><\/div>[\/vc_column][\/vc_row][vc_row css=\u00bb.vc_custom_1511345416569{background-color: #f6f6f6 !important;}\u00bb][vc_column]<div class=\"martfury-empty-space \"><div class=\"mf_empty_space_lg\"  style=\"height: 50px\"><\/div><div class=\"mf_empty_space_md\"  style=\"height: 50px\"><\/div><div class=\"mf_empty_space_xs\"  style=\"height: 50px\"><\/div><\/div>[vc_custom_heading text=\u00bbFormulario de contacto\u00bb font_container=\u00bbtag:h2|font_size:25|text_align:center\u00bb use_theme_fonts=\u00bbyes\u00bb css=\u00bb.vc_custom_1574268457821{margin-top: 0px !important;margin-bottom: 0px !important;}\u00bb el_class=\u00bbmf-semi-bold\u00bb]<div class=\"martfury-empty-space \"><div class=\"mf_empty_space_lg\"  style=\"height: 30px\"><\/div><div class=\"mf_empty_space_md\"  style=\"height: 30px\"><\/div><div class=\"mf_empty_space_xs\"  style=\"height: 30px\"><\/div><\/div>[vc_column_text]Muchas gracias por el inter\u00e9s demostrado por\u00a0<a href=\"https:\/\/www.audioibiza.com\"><b>AUDIOIBIZA.COM<\/b><\/a>. Desde aqu\u00ed podr\u00e1 contactar con nosotros. Es tan sencillo como rellenar el formulario con la informaci\u00f3n solicitada y pulsar en el bot\u00f3n ENVIAR.[\/vc_column_text]<div class=\"martfury-empty-space \"><div class=\"mf_empty_space_lg\"  style=\"height: 40px\"><\/div><div class=\"mf_empty_space_md\"  style=\"height: 40px\"><\/div><div class=\"mf_empty_space_xs\"  style=\"height: 40px\"><\/div><\/div>\n<div class=\"wpcf7 no-js\" id=\"wpcf7-f5666-o1\" lang=\"en-US\" dir=\"ltr\" data-wpcf7-id=\"5666\">\n<div class=\"screen-reader-response\"><p role=\"status\" aria-live=\"polite\" aria-atomic=\"true\"><\/p> <ul><\/ul><\/div>\n<form action=\"\/index.php\/wp-json\/wp\/v2\/pages\/5555#wpcf7-f5666-o1\" method=\"post\" class=\"wpcf7-form init\" aria-label=\"Contact form\" novalidate=\"novalidate\" data-status=\"init\">\n<fieldset class=\"hidden-fields-container\"><input type=\"hidden\" name=\"_wpcf7\" value=\"5666\" \/><input type=\"hidden\" name=\"_wpcf7_version\" value=\"6.1.5\" \/><input type=\"hidden\" name=\"_wpcf7_locale\" value=\"en_US\" \/><input type=\"hidden\" name=\"_wpcf7_unit_tag\" value=\"wpcf7-f5666-o1\" \/><input type=\"hidden\" name=\"_wpcf7_container_post\" value=\"0\" \/><input type=\"hidden\" name=\"_wpcf7_posted_data_hash\" value=\"\" \/>\n<\/fieldset>\n<div class=\"row\">\n\t<div class=\"col-md-6 col-md-6 col-md-12\">\n\t\t<p><span class=\"wpcf7-form-control-wrap\" data-name=\"your-name\"><input size=\"40\" maxlength=\"400\" class=\"wpcf7-form-control wpcf7-text wpcf7-validates-as-required\" aria-required=\"true\" aria-invalid=\"false\" placeholder=\"Nombre*\" value=\"\" type=\"text\" name=\"your-name\" \/><\/span>\n\t\t<\/p>\n\t<\/div>\n\t<div class=\"col-md-6 col-md-6 col-md-12\">\n\t\t<p><span class=\"wpcf7-form-control-wrap\" data-name=\"your-email\"><input size=\"40\" maxlength=\"400\" class=\"wpcf7-form-control wpcf7-email wpcf7-validates-as-required wpcf7-text wpcf7-validates-as-email\" aria-required=\"true\" aria-invalid=\"false\" placeholder=\"Email*\" value=\"\" type=\"email\" name=\"your-email\" \/><\/span>\n\t\t<\/p>\n\t<\/div>\n\t<div class=\"col-md-12 col-md-12 col-md-12\">\n\t\t<p><span class=\"wpcf7-form-control-wrap\" data-name=\"subject\"><input size=\"40\" maxlength=\"400\" class=\"wpcf7-form-control wpcf7-text\" aria-invalid=\"false\" placeholder=\"Asunto (Opcional)\" value=\"\" type=\"text\" name=\"subject\" \/><\/span>\n\t\t<\/p>\n\t<\/div>\n\t<div class=\"col-md-12 col-md-12 col-md-12\">\n\t\t<p><span class=\"wpcf7-form-control-wrap\" data-name=\"message\"><textarea cols=\"40\" rows=\"10\" maxlength=\"2000\" class=\"wpcf7-form-control wpcf7-textarea wpcf7-validates-as-required\" aria-required=\"true\" aria-invalid=\"false\" placeholder=\"Mensaje*\" name=\"message\"><\/textarea><\/span>\n\t\t<\/p>\n\t<\/div>\n\t<div class=\"col-md-12 col-md-12 col-md-12 text-center\">\n\t\t<p><span class=\"wpcf7-form-control-wrap\" data-name=\"acceptance-575\"><span class=\"wpcf7-form-control wpcf7-acceptance\"><span class=\"wpcf7-list-item\"><label><input type=\"checkbox\" name=\"acceptance-575\" value=\"1\" aria-invalid=\"false\" \/><span class=\"wpcf7-list-item-label\">Acepto el tratamiento de mis datos para el env\u00edo de comunicaciones de productos o servicios. He leido y acepto la <a href=\"https:\/\/www.audioibiza.com\/index.php\/politica-privacidad\/\" target=\"_blank\">pol\u00edtica de privacidad<\/a> de AudioIbiza.com \nPROTECCI\u00d3N DE DATOS:\nDe conformidad con las normativas de protecci\u00f3n de datos, le facilitamos la siguiente informaci\u00f3n del tratamiento:\nResponsable: AUDIO CB. \nFines del tratamiento: mantener una relaci\u00f3n comercial y enviar comunicaciones de productos o servicios\nDerechos que le asisten: acceso, rectificaci\u00f3n, portabilidad, supresi\u00f3n, limitaci\u00f3n y oposici\u00f3n.<\/span><\/label><\/span><\/span><\/span>\n\t\t<\/p>\n\t<\/div>\n\t<div class=\"col-md-12 col-md-12 col-md-12 text-center\">\n\t\t<p><input class=\"wpcf7-form-control wpcf7-submit has-spinner\" type=\"submit\" value=\"Enviar\" \/>\n\t\t<\/p>\n\t<\/div>\n<\/div><div class=\"wpcf7-response-output\" aria-hidden=\"true\"><\/div>\n<\/form>\n<\/div>\n<div class=\"martfury-empty-space \"><div class=\"mf_empty_space_lg\"  style=\"height: 50px\"><\/div><div class=\"mf_empty_space_md\"  style=\"height: 50px\"><\/div><div class=\"mf_empty_space_xs\"  style=\"height: 50px\"><\/div><\/div>[\/vc_column][\/vc_row]<\/p>\n<\/div>","protected":false},"excerpt":{"rendered":"<p>[vc_row full_width=\u00bbstretch_row_content_no_spaces\u00bb][vc_column][vc_gmaps link=\u00bb#E-8_JTNDaWZyYW1lJTIwc3JjJTNEJTIyaHR0cHMlM0ElMkYlMkZ3d3cuZ29vZ2xlLmNvbSUyRm1hcHMlMkZlbWJlZCUzRnBiJTNEJTIxMW0xNCUyMTFtOCUyMTFtMyUyMTFkMTI0MTIuOTQ4NDc5NTgwODg0JTIxMmQxLjQxMzM0MSUyMTNkMzguOTQxNDExJTIxM20yJTIxMWkxMDI0JTIxMmk3NjglMjE0ZjEzLjElMjEzbTMlMjExbTIlMjExczB4MCUyNTNBMHg1M2IzYmU2ZjBiNWU3M2NkJTIxMnNBdWRpbyUyQiUyNTI2JTJCU2VyeXRlbCUyQiUyOEF1ZGlvSWJpemEuY29tJTI5JTIxNWUwJTIxM20yJTIxMXNlcyUyMTJzZXMlMjE0djE1NTQ0MzczMjQ0NDYlMjE1bTIlMjExc2VzJTIxMnNlcyUyMiUyMHdpZHRoJTNEJTIyNjAwJTIyJTIwaGVpZ2h0JTNEJTIyNDUwJTIyJTIwZnJhbWVib3JkZXIlM0QlMjIwJTIyJTIwc3R5bGUlM0QlMjJib3JkZXIlM0EwJTIyJTIwYWxsb3dmdWxsc2NyZWVuJTNFJTNDJTJGaWZyYW1lJTNF\u00bb][\/vc_column][\/vc_row][vc_row][vc_column][vc_custom_heading text=\u00bbPuede contactar con nosotros para cualquier cuesti\u00f3n\u00bb font_container=\u00bbtag:h2|font_size:25|text_align:center\u00bb use_theme_fonts=\u00bbyes\u00bb css=\u00bb.vc_custom_1574268081942{margin-top: 0px !important;margin-bottom: 0px !important;}\u00bb el_class=\u00bbmf-semi-bold\u00bb][vc_row_inner][vc_column_inner width=\u00bb1\/4&#8243;][vc_custom_heading text=\u00bbNuestros datos identificativos\u00bb font_container=\u00bbtag:h3|font_size:20|text_align:center\u00bb use_theme_fonts=\u00bbyes\u00bb css=\u00bb.vc_custom_1554437728235{margin-top: 0px !important;margin-bottom: 0px !important;}\u00bb el_class=\u00bbmf-semi-bold\u00bb][\/vc_column_inner][vc_column_inner width=\u00bb3\/4&#8243;][vc_column_text el_class=\u00bbtext-center\u00bb] Audio, CB. N.I.F. E-07448004 Puede contactar con AudioIbiza a trav\u00e9s del formulario de contacto o en la siguiente direcci\u00f3n: Avda. Llauradors, S\/N. Pol\u00edgono&hellip;<\/p>\n","protected":false},"author":1,"featured_media":0,"parent":0,"menu_order":0,"comment_status":"closed","ping_status":"closed","template":"template-full-width.php","meta":{"footnotes":""},"class_list":["post-5555","page","type-page","status-publish","hentry"],"_links":{"self":[{"href":"https:\/\/www.audioibiza.com\/index.php\/wp-json\/wp\/v2\/pages\/5555","targetHints":{"allow":["GET"]}}],"collection":[{"href":"https:\/\/www.audioibiza.com\/index.php\/wp-json\/wp\/v2\/pages"}],"about":[{"href":"https:\/\/www.audioibiza.com\/index.php\/wp-json\/wp\/v2\/types\/page"}],"author":[{"embeddable":true,"href":"https:\/\/www.audioibiza.com\/index.php\/wp-json\/wp\/v2\/users\/1"}],"replies":[{"embeddable":true,"href":"https:\/\/www.audioibiza.com\/index.php\/wp-json\/wp\/v2\/comments?post=5555"}],"version-history":[{"count":0,"href":"https:\/\/www.audioibiza.com\/index.php\/wp-json\/wp\/v2\/pages\/5555\/revisions"}],"wp:attachment":[{"href":"https:\/\/www.audioibiza.com\/index.php\/wp-json\/wp\/v2\/media?parent=5555"}],"curies":[{"name":"wp","href":"https:\/\/api.w.org\/{rel}","templated":true}]}}